{"id":1786,"date":"2020-01-23T12:56:04","date_gmt":"2020-01-23T12:56:04","guid":{"rendered":"https:\/\/www.kmr.es\/contacta\/"},"modified":"2026-04-14T10:41:36","modified_gmt":"2026-04-14T08:41:36","slug":"contacta","status":"publish","type":"page","link":"https:\/\/www.kmr.es\/ca\/contacta\/","title":{"rendered":"Contacte"},"content":{"rendered":"\t\t<div data-elementor-type=\"wp-post\" data-elementor-id=\"1786\" class=\"elementor elementor-1786 elementor-205\" data-elementor-post-type=\"page\">\n\t\t\t\t\t\t<section class=\"elementor-section elementor-top-section elementor-element elementor-element-a4fb2d5 elementor-section-content-top elementor-section-boxed elementor-section-height-default elementor-section-height-default\" data-id=\"a4fb2d5\" data-element_type=\"section\" data-e-type=\"section\" data-settings=\"{&quot;background_background&quot;:&quot;classic&quot;}\">\n\t\t\t\t\t\t\t<div class=\"elementor-background-overlay\"><\/div>\n\t\t\t\t\t\t\t<div class=\"elementor-container elementor-column-gap-no\">\n\t\t\t\t\t<div class=\"elementor-column elementor-col-50 elementor-top-column elementor-element elementor-element-31c41f93\" data-id=\"31c41f93\" data-element_type=\"column\" data-e-type=\"column\">\n\t\t\t<div class=\"elementor-widget-wrap elementor-element-populated\">\n\t\t\t\t\t\t<div class=\"elementor-element elementor-element-5c09c433 elementor-widget elementor-widget-heading\" data-id=\"5c09c433\" data-element_type=\"widget\" data-e-type=\"widget\" data-widget_type=\"heading.default\">\n\t\t\t\t<div class=\"elementor-widget-container\">\n\t\t\t\t\t<h1 class=\"elementor-heading-title elementor-size-default\">Contacte<\/h1>\t\t\t\t<\/div>\n\t\t\t\t<\/div>\n\t\t\t\t<div class=\"elementor-element elementor-element-45ef3b11 elementor-widget elementor-widget-text-editor\" data-id=\"45ef3b11\" data-element_type=\"widget\" data-e-type=\"widget\" data-widget_type=\"text-editor.default\">\n\t\t\t\t<div class=\"elementor-widget-container\">\n\t\t\t\t\t\t\t\t\t<p>Omple aquest formulari per preguntar o reservar qualsevol ruta sense comprom\u00eds.<\/p>\n<p>Tamb\u00e9 pots trucar-nos o contactar amb nosaltres a trav\u00e9s de les xarxes socials en cas que necessitis m\u00e9s infomaci\u00f3.<\/p>\n<p>Si truques i no agafem el tel\u00e8fon, vol dir que estem realitzant alguna activitat i no tenim cobertura&#8230; Torna-ho a intentar m\u00e9s tard!&nbsp;<\/p><p>Ho pots intentar de nou a partir de les 7 de la tarda, que ja no serem a l&#8217;aigua!<\/p>\t\t\t\t\t\t\t\t<\/div>\n\t\t\t\t<\/div>\n\t\t\t\t<div class=\"elementor-element elementor-element-968de50 elementor-widget elementor-widget-button\" data-id=\"968de50\" data-element_type=\"widget\" data-e-type=\"widget\" data-widget_type=\"button.default\">\n\t\t\t\t<div class=\"elementor-widget-container\">\n\t\t\t\t\t\t\t\t\t<div class=\"elementor-button-wrapper\">\n\t\t\t\t\t<a class=\"elementor-button elementor-button-link elementor-size-lg elementor-animation-hang\" href=\"tel:+34654932274\">\n\t\t\t\t\t\t<span class=\"elementor-button-content-wrapper\">\n\t\t\t\t\t\t<span class=\"elementor-button-icon\">\n\t\t\t\t<i aria-hidden=\"true\" class=\"fas fa-phone\"><\/i>\t\t\t<\/span>\n\t\t\t\t\t\t\t\t\t<span class=\"elementor-button-text\">+34 654 932 274<\/span>\n\t\t\t\t\t<\/span>\n\t\t\t\t\t<\/a>\n\t\t\t\t<\/div>\n\t\t\t\t\t\t\t\t<\/div>\n\t\t\t\t<\/div>\n\t\t\t\t<div class=\"elementor-element elementor-element-e89143b elementor-shape-circle e-grid-align-left elementor-grid-0 elementor-widget elementor-widget-social-icons\" data-id=\"e89143b\" data-element_type=\"widget\" data-e-type=\"widget\" data-widget_type=\"social-icons.default\">\n\t\t\t\t<div class=\"elementor-widget-container\">\n\t\t\t\t\t\t\t<div class=\"elementor-social-icons-wrapper elementor-grid\" role=\"list\">\n\t\t\t\t\t\t\t<span class=\"elementor-grid-item\" role=\"listitem\">\n\t\t\t\t\t<a class=\"elementor-icon elementor-social-icon elementor-social-icon-whatsapp elementor-repeater-item-5c0dcec\" href=\"https:\/\/wa.me\/34654932274\" target=\"_blank\">\n\t\t\t\t\t\t<span class=\"elementor-screen-only\">Whatsapp<\/span>\n\t\t\t\t\t\t<i aria-hidden=\"true\" class=\"fab fa-whatsapp\"><\/i>\t\t\t\t\t<\/a>\n\t\t\t\t<\/span>\n\t\t\t\t\t\t\t<span class=\"elementor-grid-item\" role=\"listitem\">\n\t\t\t\t\t<a class=\"elementor-icon elementor-social-icon elementor-social-icon-facebook-f elementor-repeater-item-73380e6\" href=\"https:\/\/www.facebook.com\/kayakingmontrebei.sl\" target=\"_blank\">\n\t\t\t\t\t\t<span class=\"elementor-screen-only\">Facebook-f<\/span>\n\t\t\t\t\t\t<i aria-hidden=\"true\" class=\"fab fa-facebook-f\"><\/i>\t\t\t\t\t<\/a>\n\t\t\t\t<\/span>\n\t\t\t\t\t\t\t<span class=\"elementor-grid-item\" role=\"listitem\">\n\t\t\t\t\t<a class=\"elementor-icon elementor-social-icon elementor-social-icon-instagram elementor-repeater-item-623c3ad\" href=\"https:\/\/www.instagram.com\/kayakingmontrebei\/?hl=es\" target=\"_blank\">\n\t\t\t\t\t\t<span class=\"elementor-screen-only\">Instagram<\/span>\n\t\t\t\t\t\t<i aria-hidden=\"true\" class=\"fab fa-instagram\"><\/i>\t\t\t\t\t<\/a>\n\t\t\t\t<\/span>\n\t\t\t\t\t\t\t<span class=\"elementor-grid-item\" role=\"listitem\">\n\t\t\t\t\t<a class=\"elementor-icon elementor-social-icon elementor-social-icon-tripadvisor elementor-repeater-item-35d00e9\" href=\"https:\/\/www.tripadvisor.es\/Attraction_Review-g4206682-d10256631-Reviews-Kayaking_Mont_Rebei-Puente_de_Montanana_Province_of_Huesca_Aragon.html\" target=\"_blank\">\n\t\t\t\t\t\t<span class=\"elementor-screen-only\">Tripadvisor<\/span>\n\t\t\t\t\t\t<i aria-hidden=\"true\" class=\"fab fa-tripadvisor\"><\/i>\t\t\t\t\t<\/a>\n\t\t\t\t<\/span>\n\t\t\t\t\t<\/div>\n\t\t\t\t\t\t<\/div>\n\t\t\t\t<\/div>\n\t\t\t\t\t<\/div>\n\t\t<\/div>\n\t\t\t\t<div class=\"elementor-column elementor-col-50 elementor-top-column elementor-element elementor-element-1c9b5cb0\" data-id=\"1c9b5cb0\" data-element_type=\"column\" data-e-type=\"column\">\n\t\t\t<div class=\"elementor-widget-wrap elementor-element-populated\">\n\t\t\t\t\t\t<div class=\"elementor-element elementor-element-7fbac0d uael-cf7-input-size-md uael-cf7-check-yes uael-cf7-btn-size-lg uael-cf7-style-box uael-cf7-button-left uael-cf7-highlight-style-default elementor-widget elementor-widget-uael-cf7-styler\" data-id=\"7fbac0d\" data-element_type=\"widget\" data-e-type=\"widget\" data-widget_type=\"uael-cf7-styler.default\">\n\t\t\t\t<div class=\"elementor-widget-container\">\n\t\t\t\t\t\t\t\t\t<div class = \"uael-cf7-container\">\n\t\t\t\t\t\t<div class = \"uael-cf7 uael-cf7-style elementor-clickable\">\n\t\t\t\t\t\t\n<div class=\"wpcf7 no-js\" id=\"wpcf7-f701-o1\" lang=\"ca\" dir=\"ltr\" data-wpcf7-id=\"701\">\n<div class=\"screen-reader-response\"><p role=\"status\" aria-live=\"polite\" aria-atomic=\"true\"><\/p> <ul><\/ul><\/div>\n<form action=\"\/ca\/wp-json\/wp\/v2\/pages\/1786#wpcf7-f701-o1\" method=\"post\" class=\"wpcf7-form init wpcf7-acceptance-as-validation\" aria-label=\"Formulari de contacte\" novalidate=\"novalidate\" data-status=\"init\">\n<fieldset class=\"hidden-fields-container\"><input type=\"hidden\" name=\"_wpcf7\" value=\"701\" \/><input type=\"hidden\" name=\"_wpcf7_version\" value=\"6.1.5\" \/><input type=\"hidden\" name=\"_wpcf7_locale\" value=\"ca\" \/><input type=\"hidden\" name=\"_wpcf7_unit_tag\" value=\"wpcf7-f701-o1\" \/><input type=\"hidden\" name=\"_wpcf7_container_post\" value=\"0\" \/><input type=\"hidden\" name=\"_wpcf7_posted_data_hash\" value=\"\" \/><input type=\"hidden\" name=\"_wpcf7_recaptcha_response\" value=\"\" \/>\n<\/fieldset>\n<div>\n\t<p><label>Nombre completo:<span class=\"required\"><\/span><\/label><br \/>\n<span class=\"wpcf7-form-control-wrap\" data-name=\"your-name\"><input size=\"40\" maxlength=\"400\" class=\"wpcf7-form-control wpcf7-text wpcf7-validates-as-required\" aria-required=\"true\" aria-invalid=\"false\" placeholder=\"Tu nombre y Apellido\" value=\"\" type=\"text\" name=\"your-name\" \/><\/span>\n\t<\/p>\n<\/div>\n<div class=\"two_columns_50_50 clearfix\">\n\t<div class=\"column1\">\n\t\t<div class=\"column_inner\">\n\t\t\t<p><label>Tel\u00e9fono:<span class=\"required\"><\/span><\/label><br \/>\n<span class=\"wpcf7-form-control-wrap\" data-name=\"your-tel\"><input size=\"40\" maxlength=\"400\" class=\"wpcf7-form-control wpcf7-tel wpcf7-validates-as-required wpcf7-text wpcf7-validates-as-tel\" id=\"tel\" aria-required=\"true\" aria-invalid=\"false\" placeholder=\"Tu n\u00famero\" value=\"\" type=\"tel\" name=\"your-tel\" \/><\/span>\n\t\t\t<\/p>\n\t\t<\/div>\n\t<\/div>\n\t<div class=\"column2\">\n\t\t<div class=\"column_inner\">\n\t\t\t<p><label>Email:<span class=\"required\"><\/span><\/label><br \/>\n<span class=\"wpcf7-form-control-wrap\" data-name=\"your-email\"><input size=\"40\" maxlength=\"400\" class=\"wpcf7-form-control wpcf7-email wpcf7-validates-as-required wpcf7-text wpcf7-validates-as-email\" aria-required=\"true\" aria-invalid=\"false\" placeholder=\"Tu correo electr\u00f3nico\" value=\"\" type=\"email\" name=\"your-email\" \/><\/span>\n\t\t\t<\/p>\n\t\t<\/div>\n\t<\/div>\n<\/div>\n<div>\n\t<p><label>Tu mensaje:<span class=\"required\"><\/span><\/label><span class=\"wpcf7-form-control-wrap\" data-name=\"your-message\"><textarea cols=\"40\" rows=\"10\" maxlength=\"2000\" class=\"wpcf7-form-control wpcf7-textarea wpcf7-validates-as-required\" aria-required=\"true\" aria-invalid=\"false\" placeholder=\"Estoy interesado en la ruta...\" name=\"your-message\"><\/textarea><\/span>\n\t<\/p>\n<\/div>\n<div class=\"condiciones\">\n\t<p><span class=\"wpcf7-form-control-wrap\" data-name=\"acceptance-708\"><span class=\"wpcf7-form-control wpcf7-acceptance\"><span class=\"wpcf7-list-item\"><label><input type=\"checkbox\" name=\"acceptance-708\" value=\"1\" aria-invalid=\"false\" \/><span class=\"wpcf7-list-item-label\">Acepto el <a href=\"https:\/\/www.kmr.es\/aviso-legal\/\">Av\u00eds Legal<\/a> y la <a href=\"https:\/\/www.kmr.es\/politica-de-privacidad\/\">Pol\u00edtica de Privacitat<\/a>.<span class=\"required\"><\/span><\/span><\/label><\/span><\/span><\/span>\n\t<\/p>\n\t<p class=\"p_ley\"><b>Responsable del fichero:<\/b> Kayaking Montrebei;<br \/>\n<b>Finalidad:<\/b> env\u00edo de informaci\u00f3n sobre productos y servicios propios al suscrito;<br \/>\n<b>Legitimaci\u00f3n:<\/b> Consentimiento;<br \/>\n<b>Destinatarios:<\/b> No se comunicar\u00e1n los datos a terceros;<br \/>\n<b>Derechos:<\/b> Acceder, rectificar y suprimir los datos, as\u00ed como otros derechos, como se explica en la informaci\u00f3n adicional. M\u00e1s informaci\u00f3n en nuestra <a href=\"https:\/\/www.kmr.es\/politica-de-privacidad\/\">Pol\u00edtica de Privacitat<\/a>.\n\t<\/p>\n<\/div>\n<div class=\"wpcf7-response-output\" aria-hidden=\"true\"><\/div>\n<p><input class=\"wpcf7-form-control wpcf7-submit has-spinner\" type=\"submit\" value=\"Enviar\" \/>\n<\/p>\n<\/form>\n<\/div>\n\t\t\t\t\t<\/div>\n\t\t\t\t<\/div>\n\t\t\t\t\t\t\t\t<\/div>\n\t\t\t\t<\/div>\n\t\t\t\t\t<\/div>\n\t\t<\/div>\n\t\t\t\t\t<\/div>\n\t\t<\/section>\n\t\t\t\t<section class=\"elementor-section elementor-top-section elementor-element elementor-element-edfd381 elementor-section-full_width elementor-section-height-default elementor-section-height-default\" data-id=\"edfd381\" data-element_type=\"section\" data-e-type=\"section\">\n\t\t\t\t\t\t<div class=\"elementor-container elementor-column-gap-no\">\n\t\t\t\t\t<div class=\"elementor-column elementor-col-100 elementor-top-column elementor-element elementor-element-bc4630b\" data-id=\"bc4630b\" data-element_type=\"column\" data-e-type=\"column\">\n\t\t\t<div class=\"elementor-widget-wrap elementor-element-populated\">\n\t\t\t\t\t\t<div class=\"elementor-element elementor-element-f690d69 elementor-widget elementor-widget-google_maps\" data-id=\"f690d69\" data-element_type=\"widget\" data-e-type=\"widget\" data-widget_type=\"google_maps.default\">\n\t\t\t\t<div class=\"elementor-widget-container\">\n\t\t\t\t\t\t\t<div class=\"elementor-custom-embed\">\n\t\t\t<iframe loading=\"lazy\"\n\t\t\t\t\tsrc=\"https:\/\/maps.google.com\/maps?q=Kayak%20montrebei&#038;t=m&#038;z=16&#038;output=embed&#038;iwloc=near\"\n\t\t\t\t\ttitle=\"Kayak montrebei\"\n\t\t\t\t\taria-label=\"Kayak montrebei\"\n\t\t\t><\/iframe>\n\t\t<\/div>\n\t\t\t\t\t\t<\/div>\n\t\t\t\t<\/div>\n\t\t\t\t\t<\/div>\n\t\t<\/div>\n\t\t\t\t\t<\/div>\n\t\t<\/section>\n\t\t\t\t<\/div>\n\t\t","protected":false},"excerpt":{"rendered":"<p>Contacte Omple aquest formulari per preguntar o reservar qualsevol ruta sense comprom\u00eds. Tamb\u00e9 pots trucar-nos o contactar amb nosaltres a trav\u00e9s de les xarxes socials en cas que necessitis m\u00e9s infomaci\u00f3. Si truques i no agafem el tel\u00e8fon, vol dir que estem realitzant alguna activitat i no tenim cobertura&#8230; Torna-ho a intentar m\u00e9s tard!&nbsp; Ho [&hellip;]<\/p>\n","protected":false},"author":1,"featured_media":0,"parent":0,"menu_order":0,"comment_status":"closed","ping_status":"closed","template":"","meta":{"_acf_changed":false,"site-sidebar-layout":"no-sidebar","site-content-layout":"page-builder","ast-site-content-layout":"default","site-content-style":"default","site-sidebar-style":"default","ast-global-header-display":"","ast-banner-title-visibility":"","ast-main-header-display":"","ast-hfb-above-header-display":"","ast-hfb-below-header-display":"","ast-hfb-mobile-header-display":"","site-post-title":"disabled","ast-breadcrumbs-content":"","ast-featured-img":"disabled","footer-sml-layout":"","ast-disable-related-posts":"","theme-transparent-header-meta":"enabled","adv-header-id-meta":"","stick-header-meta":"","header-above-stick-meta":"","header-main-stick-meta":"","header-below-stick-meta":"","astra-migrate-meta-layouts":"default","ast-page-background-enabled":"default","ast-page-background-meta":{"desktop":{"background-color":"var(--ast-global-color-4)","background-image":"","background-repeat":"repeat","background-position":"center center","background-size":"auto","background-attachment":"scroll","background-type":"","background-media":"","overlay-type":"","overlay-color":"","overlay-opacity":"","overlay-gradient":""},"tablet":{"background-color":"","background-image":"","background-repeat":"repeat","background-position":"center center","background-size":"auto","background-attachment":"scroll","background-type":"","background-media":"","overlay-type":"","overlay-color":"","overlay-opacity":"","overlay-gradient":""},"mobile":{"background-color":"","background-image":"","background-repeat":"repeat","background-position":"center center","background-size":"auto","background-attachment":"scroll","background-type":"","background-media":"","overlay-type":"","overlay-color":"","overlay-opacity":"","overlay-gradient":""}},"ast-content-background-meta":{"desktop":{"background-color":"var(--ast-global-color-5)","background-image":"","background-repeat":"repeat","background-position":"center center","background-size":"auto","background-attachment":"scroll","background-type":"","background-media":"","overlay-type":"","overlay-color":"","overlay-opacity":"","overlay-gradient":""},"tablet":{"background-color":"var(--ast-global-color-5)","background-image":"","background-repeat":"repeat","background-position":"center center","background-size":"auto","background-attachment":"scroll","background-type":"","background-media":"","overlay-type":"","overlay-color":"","overlay-opacity":"","overlay-gradient":""},"mobile":{"background-color":"var(--ast-global-color-5)","background-image":"","background-repeat":"repeat","background-position":"center center","background-size":"auto","background-attachment":"scroll","background-type":"","background-media":"","overlay-type":"","overlay-color":"","overlay-opacity":"","overlay-gradient":""}},"footnotes":""},"class_list":["post-1786","page","type-page","status-publish","hentry"],"acf":[],"yoast_head":"<!-- This site is optimized with the Yoast SEO plugin v27.2 - https:\/\/yoast.com\/product\/yoast-seo-wordpress\/ -->\n<title>Contacte - Kayaking Montrebei<\/title>\n<meta name=\"description\" content=\"Omple aquest formulari per preguntar o reservar qualsevol ruta sense comprom\u00eds. Tamb\u00e9 pots trucar-nos o contactar amb nosaltres a trav\u00e9s de les xarxes socials en cas que necessitis m\u00e9s infomaci\u00f3. Si truques i no agafem el tel\u00e8fon, vol dir que estem realitzant alguna activitat i no tenim cobertura... Torna-ho a intentar m\u00e9s tard! Ho pots intentar de nou a partir de les 7 de la tarda, que ja no serem a l&#039;aigua!\" \/>\n<meta name=\"robots\" content=\"index, follow, max-snippet:-1, max-image-preview:large, max-video-preview:-1\" \/>\n<link rel=\"canonical\" href=\"https:\/\/www.kmr.es\/ca\/contacta\/\" \/>\n<meta property=\"og:locale\" content=\"ca_ES\" \/>\n<meta property=\"og:type\" content=\"article\" \/>\n<meta property=\"og:title\" content=\"Contacte - Kayaking Montrebei\" \/>\n<meta property=\"og:description\" content=\"Omple aquest formulari per preguntar o reservar qualsevol ruta sense comprom\u00eds. Tamb\u00e9 pots trucar-nos o contactar amb nosaltres a trav\u00e9s de les xarxes socials en cas que necessitis m\u00e9s infomaci\u00f3. Si truques i no agafem el tel\u00e8fon, vol dir que estem realitzant alguna activitat i no tenim cobertura... Torna-ho a intentar m\u00e9s tard! Ho pots intentar de nou a partir de les 7 de la tarda, que ja no serem a l&#039;aigua!\" \/>\n<meta property=\"og:url\" content=\"https:\/\/www.kmr.es\/ca\/contacta\/\" \/>\n<meta property=\"og:site_name\" content=\"Kayaking Montrebei\" \/>\n<meta property=\"article:publisher\" content=\"https:\/\/www.facebook.com\/kayakingmontrebei\/\" \/>\n<meta property=\"article:modified_time\" content=\"2026-04-14T08:41:36+00:00\" \/>\n<meta name=\"twitter:card\" content=\"summary_large_image\" \/>\n<meta name=\"twitter:label1\" content=\"Temps estimat de lectura\" \/>\n\t<meta name=\"twitter:data1\" content=\"1 minut\" \/>\n<script type=\"application\/ld+json\" class=\"yoast-schema-graph\">{\"@context\":\"https:\/\/schema.org\",\"@graph\":[{\"@type\":\"WebPage\",\"@id\":\"https:\/\/www.kmr.es\/ca\/contacta\/\",\"url\":\"https:\/\/www.kmr.es\/ca\/contacta\/\",\"name\":\"Contacte - Kayaking Montrebei\",\"isPartOf\":{\"@id\":\"https:\/\/www.kmr.es\/ca\/#website\"},\"datePublished\":\"2020-01-23T12:56:04+00:00\",\"dateModified\":\"2026-04-14T08:41:36+00:00\",\"description\":\"Omple aquest formulari per preguntar o reservar qualsevol ruta sense comprom\u00eds. Tamb\u00e9 pots trucar-nos o contactar amb nosaltres a trav\u00e9s de les xarxes socials en cas que necessitis m\u00e9s infomaci\u00f3. Si truques i no agafem el tel\u00e8fon, vol dir que estem realitzant alguna activitat i no tenim cobertura... Torna-ho a intentar m\u00e9s tard! Ho pots intentar de nou a partir de les 7 de la tarda, que ja no serem a l'aigua!\",\"breadcrumb\":{\"@id\":\"https:\/\/www.kmr.es\/ca\/contacta\/#breadcrumb\"},\"inLanguage\":\"ca\",\"potentialAction\":[{\"@type\":\"ReadAction\",\"target\":[\"https:\/\/www.kmr.es\/ca\/contacta\/\"]}]},{\"@type\":\"BreadcrumbList\",\"@id\":\"https:\/\/www.kmr.es\/ca\/contacta\/#breadcrumb\",\"itemListElement\":[{\"@type\":\"ListItem\",\"position\":1,\"name\":\"Home\",\"item\":\"https:\/\/www.kmr.es\/ca\/\"},{\"@type\":\"ListItem\",\"position\":2,\"name\":\"Contacte\"}]},{\"@type\":\"WebSite\",\"@id\":\"https:\/\/www.kmr.es\/ca\/#website\",\"url\":\"https:\/\/www.kmr.es\/ca\/\",\"name\":\"Kayaking Montrebei\",\"description\":\"Kayaks en el congosto de Mont Rebei\",\"publisher\":{\"@id\":\"https:\/\/www.kmr.es\/ca\/#organization\"},\"potentialAction\":[{\"@type\":\"SearchAction\",\"target\":{\"@type\":\"EntryPoint\",\"urlTemplate\":\"https:\/\/www.kmr.es\/ca\/?s={search_term_string}\"},\"query-input\":{\"@type\":\"PropertyValueSpecification\",\"valueRequired\":true,\"valueName\":\"search_term_string\"}}],\"inLanguage\":\"ca\"},{\"@type\":\"Organization\",\"@id\":\"https:\/\/www.kmr.es\/ca\/#organization\",\"name\":\"Kayaking Mont Rebei\",\"url\":\"https:\/\/www.kmr.es\/ca\/\",\"logo\":{\"@type\":\"ImageObject\",\"inLanguage\":\"ca\",\"@id\":\"https:\/\/www.kmr.es\/ca\/#\/schema\/logo\/image\/\",\"url\":\"https:\/\/www.kmr.es\/wp-content\/uploads\/2019\/12\/logo_kmr_pos@2x.png\",\"contentUrl\":\"https:\/\/www.kmr.es\/wp-content\/uploads\/2019\/12\/logo_kmr_pos@2x.png\",\"width\":375,\"height\":79,\"caption\":\"Kayaking Mont Rebei\"},\"image\":{\"@id\":\"https:\/\/www.kmr.es\/ca\/#\/schema\/logo\/image\/\"},\"sameAs\":[\"https:\/\/www.facebook.com\/kayakingmontrebei\/\",\"https:\/\/www.instagram.com\/kayakingmontrebei\/?hl=es\"]}]}<\/script>\n<!-- \/ Yoast SEO plugin. -->","yoast_head_json":{"title":"Contacte - Kayaking Montrebei","description":"Omple aquest formulari per preguntar o reservar qualsevol ruta sense comprom\u00eds. Tamb\u00e9 pots trucar-nos o contactar amb nosaltres a trav\u00e9s de les xarxes socials en cas que necessitis m\u00e9s infomaci\u00f3. Si truques i no agafem el tel\u00e8fon, vol dir que estem realitzant alguna activitat i no tenim cobertura... Torna-ho a intentar m\u00e9s tard! Ho pots intentar de nou a partir de les 7 de la tarda, que ja no serem a l'aigua!","robots":{"index":"index","follow":"follow","max-snippet":"max-snippet:-1","max-image-preview":"max-image-preview:large","max-video-preview":"max-video-preview:-1"},"canonical":"https:\/\/www.kmr.es\/ca\/contacta\/","og_locale":"ca_ES","og_type":"article","og_title":"Contacte - Kayaking Montrebei","og_description":"Omple aquest formulari per preguntar o reservar qualsevol ruta sense comprom\u00eds. Tamb\u00e9 pots trucar-nos o contactar amb nosaltres a trav\u00e9s de les xarxes socials en cas que necessitis m\u00e9s infomaci\u00f3. Si truques i no agafem el tel\u00e8fon, vol dir que estem realitzant alguna activitat i no tenim cobertura... Torna-ho a intentar m\u00e9s tard! Ho pots intentar de nou a partir de les 7 de la tarda, que ja no serem a l'aigua!","og_url":"https:\/\/www.kmr.es\/ca\/contacta\/","og_site_name":"Kayaking Montrebei","article_publisher":"https:\/\/www.facebook.com\/kayakingmontrebei\/","article_modified_time":"2026-04-14T08:41:36+00:00","twitter_card":"summary_large_image","twitter_misc":{"Temps estimat de lectura":"1 minut"},"schema":{"@context":"https:\/\/schema.org","@graph":[{"@type":"WebPage","@id":"https:\/\/www.kmr.es\/ca\/contacta\/","url":"https:\/\/www.kmr.es\/ca\/contacta\/","name":"Contacte - Kayaking Montrebei","isPartOf":{"@id":"https:\/\/www.kmr.es\/ca\/#website"},"datePublished":"2020-01-23T12:56:04+00:00","dateModified":"2026-04-14T08:41:36+00:00","description":"Omple aquest formulari per preguntar o reservar qualsevol ruta sense comprom\u00eds. Tamb\u00e9 pots trucar-nos o contactar amb nosaltres a trav\u00e9s de les xarxes socials en cas que necessitis m\u00e9s infomaci\u00f3. Si truques i no agafem el tel\u00e8fon, vol dir que estem realitzant alguna activitat i no tenim cobertura... Torna-ho a intentar m\u00e9s tard! Ho pots intentar de nou a partir de les 7 de la tarda, que ja no serem a l'aigua!","breadcrumb":{"@id":"https:\/\/www.kmr.es\/ca\/contacta\/#breadcrumb"},"inLanguage":"ca","potentialAction":[{"@type":"ReadAction","target":["https:\/\/www.kmr.es\/ca\/contacta\/"]}]},{"@type":"BreadcrumbList","@id":"https:\/\/www.kmr.es\/ca\/contacta\/#breadcrumb","itemListElement":[{"@type":"ListItem","position":1,"name":"Home","item":"https:\/\/www.kmr.es\/ca\/"},{"@type":"ListItem","position":2,"name":"Contacte"}]},{"@type":"WebSite","@id":"https:\/\/www.kmr.es\/ca\/#website","url":"https:\/\/www.kmr.es\/ca\/","name":"Kayaking Montrebei","description":"Kayaks en el congosto de Mont Rebei","publisher":{"@id":"https:\/\/www.kmr.es\/ca\/#organization"},"potentialAction":[{"@type":"SearchAction","target":{"@type":"EntryPoint","urlTemplate":"https:\/\/www.kmr.es\/ca\/?s={search_term_string}"},"query-input":{"@type":"PropertyValueSpecification","valueRequired":true,"valueName":"search_term_string"}}],"inLanguage":"ca"},{"@type":"Organization","@id":"https:\/\/www.kmr.es\/ca\/#organization","name":"Kayaking Mont Rebei","url":"https:\/\/www.kmr.es\/ca\/","logo":{"@type":"ImageObject","inLanguage":"ca","@id":"https:\/\/www.kmr.es\/ca\/#\/schema\/logo\/image\/","url":"https:\/\/www.kmr.es\/wp-content\/uploads\/2019\/12\/logo_kmr_pos@2x.png","contentUrl":"https:\/\/www.kmr.es\/wp-content\/uploads\/2019\/12\/logo_kmr_pos@2x.png","width":375,"height":79,"caption":"Kayaking Mont Rebei"},"image":{"@id":"https:\/\/www.kmr.es\/ca\/#\/schema\/logo\/image\/"},"sameAs":["https:\/\/www.facebook.com\/kayakingmontrebei\/","https:\/\/www.instagram.com\/kayakingmontrebei\/?hl=es"]}]}},"_links":{"self":[{"href":"https:\/\/www.kmr.es\/ca\/wp-json\/wp\/v2\/pages\/1786","targetHints":{"allow":["GET"]}}],"collection":[{"href":"https:\/\/www.kmr.es\/ca\/wp-json\/wp\/v2\/pages"}],"about":[{"href":"https:\/\/www.kmr.es\/ca\/wp-json\/wp\/v2\/types\/page"}],"author":[{"embeddable":true,"href":"https:\/\/www.kmr.es\/ca\/wp-json\/wp\/v2\/users\/1"}],"replies":[{"embeddable":true,"href":"https:\/\/www.kmr.es\/ca\/wp-json\/wp\/v2\/comments?post=1786"}],"version-history":[{"count":2,"href":"https:\/\/www.kmr.es\/ca\/wp-json\/wp\/v2\/pages\/1786\/revisions"}],"predecessor-version":[{"id":26540,"href":"https:\/\/www.kmr.es\/ca\/wp-json\/wp\/v2\/pages\/1786\/revisions\/26540"}],"wp:attachment":[{"href":"https:\/\/www.kmr.es\/ca\/wp-json\/wp\/v2\/media?parent=1786"}],"curies":[{"name":"wp","href":"https:\/\/api.w.org\/{rel}","templated":true}]}}