{"id":1803,"date":"2020-01-23T13:05:18","date_gmt":"2020-01-23T13:05:18","guid":{"rendered":"https:\/\/www.kmr.es\/blog\/"},"modified":"2020-11-16T01:38:51","modified_gmt":"2020-11-16T00:38:51","slug":"blog","status":"publish","type":"page","link":"https:\/\/www.kmr.es\/ca\/blog\/","title":{"rendered":"Blog"},"content":{"rendered":"\t\t<div data-elementor-type=\"wp-page\" data-elementor-id=\"1803\" class=\"elementor elementor-1803 elementor-787\" data-elementor-post-type=\"page\">\n\t\t\t\t\t\t<section class=\"elementor-section elementor-top-section elementor-element elementor-element-2d18c800 elementor-section-height-min-height elementor-section-boxed elementor-section-height-default elementor-section-items-middle\" data-id=\"2d18c800\" data-element_type=\"section\" data-e-type=\"section\" data-settings=\"{&quot;background_background&quot;:&quot;classic&quot;}\">\n\t\t\t\t\t\t\t<div class=\"elementor-background-overlay\"><\/div>\n\t\t\t\t\t\t\t<div class=\"elementor-container elementor-column-gap-default\">\n\t\t\t\t\t<div class=\"elementor-column elementor-col-100 elementor-top-column elementor-element elementor-element-27744e63\" data-id=\"27744e63\" data-element_type=\"column\" data-e-type=\"column\">\n\t\t\t<div class=\"elementor-widget-wrap elementor-element-populated\">\n\t\t\t\t\t\t<div class=\"elementor-element elementor-element-28881360 elementor-widget elementor-widget-heading\" data-id=\"28881360\" data-element_type=\"widget\" data-e-type=\"widget\" data-widget_type=\"heading.default\">\n\t\t\t\t<div class=\"elementor-widget-container\">\n\t\t\t\t\t<h3 class=\"elementor-heading-title elementor-size-default\">Estiguis informat de les \u00faltimes novetats<\/h3>\t\t\t\t<\/div>\n\t\t\t\t<\/div>\n\t\t\t\t\t<\/div>\n\t\t<\/div>\n\t\t\t\t\t<\/div>\n\t\t<\/section>\n\t\t\t\t<section class=\"elementor-section elementor-top-section elementor-element elementor-element-196d425 elementor-section-boxed elementor-section-height-default elementor-section-height-default\" data-id=\"196d425\" data-element_type=\"section\" data-e-type=\"section\">\n\t\t\t\t\t\t<div class=\"elementor-container elementor-column-gap-default\">\n\t\t\t\t\t<div class=\"elementor-column elementor-col-100 elementor-top-column elementor-element elementor-element-3e99609a\" data-id=\"3e99609a\" data-element_type=\"column\" data-e-type=\"column\">\n\t\t\t<div class=\"elementor-widget-wrap elementor-element-populated\">\n\t\t\t\t\t\t<div class=\"elementor-element elementor-element-26e17f1f uael-post__link-complete-yes elementor-widget elementor-widget-uael-posts\" data-id=\"26e17f1f\" data-element_type=\"widget\" data-e-type=\"widget\" data-settings=\"{&quot;card_slides_to_show&quot;:3,&quot;card_slides_to_show_tablet&quot;:2,&quot;card_slides_to_show_mobile&quot;:1,&quot;card_show_filters&quot;:&quot;no&quot;}\" data-widget_type=\"uael-posts.card\">\n\t\t\t\t<div class=\"elementor-widget-container\">\n\t\t\t\t\t\t\t<div class=\"uael-post__header\">\n\t\t\t\t\t<\/div>\n\t\t<div class=\"uael-post__body\">\n\t\t\t\n\t\t\n\t\t<div class=\"uael-post-grid uael-posts\" data-query-type=\"custom\" data-structure=\"masonry\" data-layout=\"masonry\" data-page=\"1803\" data-skin=\"card\" data-filter-default=\"\" data-offset-top=\"30\" >\n\n\t\t\t\t\t\t\t<div class=\"uael-post-grid__inner uael-post__columns-3 uael-post__columns-tablet-2 uael-post__columns-mobile-1 uael-post-masonry\">\n\t\t\t\n<div class=\"uael-post-wrapper   sense-categoria \">\n\t<div class=\"uael-post__bg-wrap\">\n\n\t\t\t\t\t<a href=\"https:\/\/www.kmr.es\/ca\/anem-a-finestres\/\" target=\"_self\" class=\"uael-post__complete-box-overlay\" aria-label=\"Link Complete Box\"><\/a>\n\t\t\t\t\n\t\t<div class=\"uael-post__inner-wrap \">\n\n\t\t\t\t<div class=\"uael-post__thumbnail\">\n\t\t\t\n\t\t\t<a href=\"https:\/\/www.kmr.es\/ca\/anem-a-finestres\/\" target=\"_self\" title=\"Anem a Finestres!\"><img fetchpriority=\"high\" decoding=\"async\" width=\"1400\" height=\"900\" src=\"https:\/\/www.kmr.es\/wp-content\/uploads\/2020\/01\/galeria-finestres-12.jpg\" class=\"attachment-full size-full wp-image-1385\" alt=\"galeria-finestres-kayak-mont-rebei\" srcset=\"https:\/\/www.kmr.es\/wp-content\/uploads\/2020\/01\/galeria-finestres-12.jpg 1400w, https:\/\/www.kmr.es\/wp-content\/uploads\/2020\/01\/galeria-finestres-12-800x514.jpg 800w, https:\/\/www.kmr.es\/wp-content\/uploads\/2020\/01\/galeria-finestres-12-300x193.jpg 300w, https:\/\/www.kmr.es\/wp-content\/uploads\/2020\/01\/galeria-finestres-12-1024x658.jpg 1024w, https:\/\/www.kmr.es\/wp-content\/uploads\/2020\/01\/galeria-finestres-12-768x494.jpg 768w\" sizes=\"(max-width: 1400px) 100vw, 1400px\" \/><\/a>\n\t\t\t\t\t<\/div>\n\t\t\n\t\t\t\n\t\t\t<div class=\"uael-post__content-wrap\">\n\n\t\t\t\t\t<h4 class=\"uael-post__title\">\n\n\t\t\n\t\t\t\t\t\t<a href=\"https:\/\/www.kmr.es\/ca\/anem-a-finestres\/\" target=\"_self\">\n\t\t\t\tAnem a Finestres!\t\t\t<\/a>\n\n\t\t\t\t<\/h4>\n\t\t\t\t\t<div class=\"uael-post__meta-data\">\n\t\t\t\t\t<span class=\"uael-post__date\">\n\t\t\t\t\t\t\t\t\t\t\t\t\t<i aria-hidden=\"true\" class=\"fa fa-calendar\"><\/i>\t\t\t\t\t\t\t\t\t\n\t\t\t4 de maig de 2021\t\t<\/span>\n\t\t\t\t<\/div>\n\t\t<div class=\"uael-post__separator\"><\/div>\n\t\t<div class=\"uael-post__excerpt\">\n\t\t\tAnem a Finestres! No ho tenim f\u00e0cil, ja s\u00f3n m\u00e9s de dos anys amb la presa de Canelles tancada al tr\u00e0fic, i per tant amb ...\t\t<\/div>\n\n\t\t\t\t\t<a class=\"uael-post__read-more elementor-button\" href=\"https:\/\/www.kmr.es\/ca\/anem-a-finestres\/\" target=\"_self\" aria-labelledby=\"uael-post-9527\">\n\t\t\t\t\t<span class=\"elementor-button-content-wrapper\">\n\t\t\t\t\t\t\t\t\t\t\t\t\t\t<span class=\"elementor-button-icon elementor-align-icon-left\">\n\n\t\t\t\t\t\t\t\t\t\n\t\t\t\t\t\t\t\t<\/span>\n\t\t\t\t\t\t\t\t\t\t\t\t\t\n\t\t\t\t\t\t<span class=\"elementor-button-text\" id=uael-post-9527>Llegir-ne m\u00e9s \u2192<\/span>\n\t\t\t\t\t<\/span>\n\t\t\t\t<\/a>\n\t\t\t\t\t\t<\/div>\n\t\t\t\n\t\t<\/div>\n\t\t\n\t<\/div>\n\n<\/div>\n\n<div class=\"uael-post-wrapper   sense-categoria \">\n\t<div class=\"uael-post__bg-wrap\">\n\n\t\t\t\t\t<a href=\"https:\/\/www.kmr.es\/ca\/arranquem-la-temporada-de-kayak-a-mont-rebei-2-0\/\" target=\"_self\" class=\"uael-post__complete-box-overlay\" aria-label=\"Link Complete Box\"><\/a>\n\t\t\t\t\n\t\t<div class=\"uael-post__inner-wrap \">\n\n\t\t\t\t<div class=\"uael-post__thumbnail\">\n\t\t\t\n\t\t\t<a href=\"https:\/\/www.kmr.es\/ca\/arranquem-la-temporada-de-kayak-a-mont-rebei-2-0\/\" target=\"_self\" title=\"Arranquem la temporada de Kayak a Mont Rebei 2.0.\"><img decoding=\"async\" width=\"1400\" height=\"900\" src=\"https:\/\/www.kmr.es\/wp-content\/uploads\/2020\/01\/galeria-montrebei.jpg\" class=\"attachment-full size-full wp-image-1231\" alt=\"galeria-montrebei-kayak-mont-rebei\" srcset=\"https:\/\/www.kmr.es\/wp-content\/uploads\/2020\/01\/galeria-montrebei.jpg 1400w, https:\/\/www.kmr.es\/wp-content\/uploads\/2020\/01\/galeria-montrebei-800x514.jpg 800w, https:\/\/www.kmr.es\/wp-content\/uploads\/2020\/01\/galeria-montrebei-300x193.jpg 300w, https:\/\/www.kmr.es\/wp-content\/uploads\/2020\/01\/galeria-montrebei-1024x658.jpg 1024w, https:\/\/www.kmr.es\/wp-content\/uploads\/2020\/01\/galeria-montrebei-768x494.jpg 768w\" sizes=\"(max-width: 1400px) 100vw, 1400px\" \/><\/a>\n\t\t\t\t\t<\/div>\n\t\t\n\t\t\t\n\t\t\t<div class=\"uael-post__content-wrap\">\n\n\t\t\t\t\t<h4 class=\"uael-post__title\">\n\n\t\t\n\t\t\t\t\t\t<a href=\"https:\/\/www.kmr.es\/ca\/arranquem-la-temporada-de-kayak-a-mont-rebei-2-0\/\" target=\"_self\">\n\t\t\t\tArranquem la temporada de Kayak a Mont Rebei 2.0.\t\t\t<\/a>\n\n\t\t\t\t<\/h4>\n\t\t\t\t\t<div class=\"uael-post__meta-data\">\n\t\t\t\t\t<span class=\"uael-post__date\">\n\t\t\t\t\t\t\t\t\t\t\t\t\t<i aria-hidden=\"true\" class=\"fa fa-calendar\"><\/i>\t\t\t\t\t\t\t\t\t\n\t\t\t16 de novembre de 2020\t\t<\/span>\n\t\t\t\t<\/div>\n\t\t<div class=\"uael-post__separator\"><\/div>\n\t\t<div class=\"uael-post__excerpt\">\n\t\t\tAmics, clients y p\u00fablic en general\u2026 Tornem a l&#8217;activitat! A partir del dissabte 20 de Juny, podeu tornar a contactar amb nosaltres, amb el nostre ...\t\t<\/div>\n\n\t\t\t\t\t<a class=\"uael-post__read-more elementor-button\" href=\"https:\/\/www.kmr.es\/ca\/arranquem-la-temporada-de-kayak-a-mont-rebei-2-0\/\" target=\"_self\" aria-labelledby=\"uael-post-6569\">\n\t\t\t\t\t<span class=\"elementor-button-content-wrapper\">\n\t\t\t\t\t\t\t\t\t\t\t\t\t\t<span class=\"elementor-button-icon elementor-align-icon-left\">\n\n\t\t\t\t\t\t\t\t\t\n\t\t\t\t\t\t\t\t<\/span>\n\t\t\t\t\t\t\t\t\t\t\t\t\t\n\t\t\t\t\t\t<span class=\"elementor-button-text\" id=uael-post-6569>Llegir-ne m\u00e9s \u2192<\/span>\n\t\t\t\t\t<\/span>\n\t\t\t\t<\/a>\n\t\t\t\t\t\t<\/div>\n\t\t\t\n\t\t<\/div>\n\t\t\n\t<\/div>\n\n<\/div>\n\n<div class=\"uael-post-wrapper   sense-categoria \">\n\t<div class=\"uael-post__bg-wrap\">\n\n\t\t\t\t\t<a href=\"https:\/\/www.kmr.es\/ca\/kayaking-mont-rebei-en-quarantena\/\" target=\"_self\" class=\"uael-post__complete-box-overlay\" aria-label=\"Link Complete Box\"><\/a>\n\t\t\t\t\n\t\t<div class=\"uael-post__inner-wrap \">\n\n\t\t\t\t<div class=\"uael-post__thumbnail\">\n\t\t\t\n\t\t\t<a href=\"https:\/\/www.kmr.es\/ca\/kayaking-mont-rebei-en-quarantena\/\" target=\"_self\" title=\"Kayaking Mont Rebei en quarantena\"><img decoding=\"async\" width=\"1024\" height=\"1024\" src=\"https:\/\/www.kmr.es\/wp-content\/uploads\/2020\/03\/mont-rebei-coronavirus2.jpg\" class=\"attachment-full size-full wp-image-2297\" alt=\"\" srcset=\"https:\/\/www.kmr.es\/wp-content\/uploads\/2020\/03\/mont-rebei-coronavirus2.jpg 1024w, https:\/\/www.kmr.es\/wp-content\/uploads\/2020\/03\/mont-rebei-coronavirus2-300x300.jpg 300w, https:\/\/www.kmr.es\/wp-content\/uploads\/2020\/03\/mont-rebei-coronavirus2-150x150.jpg 150w, https:\/\/www.kmr.es\/wp-content\/uploads\/2020\/03\/mont-rebei-coronavirus2-768x768.jpg 768w, https:\/\/www.kmr.es\/wp-content\/uploads\/2020\/03\/mont-rebei-coronavirus2-767x767.jpg 767w, https:\/\/www.kmr.es\/wp-content\/uploads\/2020\/03\/mont-rebei-coronavirus2-800x800.jpg 800w, https:\/\/www.kmr.es\/wp-content\/uploads\/2020\/03\/mont-rebei-coronavirus2-100x100.jpg 100w\" sizes=\"(max-width: 1024px) 100vw, 1024px\" \/><\/a>\n\t\t\t\t\t<\/div>\n\t\t\n\t\t\t\n\t\t\t<div class=\"uael-post__content-wrap\">\n\n\t\t\t\t\t<h4 class=\"uael-post__title\">\n\n\t\t\n\t\t\t\t\t\t<a href=\"https:\/\/www.kmr.es\/ca\/kayaking-mont-rebei-en-quarantena\/\" target=\"_self\">\n\t\t\t\tKayaking Mont Rebei en quarantena\t\t\t<\/a>\n\n\t\t\t\t<\/h4>\n\t\t\t\t\t<div class=\"uael-post__meta-data\">\n\t\t\t\t\t<span class=\"uael-post__date\">\n\t\t\t\t\t\t\t\t\t\t\t\t\t<i aria-hidden=\"true\" class=\"fa fa-calendar\"><\/i>\t\t\t\t\t\t\t\t\t\n\t\t\t27 de maig de 2020\t\t<\/span>\n\t\t\t\t<\/div>\n\t\t<div class=\"uael-post__separator\"><\/div>\n\t\t<div class=\"uael-post__excerpt\">\n\t\t\t\u00a1Kayaking Mont Rebei est\u00e0 en quarantena! Seguint les recomanacions de les autoritats sanit\u00e0ries, Kayaking Mont Rebei ha pres la decisi\u00f3 de no realitzar activitats de ...\t\t<\/div>\n\n\t\t\t\t\t<a class=\"uael-post__read-more elementor-button\" href=\"https:\/\/www.kmr.es\/ca\/kayaking-mont-rebei-en-quarantena\/\" target=\"_self\" aria-labelledby=\"uael-post-2400\">\n\t\t\t\t\t<span class=\"elementor-button-content-wrapper\">\n\t\t\t\t\t\t\t\t\t\t\t\t\t\t<span class=\"elementor-button-icon elementor-align-icon-left\">\n\n\t\t\t\t\t\t\t\t\t\n\t\t\t\t\t\t\t\t<\/span>\n\t\t\t\t\t\t\t\t\t\t\t\t\t\n\t\t\t\t\t\t<span class=\"elementor-button-text\" id=uael-post-2400>Llegir-ne m\u00e9s \u2192<\/span>\n\t\t\t\t\t<\/span>\n\t\t\t\t<\/a>\n\t\t\t\t\t\t<\/div>\n\t\t\t\n\t\t<\/div>\n\t\t\n\t<\/div>\n\n<\/div>\n\n<div class=\"uael-post-wrapper   sense-categoria \">\n\t<div class=\"uael-post__bg-wrap\">\n\n\t\t\t\t\t<a href=\"https:\/\/www.kmr.es\/ca\/arranquem-temporada-estrenant-web\/\" target=\"_self\" class=\"uael-post__complete-box-overlay\" aria-label=\"Link Complete Box\"><\/a>\n\t\t\t\t\n\t\t<div class=\"uael-post__inner-wrap \">\n\n\t\t\t\t<div class=\"uael-post__thumbnail\">\n\t\t\t\n\t\t\t<a href=\"https:\/\/www.kmr.es\/ca\/arranquem-temporada-estrenant-web\/\" target=\"_self\" title=\"\u00a1Arranquem temporada estrenant web!\"><img loading=\"lazy\" decoding=\"async\" width=\"1706\" height=\"807\" src=\"https:\/\/www.kmr.es\/wp-content\/uploads\/2020\/02\/pantallazo-p\u00e1gina-webII-1.png\" class=\"attachment-full size-full wp-image-2045\" alt=\"Mont Rebei web\" srcset=\"https:\/\/www.kmr.es\/wp-content\/uploads\/2020\/02\/pantallazo-p\u00e1gina-webII-1.png 1706w, https:\/\/www.kmr.es\/wp-content\/uploads\/2020\/02\/pantallazo-p\u00e1gina-webII-1-300x142.png 300w, https:\/\/www.kmr.es\/wp-content\/uploads\/2020\/02\/pantallazo-p\u00e1gina-webII-1-1024x484.png 1024w, https:\/\/www.kmr.es\/wp-content\/uploads\/2020\/02\/pantallazo-p\u00e1gina-webII-1-768x363.png 768w, https:\/\/www.kmr.es\/wp-content\/uploads\/2020\/02\/pantallazo-p\u00e1gina-webII-1-1536x727.png 1536w, https:\/\/www.kmr.es\/wp-content\/uploads\/2020\/02\/pantallazo-p\u00e1gina-webII-1-800x378.png 800w\" sizes=\"(max-width: 1706px) 100vw, 1706px\" \/><\/a>\n\t\t\t\t\t<\/div>\n\t\t\n\t\t\t\n\t\t\t<div class=\"uael-post__content-wrap\">\n\n\t\t\t\t\t<h4 class=\"uael-post__title\">\n\n\t\t\n\t\t\t\t\t\t<a href=\"https:\/\/www.kmr.es\/ca\/arranquem-temporada-estrenant-web\/\" target=\"_self\">\n\t\t\t\t\u00a1Arranquem temporada estrenant web!\t\t\t<\/a>\n\n\t\t\t\t<\/h4>\n\t\t\t\t\t<div class=\"uael-post__meta-data\">\n\t\t\t\t\t<span class=\"uael-post__date\">\n\t\t\t\t\t\t\t\t\t\t\t\t\t<i aria-hidden=\"true\" class=\"fa fa-calendar\"><\/i>\t\t\t\t\t\t\t\t\t\n\t\t\t27 de maig de 2020\t\t<\/span>\n\t\t\t\t<\/div>\n\t\t<div class=\"uael-post__separator\"><\/div>\n\t\t<div class=\"uael-post__excerpt\">\n\t\t\tBon dia, tarda o nit. Ja tornem a ser aqu\u00ed! Estem molt emocionats&#8230; i es que, no es per menys! Arranquem una nova temporada i ...\t\t<\/div>\n\n\t\t\t\t\t<a class=\"uael-post__read-more elementor-button\" href=\"https:\/\/www.kmr.es\/ca\/arranquem-temporada-estrenant-web\/\" target=\"_self\" aria-labelledby=\"uael-post-2399\">\n\t\t\t\t\t<span class=\"elementor-button-content-wrapper\">\n\t\t\t\t\t\t\t\t\t\t\t\t\t\t<span class=\"elementor-button-icon elementor-align-icon-left\">\n\n\t\t\t\t\t\t\t\t\t\n\t\t\t\t\t\t\t\t<\/span>\n\t\t\t\t\t\t\t\t\t\t\t\t\t\n\t\t\t\t\t\t<span class=\"elementor-button-text\" id=uael-post-2399>Llegir-ne m\u00e9s \u2192<\/span>\n\t\t\t\t\t<\/span>\n\t\t\t\t<\/a>\n\t\t\t\t\t\t<\/div>\n\t\t\t\n\t\t<\/div>\n\t\t\n\t<\/div>\n\n<\/div>\n\t\t\t\t<\/div>\n\t\t\t\t\t\t\n\t\t<\/div>\n\n\t\t\t\t\t\t<\/div>\n\t\t<div class=\"uael-post__footer\">\n\t\t\t\t\t<\/div>\n\t\t\t\t\t\t<\/div>\n\t\t\t\t<\/div>\n\t\t\t\t\t<\/div>\n\t\t<\/div>\n\t\t\t\t\t<\/div>\n\t\t<\/section>\n\t\t\t\t<\/div>\n\t\t","protected":false},"excerpt":{"rendered":"<p>Estiguis informat de les \u00faltimes novetats Arrancamos temporada de Kayak en Mont Rebei 2.0. junio 16, 2020 Amigos, clientes y p\u00fablico en general\u2026 \u00a1Volvemos a la actividad! A partir del s\u00e1bado 20 de Junio, pod\u00e9is volver a contar con nosotros, con nuestro &#8230; Llegir-ne m\u00e9s \u2192 Kayaking Mont Rebei en cuarentena marzo 13, 2020 \u00a1Kayaking [&hellip;]<\/p>\n","protected":false},"author":1,"featured_media":1364,"parent":0,"menu_order":0,"comment_status":"closed","ping_status":"closed","template":"","meta":{"_acf_changed":false,"site-sidebar-layout":"no-sidebar","site-content-layout":"page-builder","ast-site-content-layout":"default","site-content-style":"default","site-sidebar-style":"default","ast-global-header-display":"","ast-banner-title-visibility":"","ast-main-header-display":"","ast-hfb-above-header-display":"","ast-hfb-below-header-display":"","ast-hfb-mobile-header-display":"","site-post-title":"disabled","ast-breadcrumbs-content":"","ast-featured-img":"disabled","footer-sml-layout":"","ast-disable-related-posts":"","theme-transparent-header-meta":"default","adv-header-id-meta":"","stick-header-meta":"","header-above-stick-meta":"","header-main-stick-meta":"","header-below-stick-meta":"","astra-migrate-meta-layouts":"default","ast-page-background-enabled":"default","ast-page-background-meta":{"desktop":{"background-color":"var(--ast-global-color-4)","background-image":"","background-repeat":"repeat","background-position":"center center","background-size":"auto","background-attachment":"scroll","background-type":"","background-media":"","overlay-type":"","overlay-color":"","overlay-opacity":"","overlay-gradient":""},"tablet":{"background-color":"","background-image":"","background-repeat":"repeat","background-position":"center center","background-size":"auto","background-attachment":"scroll","background-type":"","background-media":"","overlay-type":"","overlay-color":"","overlay-opacity":"","overlay-gradient":""},"mobile":{"background-color":"","background-image":"","background-repeat":"repeat","background-position":"center center","background-size":"auto","background-attachment":"scroll","background-type":"","background-media":"","overlay-type":"","overlay-color":"","overlay-opacity":"","overlay-gradient":""}},"ast-content-background-meta":{"desktop":{"background-color":"var(--ast-global-color-5)","background-image":"","background-repeat":"repeat","background-position":"center center","background-size":"auto","background-attachment":"scroll","background-type":"","background-media":"","overlay-type":"","overlay-color":"","overlay-opacity":"","overlay-gradient":""},"tablet":{"background-color":"var(--ast-global-color-5)","background-image":"","background-repeat":"repeat","background-position":"center center","background-size":"auto","background-attachment":"scroll","background-type":"","background-media":"","overlay-type":"","overlay-color":"","overlay-opacity":"","overlay-gradient":""},"mobile":{"background-color":"var(--ast-global-color-5)","background-image":"","background-repeat":"repeat","background-position":"center center","background-size":"auto","background-attachment":"scroll","background-type":"","background-media":"","overlay-type":"","overlay-color":"","overlay-opacity":"","overlay-gradient":""}},"footnotes":""},"class_list":["post-1803","page","type-page","status-publish","has-post-thumbnail","hentry"],"acf":[],"yoast_head":"<!-- This site is optimized with the Yoast SEO plugin v27.2 - https:\/\/yoast.com\/product\/yoast-seo-wordpress\/ -->\n<title>Blog - Kayaking Montrebei<\/title>\n<meta name=\"description\" content=\"Estiguis alerta de totes les novetats i not\u00edcies de Kayaking Mont Rebei al blog! T&#039;informem sobre el Congost de Mont Rebei, Finestres, Escales...\" \/>\n<meta name=\"robots\" content=\"index, follow, max-snippet:-1, max-image-preview:large, max-video-preview:-1\" \/>\n<link rel=\"canonical\" href=\"https:\/\/www.kmr.es\/ca\/blog\/\" \/>\n<meta property=\"og:locale\" content=\"ca_ES\" \/>\n<meta property=\"og:type\" content=\"article\" \/>\n<meta property=\"og:title\" content=\"Blog - Kayaking Montrebei\" \/>\n<meta property=\"og:description\" content=\"Estiguis alerta de totes les novetats i not\u00edcies de Kayaking Mont Rebei al blog! T&#039;informem sobre el Congost de Mont Rebei, Finestres, Escales...\" \/>\n<meta property=\"og:url\" content=\"https:\/\/www.kmr.es\/ca\/blog\/\" \/>\n<meta property=\"og:site_name\" content=\"Kayaking Montrebei\" \/>\n<meta property=\"article:publisher\" content=\"https:\/\/www.facebook.com\/kayakingmontrebei\/\" \/>\n<meta property=\"article:modified_time\" content=\"2020-11-16T00:38:51+00:00\" \/>\n<meta property=\"og:image\" content=\"https:\/\/www.kmr.es\/wp-content\/uploads\/2020\/01\/galeria-finestres-5.jpg\" \/>\n\t<meta property=\"og:image:width\" content=\"1400\" \/>\n\t<meta property=\"og:image:height\" content=\"900\" \/>\n\t<meta property=\"og:image:type\" content=\"image\/jpeg\" \/>\n<meta name=\"twitter:card\" content=\"summary_large_image\" \/>\n<meta name=\"twitter:label1\" content=\"Temps estimat de lectura\" \/>\n\t<meta name=\"twitter:data1\" content=\"1 minut\" \/>\n<script type=\"application\/ld+json\" class=\"yoast-schema-graph\">{\"@context\":\"https:\/\/schema.org\",\"@graph\":[{\"@type\":\"WebPage\",\"@id\":\"https:\/\/www.kmr.es\/ca\/blog\/\",\"url\":\"https:\/\/www.kmr.es\/ca\/blog\/\",\"name\":\"Blog - Kayaking Montrebei\",\"isPartOf\":{\"@id\":\"https:\/\/www.kmr.es\/ca\/#website\"},\"primaryImageOfPage\":{\"@id\":\"https:\/\/www.kmr.es\/ca\/blog\/#primaryimage\"},\"image\":{\"@id\":\"https:\/\/www.kmr.es\/ca\/blog\/#primaryimage\"},\"thumbnailUrl\":\"https:\/\/www.kmr.es\/wp-content\/uploads\/2020\/01\/galeria-finestres-5.jpg\",\"datePublished\":\"2020-01-23T13:05:18+00:00\",\"dateModified\":\"2020-11-16T00:38:51+00:00\",\"description\":\"Estiguis alerta de totes les novetats i not\u00edcies de Kayaking Mont Rebei al blog! T'informem sobre el Congost de Mont Rebei, Finestres, Escales...\",\"breadcrumb\":{\"@id\":\"https:\/\/www.kmr.es\/ca\/blog\/#breadcrumb\"},\"inLanguage\":\"ca\",\"potentialAction\":[{\"@type\":\"ReadAction\",\"target\":[\"https:\/\/www.kmr.es\/ca\/blog\/\"]}]},{\"@type\":\"ImageObject\",\"inLanguage\":\"ca\",\"@id\":\"https:\/\/www.kmr.es\/ca\/blog\/#primaryimage\",\"url\":\"https:\/\/www.kmr.es\/wp-content\/uploads\/2020\/01\/galeria-finestres-5.jpg\",\"contentUrl\":\"https:\/\/www.kmr.es\/wp-content\/uploads\/2020\/01\/galeria-finestres-5.jpg\",\"width\":1400,\"height\":900,\"caption\":\"Kayaking Mont Rebei\"},{\"@type\":\"BreadcrumbList\",\"@id\":\"https:\/\/www.kmr.es\/ca\/blog\/#breadcrumb\",\"itemListElement\":[{\"@type\":\"ListItem\",\"position\":1,\"name\":\"Home\",\"item\":\"https:\/\/www.kmr.es\/ca\/\"},{\"@type\":\"ListItem\",\"position\":2,\"name\":\"Blog\"}]},{\"@type\":\"WebSite\",\"@id\":\"https:\/\/www.kmr.es\/ca\/#website\",\"url\":\"https:\/\/www.kmr.es\/ca\/\",\"name\":\"Kayaking Montrebei\",\"description\":\"Kayaks en el congosto de Mont Rebei\",\"publisher\":{\"@id\":\"https:\/\/www.kmr.es\/ca\/#organization\"},\"potentialAction\":[{\"@type\":\"SearchAction\",\"target\":{\"@type\":\"EntryPoint\",\"urlTemplate\":\"https:\/\/www.kmr.es\/ca\/?s={search_term_string}\"},\"query-input\":{\"@type\":\"PropertyValueSpecification\",\"valueRequired\":true,\"valueName\":\"search_term_string\"}}],\"inLanguage\":\"ca\"},{\"@type\":\"Organization\",\"@id\":\"https:\/\/www.kmr.es\/ca\/#organization\",\"name\":\"Kayaking Mont Rebei\",\"url\":\"https:\/\/www.kmr.es\/ca\/\",\"logo\":{\"@type\":\"ImageObject\",\"inLanguage\":\"ca\",\"@id\":\"https:\/\/www.kmr.es\/ca\/#\/schema\/logo\/image\/\",\"url\":\"https:\/\/www.kmr.es\/wp-content\/uploads\/2019\/12\/logo_kmr_pos@2x.png\",\"contentUrl\":\"https:\/\/www.kmr.es\/wp-content\/uploads\/2019\/12\/logo_kmr_pos@2x.png\",\"width\":375,\"height\":79,\"caption\":\"Kayaking Mont Rebei\"},\"image\":{\"@id\":\"https:\/\/www.kmr.es\/ca\/#\/schema\/logo\/image\/\"},\"sameAs\":[\"https:\/\/www.facebook.com\/kayakingmontrebei\/\",\"https:\/\/www.instagram.com\/kayakingmontrebei\/?hl=es\"]}]}<\/script>\n<!-- \/ Yoast SEO plugin. -->","yoast_head_json":{"title":"Blog - Kayaking Montrebei","description":"Estiguis alerta de totes les novetats i not\u00edcies de Kayaking Mont Rebei al blog! T'informem sobre el Congost de Mont Rebei, Finestres, Escales...","robots":{"index":"index","follow":"follow","max-snippet":"max-snippet:-1","max-image-preview":"max-image-preview:large","max-video-preview":"max-video-preview:-1"},"canonical":"https:\/\/www.kmr.es\/ca\/blog\/","og_locale":"ca_ES","og_type":"article","og_title":"Blog - Kayaking Montrebei","og_description":"Estiguis alerta de totes les novetats i not\u00edcies de Kayaking Mont Rebei al blog! T'informem sobre el Congost de Mont Rebei, Finestres, Escales...","og_url":"https:\/\/www.kmr.es\/ca\/blog\/","og_site_name":"Kayaking Montrebei","article_publisher":"https:\/\/www.facebook.com\/kayakingmontrebei\/","article_modified_time":"2020-11-16T00:38:51+00:00","og_image":[{"width":1400,"height":900,"url":"https:\/\/www.kmr.es\/wp-content\/uploads\/2020\/01\/galeria-finestres-5.jpg","type":"image\/jpeg"}],"twitter_card":"summary_large_image","twitter_misc":{"Temps estimat de lectura":"1 minut"},"schema":{"@context":"https:\/\/schema.org","@graph":[{"@type":"WebPage","@id":"https:\/\/www.kmr.es\/ca\/blog\/","url":"https:\/\/www.kmr.es\/ca\/blog\/","name":"Blog - Kayaking Montrebei","isPartOf":{"@id":"https:\/\/www.kmr.es\/ca\/#website"},"primaryImageOfPage":{"@id":"https:\/\/www.kmr.es\/ca\/blog\/#primaryimage"},"image":{"@id":"https:\/\/www.kmr.es\/ca\/blog\/#primaryimage"},"thumbnailUrl":"https:\/\/www.kmr.es\/wp-content\/uploads\/2020\/01\/galeria-finestres-5.jpg","datePublished":"2020-01-23T13:05:18+00:00","dateModified":"2020-11-16T00:38:51+00:00","description":"Estiguis alerta de totes les novetats i not\u00edcies de Kayaking Mont Rebei al blog! T'informem sobre el Congost de Mont Rebei, Finestres, Escales...","breadcrumb":{"@id":"https:\/\/www.kmr.es\/ca\/blog\/#breadcrumb"},"inLanguage":"ca","potentialAction":[{"@type":"ReadAction","target":["https:\/\/www.kmr.es\/ca\/blog\/"]}]},{"@type":"ImageObject","inLanguage":"ca","@id":"https:\/\/www.kmr.es\/ca\/blog\/#primaryimage","url":"https:\/\/www.kmr.es\/wp-content\/uploads\/2020\/01\/galeria-finestres-5.jpg","contentUrl":"https:\/\/www.kmr.es\/wp-content\/uploads\/2020\/01\/galeria-finestres-5.jpg","width":1400,"height":900,"caption":"Kayaking Mont Rebei"},{"@type":"BreadcrumbList","@id":"https:\/\/www.kmr.es\/ca\/blog\/#breadcrumb","itemListElement":[{"@type":"ListItem","position":1,"name":"Home","item":"https:\/\/www.kmr.es\/ca\/"},{"@type":"ListItem","position":2,"name":"Blog"}]},{"@type":"WebSite","@id":"https:\/\/www.kmr.es\/ca\/#website","url":"https:\/\/www.kmr.es\/ca\/","name":"Kayaking Montrebei","description":"Kayaks en el congosto de Mont Rebei","publisher":{"@id":"https:\/\/www.kmr.es\/ca\/#organization"},"potentialAction":[{"@type":"SearchAction","target":{"@type":"EntryPoint","urlTemplate":"https:\/\/www.kmr.es\/ca\/?s={search_term_string}"},"query-input":{"@type":"PropertyValueSpecification","valueRequired":true,"valueName":"search_term_string"}}],"inLanguage":"ca"},{"@type":"Organization","@id":"https:\/\/www.kmr.es\/ca\/#organization","name":"Kayaking Mont Rebei","url":"https:\/\/www.kmr.es\/ca\/","logo":{"@type":"ImageObject","inLanguage":"ca","@id":"https:\/\/www.kmr.es\/ca\/#\/schema\/logo\/image\/","url":"https:\/\/www.kmr.es\/wp-content\/uploads\/2019\/12\/logo_kmr_pos@2x.png","contentUrl":"https:\/\/www.kmr.es\/wp-content\/uploads\/2019\/12\/logo_kmr_pos@2x.png","width":375,"height":79,"caption":"Kayaking Mont Rebei"},"image":{"@id":"https:\/\/www.kmr.es\/ca\/#\/schema\/logo\/image\/"},"sameAs":["https:\/\/www.facebook.com\/kayakingmontrebei\/","https:\/\/www.instagram.com\/kayakingmontrebei\/?hl=es"]}]}},"_links":{"self":[{"href":"https:\/\/www.kmr.es\/ca\/wp-json\/wp\/v2\/pages\/1803","targetHints":{"allow":["GET"]}}],"collection":[{"href":"https:\/\/www.kmr.es\/ca\/wp-json\/wp\/v2\/pages"}],"about":[{"href":"https:\/\/www.kmr.es\/ca\/wp-json\/wp\/v2\/types\/page"}],"author":[{"embeddable":true,"href":"https:\/\/www.kmr.es\/ca\/wp-json\/wp\/v2\/users\/1"}],"replies":[{"embeddable":true,"href":"https:\/\/www.kmr.es\/ca\/wp-json\/wp\/v2\/comments?post=1803"}],"version-history":[{"count":0,"href":"https:\/\/www.kmr.es\/ca\/wp-json\/wp\/v2\/pages\/1803\/revisions"}],"wp:featuredmedia":[{"embeddable":true,"href":"https:\/\/www.kmr.es\/ca\/wp-json\/wp\/v2\/media\/1364"}],"wp:attachment":[{"href":"https:\/\/www.kmr.es\/ca\/wp-json\/wp\/v2\/media?parent=1803"}],"curies":[{"name":"wp","href":"https:\/\/api.w.org\/{rel}","templated":true}]}}