{"id":6500,"date":"2020-11-15T23:38:43","date_gmt":"2020-11-15T22:38:43","guid":{"rendered":"https:\/\/www.kmr.es\/politica-de-cookies-2\/"},"modified":"2020-11-15T23:38:43","modified_gmt":"2020-11-15T22:38:43","slug":"politica-de-cookies-2","status":"publish","type":"page","link":"https:\/\/www.kmr.es\/ca\/politica-de-cookies-2\/","title":{"rendered":"Pol\u00edtica de Cookies"},"content":{"rendered":"<h3 class=\"blue\">Que s\u00f3n les cookies?<\/h3>\n<p>Les cookies i altres tecnologies similars tals com local shared objects, flash cookies o p\u00edxels, s\u00f3n eines utilitzades pels servidors Web per emmagatzemar i recuperar informaci\u00f3 dels seus visitants, aix\u00ed com per oferir un correcte funcionament del lloc.<\/p>\n<p>Mitjan\u00e7ant l&#8217;\u00fas d&#8217;aquests dispositius es permet al servidor Web recordar algunes dades concernents a l&#8217;usuari, com les seves prefer\u00e8ncies per la visualitzaci\u00f3 de les p\u00e0gines d&#8217;aquell servidor, nom i contrasenya, productes que m\u00e9s l&#8217;interessen, etc.<\/p>\n<p>&nbsp;<\/p>\n<h3 class=\"blue\">Cookies afectades por la normativa i cookies exceptuades<\/h3>\n<p>Segons la directiva de la UE, les cookies que requereixen el consentiment informat per part de l&#8217;usuari s\u00f3n les cookies d&#8217;anal\u00edtica i les de publicitat i afiliaci\u00f3, quedant exceptuades les de car\u00e0cter t\u00e8cnic i les necess\u00e0ries pel funcionament del lloc web o la prestaci\u00f3 de serveis expressament sol\u00b7licitats per l&#8217;usuari.<\/p>\n<p>&nbsp;<\/p>\n<h3 class=\"blue\">Quins tipus de cookies existeixen?<\/h3>\n<p>Sobre els tipus de cookies, existeixen cinc grans grups:<\/p>\n<ul>\n<li>Cookies anal\u00edtiques: recullen informaci\u00f3 de l&#8217;\u00fas que es realiza del lloc web.<\/li>\n<li>Cookies socials: s\u00f3n aquelles necess\u00e0ries per les xarxes socials externes.<\/li>\n<li>Cookies d&#8217;afiliats: permeten fer un seguiment de les visites procedents d&#8217;altres webs, amb les que el lloc web estableix un contracto d&#8217;afiliaci\u00f3 (empreses d&#8217;afiliaci\u00f3).<\/li>\n<li>Cookies de publicitat i comportamentals: recullen informaci\u00f3 sobre les prefer\u00e8ncies i eleccions personals de l&#8217;usuari (ret\u00e0rgeting).<\/li>\n<li>Cookies t\u00e8cniques i funcionals: s\u00f3n les estrictament necess\u00e0ries per a l&#8217;\u00fas del lloc web i per la prestaci\u00f3 del servei contractat.<\/li>\n<\/ul>\n<h3 class=\"blue\">Cookies que s&#8217;utilitzen en aquest lloc web<\/h3>\n<ul>\n<li><strong>PHPSESSID<\/strong>: cookie t\u00e8cnica i estrictament necess\u00e0ria que cont\u00e9 l&#8217;identificador de la sessi\u00f3. S&#8217;elimina en tancar el navegador.<\/li>\n<li><strong>cookie_notice_accepted<\/strong>: cookie t\u00e8cnica i estrictament necess\u00e0ria que cont\u00e9 el valor de si s&#8217;ha acceptat l&#8217;instal\u00b7lacci\u00f3 de cookies. Caduca en 1 any des de l&#8217;\u00faltima actualitzaci\u00f3.<\/li>\n<li><strong>_ga<\/strong>: cookie de Google Analytics que habilita la funci\u00f3 de control de visites \u00faniques. La primera vegada que un usuari entri a un loc web a trav\u00e9s d&#8217;un navegador s&#8217;instal\u00b7lar\u00e0 aquesta cookie. Quan aquest usuari torni a entrar a la web amb el mateix navegador, la cookie considerar\u00e0 que \u00e9s el mateix usuari. Nom\u00e9s en caso que l&#8217;usuari canv\u00efi de navegador, es considerar\u00e0 un altre usuari. Caduca al cap de 2 anys des de l&#8217;\u00faltima actualitzaci\u00f3.<br \/>\nPer a m\u00e9s informaci\u00f3 sobre el tractament realitzat per Google Analytics fes clic<a href=\"https:\/\/support.google.com\/analytics\/answer\/6004245?hl=es-419\"> aqu\u00ed<\/a>.<\/li>\n<li><strong>_gat<\/strong>: Aquesta cookie s&#8217;associa amb Google Analytics. S&#8217;utilitza per limitar la velocitat de petici\u00f3 \u2013 la limitaci\u00f3 de la recollida de dades als llocs d&#8217;alt tr\u00e0fic. Caduca al cap de 10 minuts.<\/li>\n<li><strong>_gid<\/strong>: Aquesta cookie s&#8217;associa amb Google Analytics. S&#8217;utilitza per distingir als usuaris. Caduca a les 24 horas.<\/li>\n<li><strong>wordpress_test_cookie<\/strong>: cookie t\u00e8cnica utilitzada por WordPress per con\u00e8ixer si el teu navegador pot acceptar cookies. Caduca al finalitzar la sesi\u00f3.<\/li>\n<li><strong>wp-settings-*<\/strong>: cookie t\u00e8cnica utilitzada per WordPress per l&#8217;emmagatzematge de les prefer\u00e8ncies de l&#8217;usuari. Caduca al cap d&#8217;un any des de l&#8217;\u00faltima actualitzaci\u00f3.<\/li>\n<li><strong>wp-settings-time-*<\/strong>: cookie t\u00e8cnica utilitzada per WordPress er guardar dades de sesi\u00f3. Caduca al cap d&#8217;un any des de l&#8217;\u00faltima actualitzaci\u00f3.<\/li>\n<li><strong>wordpress_logged_in_{hash}<\/strong>: cookie t\u00e8cnica utilitzada per WordPress per gestionar el proc\u00e9s d&#8217;autentificaci\u00f3 de l&#8217;usuari. Caduca al finalitzar la sesi\u00f3.<\/li>\n<li><strong>_icl_current_language<\/strong>: cookie t\u00e8cnica utilitzada per guardar l&#8217;idioma actual. Caduca al cap de 24 hores des de l&#8217;\u00faltima actualizaci\u00f3.<\/li>\n<li><strong>_icl_visitor_lang_js<\/strong>: cookie t\u00e8cnica utilitzada per identificar l&#8217;idioma del navegador de l&#8217;usuari. Caduca al cap de 24 hores des de l&#8217;\u00faltima actualizaci\u00f3.<\/li>\n<li><strong>wpml_browser_redirect_test<\/strong>: cookie t\u00e8cnica utilitzada per redirigir a l&#8217;usuari a la web amb l&#8217;idioma correcte. Caduca al finalitzar la sesi\u00f3.<\/li>\n<li><strong>wp_woocommerce_session_{hash}<\/strong>: cookie t\u00e8cnica utilitzada per WooCommerce per gestionar sessions. Caduca al cap de 48 hores des de l&#8217;\u00faltima actualizaci\u00f3.<\/li>\n<li><strong>woocommerce_cart_hash<\/strong>: cookie t\u00e8cnica utilitzada per WooCommerce per la gesti\u00f3 de carrets de compra. Caduca al finalitzar la sesi\u00f3.<\/li>\n<li><strong>woocommerce_items_in_cart<\/strong>: cookie t\u00e8cnica utilitzada per WooCommerce per la gesti\u00f3 de carrets de compra. Caduca al finalitzar la sesi\u00f3.<\/li>\n<li><strong>woocommerce_recently_viewed<\/strong>: cookie t\u00e8cnica utilitzada per WooCommerce per enmagatzemar els \u00faltims productes vistos. Caduca al finalitzar la sesi\u00f3.<\/li>\n<\/ul>\n<h3 class=\"blue\">Revocaci\u00f3 del consentiment per instal\u00b7lar cookies \/ com eliminar les cookies del navegador<\/h3>\n<h4>Chrome<\/h4>\n<ol>\n<li>Selecciona la icona d&#8217;Eines<\/li>\n<li>Fes clic a Configuraci\u00f3.<\/li>\n<li>Fes clic a Mostrar Opcions Avan\u00e7ades.<\/li>\n<li>A la secci\u00f3 \u201cPrivacitat\u201d fes clic a Configuraci\u00f3 de contingut.\n<ul>\n<li>Eliminar cookies: Fes clic a Totes las cookies i les dades dels llocs&#8230;<\/li>\n<li>No permetre que s&#8217;emmagatzemin cookies.<\/li>\n<\/ul>\n<\/li>\n<li>Fes clic a Eliminar dades de navegaci\u00f3 (buidar la Cach\u00e9).<\/li>\n<li>Tanca i reinicia el navegador.<\/li>\n<\/ol>\n<p>Per a m\u00e9s informaci\u00f3 sobre Chrome clica<a href=\"http:\/\/support.google.com\/chrome\/answer\/95647?hl=es\"> aqu\u00ed<\/a>.<\/p>\n<h4>Internet Explorer<\/h4>\n<ol>\n<li>Selecciona Eines | Opcions d&#8217;Internet.<\/li>\n<li>Fes clic al fitxer General.<\/li>\n<li>A la secci\u00f3 \u201cHistorial d&#8217;exploraci\u00f3\u201d, fes clic a Eliminar l&#8217;historial d&#8217;exploraci\u00f3 al sortir.<\/li>\n<li>Seleccionar Eliminar arxius.<\/li>\n<li>Seleccionar Eliminar cookies.<\/li>\n<li>Fes clic a Eliminar.<\/li>\n<li>Fes clic a Aceptar.<\/li>\n<li>Tanca i reinicia el navegador.<\/li>\n<\/ol>\n<p>Per a m\u00e1s informacin sobre Internet Explorer cliqui<a href=\"https:\/\/support.microsoft.com\/es-es\/help\/17442\/windows-internet-explorer-delete-manage-cookies\"> aqu\u00ed<\/a>.<\/p>\n<h4>Firefox<\/h4>\n<ol>\n<li>Selecciona Firefox | Historial | Netejar l&#8217;historial recent.<\/li>\n<li>Al costat de \u201cDetalls\u201d, fes clic al fitxer cap a baix.<\/li>\n<li>Selecciona les sig\u00fcients caselles de verificaci\u00f3: Cookies, Cach\u00e9, Inicis de sessi\u00f3 actius<\/li>\n<li>Utilitzant l&#8217; \u201cInterval de temps per a esborrar\u201d al men\u00fa desplegable, selecciona Tot.<\/li>\n<li>Fes clic a Esborrar ara.<\/li>\n<li>Tanca i reinicia el navegador.<\/li>\n<\/ol>\n<p>Pot acceptar o rebutjar les cookies individualment a les Prefer\u00e8ncies de Firefox, a la secci\u00f3 Historial disponible a eines &gt; Opcions &gt; Privacitat.<\/p>\n<p>Per a m\u00e9s informaci\u00f3 sobre Mozilla Firefox cliqui<a href=\"https:\/\/support.mozilla.org\/es\/kb\/habilitar-y-deshabilitar-cookies-sitios-web-rastrear-preferencias\"> aqu\u00ed<\/a>.<\/p>\n<p>&nbsp;<\/p>\n<h4>Safari<\/h4>\n<ol>\n<li>Selecciona l&#8217;icona de Safari \/ Editar | Restaurar Safari.<\/li>\n<li>Selecciona les seg\u00fcents caselles de verificaci\u00f3: Esborrar l&#8217;historial, Eliminar totes les dades del lloc web<\/li>\n<li>Fes clic a Restablir<\/li>\n<li>Tanca i reinicia el navegador.<\/li>\n<\/ol>\n<p>Per a m\u00e9s informaci\u00f3 sobre Safari cliqui<a href=\"https:\/\/support.apple.com\/es-es\/guide\/safari\/sfri11471\/12.0\/mac\/10.14\"> aqu\u00ed<\/a>.<\/p>\n<p>&nbsp;<\/p>\n<h4>Opera<\/h4>\n<p>Opcions \u2013 Avan\u00e7at \u2013 Cookies.<\/p>\n<p>Les opcions de cookies controlen la manera en que Opera les fa anar i per tant la seva acceptaci\u00f3 o refuci\u00f3.<\/p>\n<p>Per a m\u00e9s informaci\u00f3 sobre \u00d3pera cliqui<a href=\"https:\/\/help.opera.com\/en\/latest\/web-preferences\/#cookies\"> aqu\u00ed<\/a>.<\/p>\n<p>&nbsp;<\/p>\n<h4>Altres navegadors<\/h4>\n<p>Consulti la documentaci\u00f3 del navegador que tingui instal\u00b7lat.<\/p>\n<p>&nbsp;<\/p>\n","protected":false},"excerpt":{"rendered":"<p>Que s\u00f3n les cookies? Les cookies i altres tecnologies similars tals com local shared objects, flash cookies o p\u00edxels, s\u00f3n eines utilitzades pels servidors Web per emmagatzemar i recuperar informaci\u00f3 dels seus visitants, aix\u00ed com per oferir un correcte funcionament del lloc. Mitjan\u00e7ant l&#8217;\u00fas d&#8217;aquests dispositius es permet al servidor Web recordar algunes dades concernents [&hellip;]<\/p>\n","protected":false},"author":1,"featured_media":0,"parent":0,"menu_order":0,"comment_status":"closed","ping_status":"closed","template":"","meta":{"_acf_changed":false,"site-sidebar-layout":"default","site-content-layout":"default","ast-site-content-layout":"default","site-content-style":"default","site-sidebar-style":"default","ast-global-header-display":"","ast-banner-title-visibility":"","ast-main-header-display":"","ast-hfb-above-header-display":"","ast-hfb-below-header-display":"","ast-hfb-mobile-header-display":"","site-post-title":"","ast-breadcrumbs-content":"","ast-featured-img":"","footer-sml-layout":"","ast-disable-related-posts":"","theme-transparent-header-meta":"default","adv-header-id-meta":"","stick-header-meta":"","header-above-stick-meta":"","header-main-stick-meta":"","header-below-stick-meta":"","astra-migrate-meta-layouts":"default","ast-page-background-enabled":"default","ast-page-background-meta":{"desktop":{"background-color":"var(--ast-global-color-4)","background-image":"","background-repeat":"repeat","background-position":"center center","background-size":"auto","background-attachment":"scroll","background-type":"","background-media":"","overlay-type":"","overlay-color":"","overlay-opacity":"","overlay-gradient":""},"tablet":{"background-color":"","background-image":"","background-repeat":"repeat","background-position":"center center","background-size":"auto","background-attachment":"scroll","background-type":"","background-media":"","overlay-type":"","overlay-color":"","overlay-opacity":"","overlay-gradient":""},"mobile":{"background-color":"","background-image":"","background-repeat":"repeat","background-position":"center center","background-size":"auto","background-attachment":"scroll","background-type":"","background-media":"","overlay-type":"","overlay-color":"","overlay-opacity":"","overlay-gradient":""}},"ast-content-background-meta":{"desktop":{"background-color":"var(--ast-global-color-5)","background-image":"","background-repeat":"repeat","background-position":"center center","background-size":"auto","background-attachment":"scroll","background-type":"","background-media":"","overlay-type":"","overlay-color":"","overlay-opacity":"","overlay-gradient":""},"tablet":{"background-color":"var(--ast-global-color-5)","background-image":"","background-repeat":"repeat","background-position":"center center","background-size":"auto","background-attachment":"scroll","background-type":"","background-media":"","overlay-type":"","overlay-color":"","overlay-opacity":"","overlay-gradient":""},"mobile":{"background-color":"var(--ast-global-color-5)","background-image":"","background-repeat":"repeat","background-position":"center center","background-size":"auto","background-attachment":"scroll","background-type":"","background-media":"","overlay-type":"","overlay-color":"","overlay-opacity":"","overlay-gradient":""}},"footnotes":""},"class_list":["post-6500","page","type-page","status-publish","hentry"],"acf":[],"yoast_head":"<!-- This site is optimized with the Yoast SEO plugin v27.2 - https:\/\/yoast.com\/product\/yoast-seo-wordpress\/ -->\n<title>Pol\u00edtica de Cookies - Kayaking Montrebei<\/title>\n<meta name=\"robots\" content=\"noindex, follow\" \/>\n<meta property=\"og:locale\" content=\"ca_ES\" \/>\n<meta property=\"og:type\" content=\"article\" \/>\n<meta property=\"og:title\" content=\"Pol\u00edtica de Cookies - Kayaking Montrebei\" \/>\n<meta property=\"og:description\" content=\"Que s\u00f3n les cookies? Les cookies i altres tecnologies similars tals com local shared objects, flash cookies o p\u00edxels, s\u00f3n eines utilitzades pels servidors Web per emmagatzemar i recuperar informaci\u00f3 dels seus visitants, aix\u00ed com per oferir un correcte funcionament del lloc. Mitjan\u00e7ant l&#8217;\u00fas d&#8217;aquests dispositius es permet al servidor Web recordar algunes dades concernents [&hellip;]\" \/>\n<meta property=\"og:url\" content=\"https:\/\/www.kmr.es\/ca\/politica-de-cookies-2\/\" \/>\n<meta property=\"og:site_name\" content=\"Kayaking Montrebei\" \/>\n<meta property=\"article:publisher\" content=\"https:\/\/www.facebook.com\/kayakingmontrebei\/\" \/>\n<meta name=\"twitter:card\" content=\"summary_large_image\" \/>\n<meta name=\"twitter:label1\" content=\"Temps estimat de lectura\" \/>\n\t<meta name=\"twitter:data1\" content=\"5 minuts\" \/>\n<script type=\"application\/ld+json\" class=\"yoast-schema-graph\">{\"@context\":\"https:\/\/schema.org\",\"@graph\":[{\"@type\":\"WebPage\",\"@id\":\"https:\/\/www.kmr.es\/ca\/politica-de-cookies-2\/\",\"url\":\"https:\/\/www.kmr.es\/ca\/politica-de-cookies-2\/\",\"name\":\"Pol\u00edtica de Cookies - Kayaking Montrebei\",\"isPartOf\":{\"@id\":\"https:\/\/www.kmr.es\/ca\/#website\"},\"datePublished\":\"2020-11-15T22:38:43+00:00\",\"breadcrumb\":{\"@id\":\"https:\/\/www.kmr.es\/ca\/politica-de-cookies-2\/#breadcrumb\"},\"inLanguage\":\"ca\",\"potentialAction\":[{\"@type\":\"ReadAction\",\"target\":[\"https:\/\/www.kmr.es\/ca\/politica-de-cookies-2\/\"]}]},{\"@type\":\"BreadcrumbList\",\"@id\":\"https:\/\/www.kmr.es\/ca\/politica-de-cookies-2\/#breadcrumb\",\"itemListElement\":[{\"@type\":\"ListItem\",\"position\":1,\"name\":\"Home\",\"item\":\"https:\/\/www.kmr.es\/ca\/\"},{\"@type\":\"ListItem\",\"position\":2,\"name\":\"Pol\u00edtica de Cookies\"}]},{\"@type\":\"WebSite\",\"@id\":\"https:\/\/www.kmr.es\/ca\/#website\",\"url\":\"https:\/\/www.kmr.es\/ca\/\",\"name\":\"Kayaking Montrebei\",\"description\":\"Kayaks en el congosto de Mont Rebei\",\"publisher\":{\"@id\":\"https:\/\/www.kmr.es\/ca\/#organization\"},\"potentialAction\":[{\"@type\":\"SearchAction\",\"target\":{\"@type\":\"EntryPoint\",\"urlTemplate\":\"https:\/\/www.kmr.es\/ca\/?s={search_term_string}\"},\"query-input\":{\"@type\":\"PropertyValueSpecification\",\"valueRequired\":true,\"valueName\":\"search_term_string\"}}],\"inLanguage\":\"ca\"},{\"@type\":\"Organization\",\"@id\":\"https:\/\/www.kmr.es\/ca\/#organization\",\"name\":\"Kayaking Mont Rebei\",\"url\":\"https:\/\/www.kmr.es\/ca\/\",\"logo\":{\"@type\":\"ImageObject\",\"inLanguage\":\"ca\",\"@id\":\"https:\/\/www.kmr.es\/ca\/#\/schema\/logo\/image\/\",\"url\":\"https:\/\/www.kmr.es\/wp-content\/uploads\/2019\/12\/logo_kmr_pos@2x.png\",\"contentUrl\":\"https:\/\/www.kmr.es\/wp-content\/uploads\/2019\/12\/logo_kmr_pos@2x.png\",\"width\":375,\"height\":79,\"caption\":\"Kayaking Mont Rebei\"},\"image\":{\"@id\":\"https:\/\/www.kmr.es\/ca\/#\/schema\/logo\/image\/\"},\"sameAs\":[\"https:\/\/www.facebook.com\/kayakingmontrebei\/\",\"https:\/\/www.instagram.com\/kayakingmontrebei\/?hl=es\"]}]}<\/script>\n<!-- \/ Yoast SEO plugin. -->","yoast_head_json":{"title":"Pol\u00edtica de Cookies - Kayaking Montrebei","robots":{"index":"noindex","follow":"follow"},"og_locale":"ca_ES","og_type":"article","og_title":"Pol\u00edtica de Cookies - Kayaking Montrebei","og_description":"Que s\u00f3n les cookies? Les cookies i altres tecnologies similars tals com local shared objects, flash cookies o p\u00edxels, s\u00f3n eines utilitzades pels servidors Web per emmagatzemar i recuperar informaci\u00f3 dels seus visitants, aix\u00ed com per oferir un correcte funcionament del lloc. Mitjan\u00e7ant l&#8217;\u00fas d&#8217;aquests dispositius es permet al servidor Web recordar algunes dades concernents [&hellip;]","og_url":"https:\/\/www.kmr.es\/ca\/politica-de-cookies-2\/","og_site_name":"Kayaking Montrebei","article_publisher":"https:\/\/www.facebook.com\/kayakingmontrebei\/","twitter_card":"summary_large_image","twitter_misc":{"Temps estimat de lectura":"5 minuts"},"schema":{"@context":"https:\/\/schema.org","@graph":[{"@type":"WebPage","@id":"https:\/\/www.kmr.es\/ca\/politica-de-cookies-2\/","url":"https:\/\/www.kmr.es\/ca\/politica-de-cookies-2\/","name":"Pol\u00edtica de Cookies - Kayaking Montrebei","isPartOf":{"@id":"https:\/\/www.kmr.es\/ca\/#website"},"datePublished":"2020-11-15T22:38:43+00:00","breadcrumb":{"@id":"https:\/\/www.kmr.es\/ca\/politica-de-cookies-2\/#breadcrumb"},"inLanguage":"ca","potentialAction":[{"@type":"ReadAction","target":["https:\/\/www.kmr.es\/ca\/politica-de-cookies-2\/"]}]},{"@type":"BreadcrumbList","@id":"https:\/\/www.kmr.es\/ca\/politica-de-cookies-2\/#breadcrumb","itemListElement":[{"@type":"ListItem","position":1,"name":"Home","item":"https:\/\/www.kmr.es\/ca\/"},{"@type":"ListItem","position":2,"name":"Pol\u00edtica de Cookies"}]},{"@type":"WebSite","@id":"https:\/\/www.kmr.es\/ca\/#website","url":"https:\/\/www.kmr.es\/ca\/","name":"Kayaking Montrebei","description":"Kayaks en el congosto de Mont Rebei","publisher":{"@id":"https:\/\/www.kmr.es\/ca\/#organization"},"potentialAction":[{"@type":"SearchAction","target":{"@type":"EntryPoint","urlTemplate":"https:\/\/www.kmr.es\/ca\/?s={search_term_string}"},"query-input":{"@type":"PropertyValueSpecification","valueRequired":true,"valueName":"search_term_string"}}],"inLanguage":"ca"},{"@type":"Organization","@id":"https:\/\/www.kmr.es\/ca\/#organization","name":"Kayaking Mont Rebei","url":"https:\/\/www.kmr.es\/ca\/","logo":{"@type":"ImageObject","inLanguage":"ca","@id":"https:\/\/www.kmr.es\/ca\/#\/schema\/logo\/image\/","url":"https:\/\/www.kmr.es\/wp-content\/uploads\/2019\/12\/logo_kmr_pos@2x.png","contentUrl":"https:\/\/www.kmr.es\/wp-content\/uploads\/2019\/12\/logo_kmr_pos@2x.png","width":375,"height":79,"caption":"Kayaking Mont Rebei"},"image":{"@id":"https:\/\/www.kmr.es\/ca\/#\/schema\/logo\/image\/"},"sameAs":["https:\/\/www.facebook.com\/kayakingmontrebei\/","https:\/\/www.instagram.com\/kayakingmontrebei\/?hl=es"]}]}},"_links":{"self":[{"href":"https:\/\/www.kmr.es\/ca\/wp-json\/wp\/v2\/pages\/6500","targetHints":{"allow":["GET"]}}],"collection":[{"href":"https:\/\/www.kmr.es\/ca\/wp-json\/wp\/v2\/pages"}],"about":[{"href":"https:\/\/www.kmr.es\/ca\/wp-json\/wp\/v2\/types\/page"}],"author":[{"embeddable":true,"href":"https:\/\/www.kmr.es\/ca\/wp-json\/wp\/v2\/users\/1"}],"replies":[{"embeddable":true,"href":"https:\/\/www.kmr.es\/ca\/wp-json\/wp\/v2\/comments?post=6500"}],"version-history":[{"count":0,"href":"https:\/\/www.kmr.es\/ca\/wp-json\/wp\/v2\/pages\/6500\/revisions"}],"wp:attachment":[{"href":"https:\/\/www.kmr.es\/ca\/wp-json\/wp\/v2\/media?parent=6500"}],"curies":[{"name":"wp","href":"https:\/\/api.w.org\/{rel}","templated":true}]}}