{"id":6545,"date":"2020-11-16T01:32:20","date_gmt":"2020-11-16T00:32:20","guid":{"rendered":"https:\/\/www.kmr.es\/condicions-de-contractacio-i-cancel%c2%b7lacio\/"},"modified":"2020-11-16T01:32:30","modified_gmt":"2020-11-16T00:32:30","slug":"condicions-de-contractacio-i-cancel%c2%b7lacio","status":"publish","type":"page","link":"https:\/\/www.kmr.es\/ca\/condicions-de-contractacio-i-cancel%c2%b7lacio\/","title":{"rendered":"Condicions de Contractaci\u00f3 i Cancel\u00b7laci\u00f3"},"content":{"rendered":"<p><strong>KAYAKING MONT REBEI S.L.<\/strong> (endavant <b>KMR<\/b>), \u00e9s una empresa d&#8217;activitat tur\u00edstica i esportiva, domiciliada al Carrer Arrabal s\/n de Pont de Montanyana, C.P.:22584 &#8211; Osca, i C.I.F.: B22253496.<\/p>\n<p><strong class=\"blue\">1 &#8211;<\/strong> Per participar a les activitats que ofrereix <b>KMR<\/b>, es imprescindible saber nedar.<\/p>\n<p class=\"inf\" style=\"padding-left: 35px;\">Els menors d&#8217;edat hauran de portar una autoritzaci\u00f3 firmada pel pare, mare o tutor, o hauran d&#8217;anar acompanyats per una persona adulta que es responsabilitzar\u00e0 del seu comportament.<\/p>\n<p class=\"inf\" style=\"padding-left: 35px;\">Tots els clients estan obligats i es comprometen a realitzar l&#8217;activitat contractada, en \u00f2ptimes condicions f\u00edsiques y psicol\u00f2giques, i en cap cas estaran sota els efectes de l&#8217;alcohol, drogues i\/o estupefacents, aix\u00ed com qualsevol medicaci\u00f3 o tractament que pugui alterar les seves facultats f\u00edsiques o les seves capacitats cognitives i de reacci\u00f3. El incumpliment d&#8217;aquest requisit suposar\u00e0 per a l&#8217;infractor, la finalitzaci\u00f3 immediata de la seva activitat sense dret a compensaci\u00f3 ni reintegro.<\/p>\n<p>&nbsp;<\/p>\n<p><strong class=\"blue\">2 &#8211;<\/strong> Les activitats que ofereix <b>KMR<\/b> estan subjectes a les condicions del medi en que es desenvolupen i de les persones que participen; por el que poden ser objecte de canvis o cancel\u00b7laci\u00f3 abans o durant l&#8217;activitat por diferents motius, entre els quals:<\/p>\n<ul>\n<li>Motius meteorol\u00f2gics (tronades, vents forts, etc.).<\/li>\n<li>Condicions ambientals adverses (nivel del embassament, falta de caudal al riu, etc.).<\/li>\n<li> Decisions administratives (per l&#8217;aplicaci\u00f3 de restriccions de navegaci\u00f3, talls d&#8217;accessos per obres, per perill de despreniments, por l&#8217;aplicaci\u00f3 de plans de prevenci\u00f3 contra incendis o contra qualsevol altre risc, etc.).<\/li>\n<li>Successos imprevistos o accidentals i, en general, qualsevol situaci\u00f3 de perill que pugui suposar un risc significatiu per la seguretat de qualsevol dels nostres clients o treballadors.<\/li>\n<\/ul>\n<p class=\"inf\" style=\"padding-left: 35px;\">En qualsevol d&#8217;aquests casos, la direcci\u00f3 de l&#8217;empresa (pr\u00e8viament) o el guia que lidera l&#8217;activitat (si ho considera oport\u00fa), t\u00e9 el dret i la responsabilitat i l&#8217;obligaci\u00f3 de modificar o incl\u00fas suspendre l&#8217;activitat en benefici de la seguretat dels nostres client, del nostre personal laboral i de la integritat f\u00edsica de qualsevol persona.<\/p>\n<p class=\"inf\" style=\"padding-left: 35px;\">En cas d&#8217;anul\u00b7laci\u00f3 per part de <b>KMR<\/b>, el client tindr\u00e0 dret al ajornament de l&#8217;activitat o la devoluci\u00f3 de la totalitat de l&#8217;import abonat, sempre que l&#8217;activitat hagi tingut una duraci\u00f3 inferior a 3h.<\/p>\n<p>&nbsp;<\/p>\n<p><strong class=\"blue\">3 &#8211;<\/strong> El client informar\u00e0 a <b>KMR<\/b>, abans de fer la reserva, de les persones que desitgin inscriure&#8217;s trobant-se en estat de gestaci\u00f3, persones amb diferents capacitats, persones amb disfuncions, patologies, al\u00b7l\u00e8rgies o malalties que s&#8217;hagin de tenir en compte abans i\/o durant el desenvolupament de l&#8217;activitat, amb la finalitat de confirmar la disponibilitat de material espec\u00edfic o adaptat, concretar les necessitates d&#8217;atenci\u00f3 personalitzada, i valorar les possibilitates d&#8217;adaptaci\u00f3 de l&#8217;activitat a les necessitats d&#8217;aquestes persones i viceversa, per tal de decidir en \u00faltim cas, les possibilitats i conveni\u00e8ncia de contractar el servei.<\/p>\n<p>&nbsp;<\/p>\n<p><strong class=\"blue\">4 &#8211;<\/strong> Les reserves hauran de fer-se a trav\u00e9s del nostre portal web, des d&#8217;on es gestionen telem\u00e0ticament els nostres recursos (places i models de kayak per dates), aix\u00ed com el cobrament de l&#8217;activitat.<\/p>\n<ul>\n<li>Per confirmar una reserva, el client haur\u00e0 d&#8217;abonar el 100% del import total.<\/li>\n<\/ul>\n<p>&nbsp;<\/p>\n<p><strong class=\"blue\">5 &#8211;<\/strong> Els preus de les nostres activitats s\u00f3n per persona i inclouen: el material t\u00e8cnic i de seguretat necessari, l&#8217;IVA i una asseguran\u00e7a de R.C. per a totes les nostres activitats + una aseguran\u00e7a d&#8217;accidents espec\u00edfica per a les excursions guiades o dirigides.<\/p>\n<p class=\"inf\" style=\"padding-left: 35px;\">Les nostres p\u00f2lisses estan contractades amb la companyia asseguradora AXA.<\/p>\n<p class=\"inf\" style=\"padding-left: 35px;\">La P\u00f2lissa de R.C. <strong>N\u00ba 08728267<\/strong> cobreix totes les nostres activitats; la nostra P\u00f2lissa d&#8217;accidents N\u00ba 81834193, per\u00f2, est\u00e0 condicionada a la pres\u00e8ncia d&#8217;un guia o monitor de la nostra empresa i per tant nom\u00e9s ofereix cobertura als clients de les nostres activitats guiades o dirigides.<\/p>\n<p class=\"inf\" style=\"padding-left: 35px;\">La informaci\u00f3 completa i detallada sobre les condicions i cobertures de les asseguranses es troba a disposici\u00f3 dels clients.<\/p>\n<p class=\"inf\" style=\"padding-left: 35px;\">A la fitxa t\u00e8cnica de cada activitat s&#8217;especifica l&#8217;equipament incl\u00f2s per <b>KMR<\/b> i el que ha de portar el client.<\/p>\n<p class=\"inf\" style=\"padding-left: 35px;\">La contractaci\u00f3 d&#8217;altres serveis externs (allotjament, transport, &#8230;) correr\u00e0 a c\u00e0rrec del client, si b\u00e9 per facilitar els tramites, poden ser gestionats per <b>KMR<\/b> a petici\u00f3 del client.<\/p>\n<p>&nbsp;<\/p>\n<p><strong class=\"blue\">6 &#8211;<\/strong> El client pot desistir dels serveis contractats, tenint dret a la devoluci\u00f3 de les quantitats abonades, en les condicions i quanties que es detallen a continuaci\u00f3:<\/p>\n<ul>\n<li>Quan el desistiment es produeixi amb m\u00e9s de 10 di\u00e9s d&#8217;antelaci\u00f3 a la data d&#8217;inici de l&#8217;activitat contractada, s&#8217;aplicar\u00e0 una penalitzaci\u00f3 del 10% sobre l&#8217;import total, en concepte de despeses administratives i de gesti\u00f3.<\/li>\n<li>Quan el desistiment o cancel\u00b7laci\u00f3 es produeixi entre els 5 i els 10 dies anteriors a la data d&#8217;inici de l&#8217;activitat contractada, s&#8217;aplicar\u00e0 una penalitzaci\u00f3 del 20% de l&#8217;import total de la reserva.<\/li>\n<li>Quan el desistiment o cancel\u00b7laci\u00f3 es produeixi entre els 2 i els 4 dies anteriors a la data d&#8217;inici de l&#8217;activitat contractada, s&#8217;aplicar\u00e0 una penalitzaci\u00f3 del 40% de l&#8217;import total de la reserva.<\/li>\n<li>Les cancel\u00b7lacions comunicades en un termini de temps inferiors a 48h a contar des del moment previst d&#8217;inici de l&#8217;activitat (10:00 del dia escollit en fer la reserva), o el fet de no presentar-se sense previ av\u00eds, a la data i hora previstes i indicades per realitzar l&#8217;activitat contractada amb <b style=\"font-style: inherit;\">KMR<\/b>, suposar\u00e0, en ambos casos, la p\u00e8rdua total de l&#8217;import pr\u00e8viament satisfet a l&#8217;efectuar la reserva.<\/li>\n<\/ul>\n<p><strong class=\"blue\">7 &#8211;<\/strong> El comprom\u00eds de <b>KMR<\/b> comen\u00e7a amb l&#8217;actividad contractada, pel que \u00e9s responsabilitat del client el transport fina al lloc d&#8217;inici de l&#8217;activitat. El contracte i la responsabilitat de <b>KMR<\/b> afecta exclusivament a la feina directa dels seus t\u00e8cnics i personal laboral aix\u00ed com a l&#8217;organitzaci\u00f3 de l&#8217;activitat.<\/p>\n<p><strong class=\"blue\">8 &#8211;<\/strong> Des de la confirmaci\u00f3 de la reserva, el client assumir\u00e0 de manera expressa la totalitat de les presents Condicions Generals. En cas que una persona inscrigui altes, assumeix en el seu\/s nom\/s totes i cada una d&#8217;aquestes Condicions Generals.<\/p>\n","protected":false},"excerpt":{"rendered":"<p>KAYAKING MONT REBEI S.L. (endavant KMR), \u00e9s una empresa d&#8217;activitat tur\u00edstica i esportiva, domiciliada al Carrer Arrabal s\/n de Pont de Montanyana, C.P.:22584 &#8211; Osca, i C.I.F.: B22253496. 1 &#8211; Per participar a les activitats que ofrereix KMR, es imprescindible saber nedar. Els menors d&#8217;edat hauran de portar una autoritzaci\u00f3 firmada pel pare, mare o [&hellip;]<\/p>\n","protected":false},"author":1,"featured_media":0,"parent":0,"menu_order":0,"comment_status":"closed","ping_status":"closed","template":"","meta":{"_acf_changed":false,"site-sidebar-layout":"default","site-content-layout":"default","ast-site-content-layout":"default","site-content-style":"default","site-sidebar-style":"default","ast-global-header-display":"","ast-banner-title-visibility":"","ast-main-header-display":"","ast-hfb-above-header-display":"","ast-hfb-below-header-display":"","ast-hfb-mobile-header-display":"","site-post-title":"","ast-breadcrumbs-content":"","ast-featured-img":"","footer-sml-layout":"","ast-disable-related-posts":"","theme-transparent-header-meta":"default","adv-header-id-meta":"","stick-header-meta":"","header-above-stick-meta":"","header-main-stick-meta":"","header-below-stick-meta":"","astra-migrate-meta-layouts":"default","ast-page-background-enabled":"default","ast-page-background-meta":{"desktop":{"background-color":"var(--ast-global-color-4)","background-image":"","background-repeat":"repeat","background-position":"center center","background-size":"auto","background-attachment":"scroll","background-type":"","background-media":"","overlay-type":"","overlay-color":"","overlay-opacity":"","overlay-gradient":""},"tablet":{"background-color":"","background-image":"","background-repeat":"repeat","background-position":"center center","background-size":"auto","background-attachment":"scroll","background-type":"","background-media":"","overlay-type":"","overlay-color":"","overlay-opacity":"","overlay-gradient":""},"mobile":{"background-color":"","background-image":"","background-repeat":"repeat","background-position":"center center","background-size":"auto","background-attachment":"scroll","background-type":"","background-media":"","overlay-type":"","overlay-color":"","overlay-opacity":"","overlay-gradient":""}},"ast-content-background-meta":{"desktop":{"background-color":"var(--ast-global-color-5)","background-image":"","background-repeat":"repeat","background-position":"center center","background-size":"auto","background-attachment":"scroll","background-type":"","background-media":"","overlay-type":"","overlay-color":"","overlay-opacity":"","overlay-gradient":""},"tablet":{"background-color":"var(--ast-global-color-5)","background-image":"","background-repeat":"repeat","background-position":"center center","background-size":"auto","background-attachment":"scroll","background-type":"","background-media":"","overlay-type":"","overlay-color":"","overlay-opacity":"","overlay-gradient":""},"mobile":{"background-color":"var(--ast-global-color-5)","background-image":"","background-repeat":"repeat","background-position":"center center","background-size":"auto","background-attachment":"scroll","background-type":"","background-media":"","overlay-type":"","overlay-color":"","overlay-opacity":"","overlay-gradient":""}},"footnotes":""},"class_list":["post-6545","page","type-page","status-publish","hentry"],"acf":[],"yoast_head":"<!-- This site is optimized with the Yoast SEO plugin v27.2 - https:\/\/yoast.com\/product\/yoast-seo-wordpress\/ -->\n<title>Condicions de Contractaci\u00f3 i Cancel\u00b7laci\u00f3 - Kayaking Montrebei<\/title>\n<meta name=\"robots\" content=\"index, follow, max-snippet:-1, max-image-preview:large, max-video-preview:-1\" \/>\n<link rel=\"canonical\" href=\"https:\/\/www.kmr.es\/ca\/condicions-de-contractacio-i-cancel%c2%b7lacio\/\" \/>\n<meta property=\"og:locale\" content=\"ca_ES\" \/>\n<meta property=\"og:type\" content=\"article\" \/>\n<meta property=\"og:title\" content=\"Condicions de Contractaci\u00f3 i Cancel\u00b7laci\u00f3 - Kayaking Montrebei\" \/>\n<meta property=\"og:description\" content=\"KAYAKING MONT REBEI S.L. (endavant KMR), \u00e9s una empresa d&#8217;activitat tur\u00edstica i esportiva, domiciliada al Carrer Arrabal s\/n de Pont de Montanyana, C.P.:22584 &#8211; Osca, i C.I.F.: B22253496. 1 &#8211; Per participar a les activitats que ofrereix KMR, es imprescindible saber nedar. Els menors d&#8217;edat hauran de portar una autoritzaci\u00f3 firmada pel pare, mare o [&hellip;]\" \/>\n<meta property=\"og:url\" content=\"https:\/\/www.kmr.es\/ca\/condicions-de-contractacio-i-cancel%c2%b7lacio\/\" \/>\n<meta property=\"og:site_name\" content=\"Kayaking Montrebei\" \/>\n<meta property=\"article:publisher\" content=\"https:\/\/www.facebook.com\/kayakingmontrebei\/\" \/>\n<meta property=\"article:modified_time\" content=\"2020-11-16T00:32:30+00:00\" \/>\n<meta name=\"twitter:card\" content=\"summary_large_image\" \/>\n<meta name=\"twitter:label1\" content=\"Temps estimat de lectura\" \/>\n\t<meta name=\"twitter:data1\" content=\"5 minuts\" \/>\n<script type=\"application\/ld+json\" class=\"yoast-schema-graph\">{\"@context\":\"https:\/\/schema.org\",\"@graph\":[{\"@type\":\"WebPage\",\"@id\":\"https:\/\/www.kmr.es\/ca\/condicions-de-contractacio-i-cancel%c2%b7lacio\/\",\"url\":\"https:\/\/www.kmr.es\/ca\/condicions-de-contractacio-i-cancel%c2%b7lacio\/\",\"name\":\"Condicions de Contractaci\u00f3 i Cancel\u00b7laci\u00f3 - Kayaking Montrebei\",\"isPartOf\":{\"@id\":\"https:\/\/www.kmr.es\/ca\/#website\"},\"datePublished\":\"2020-11-16T00:32:20+00:00\",\"dateModified\":\"2020-11-16T00:32:30+00:00\",\"breadcrumb\":{\"@id\":\"https:\/\/www.kmr.es\/ca\/condicions-de-contractacio-i-cancel%c2%b7lacio\/#breadcrumb\"},\"inLanguage\":\"ca\",\"potentialAction\":[{\"@type\":\"ReadAction\",\"target\":[\"https:\/\/www.kmr.es\/ca\/condicions-de-contractacio-i-cancel%c2%b7lacio\/\"]}]},{\"@type\":\"BreadcrumbList\",\"@id\":\"https:\/\/www.kmr.es\/ca\/condicions-de-contractacio-i-cancel%c2%b7lacio\/#breadcrumb\",\"itemListElement\":[{\"@type\":\"ListItem\",\"position\":1,\"name\":\"Home\",\"item\":\"https:\/\/www.kmr.es\/ca\/\"},{\"@type\":\"ListItem\",\"position\":2,\"name\":\"Condicions de Contractaci\u00f3 i Cancel\u00b7laci\u00f3\"}]},{\"@type\":\"WebSite\",\"@id\":\"https:\/\/www.kmr.es\/ca\/#website\",\"url\":\"https:\/\/www.kmr.es\/ca\/\",\"name\":\"Kayaking Montrebei\",\"description\":\"Kayaks en el congosto de Mont Rebei\",\"publisher\":{\"@id\":\"https:\/\/www.kmr.es\/ca\/#organization\"},\"potentialAction\":[{\"@type\":\"SearchAction\",\"target\":{\"@type\":\"EntryPoint\",\"urlTemplate\":\"https:\/\/www.kmr.es\/ca\/?s={search_term_string}\"},\"query-input\":{\"@type\":\"PropertyValueSpecification\",\"valueRequired\":true,\"valueName\":\"search_term_string\"}}],\"inLanguage\":\"ca\"},{\"@type\":\"Organization\",\"@id\":\"https:\/\/www.kmr.es\/ca\/#organization\",\"name\":\"Kayaking Mont Rebei\",\"url\":\"https:\/\/www.kmr.es\/ca\/\",\"logo\":{\"@type\":\"ImageObject\",\"inLanguage\":\"ca\",\"@id\":\"https:\/\/www.kmr.es\/ca\/#\/schema\/logo\/image\/\",\"url\":\"https:\/\/www.kmr.es\/wp-content\/uploads\/2019\/12\/logo_kmr_pos@2x.png\",\"contentUrl\":\"https:\/\/www.kmr.es\/wp-content\/uploads\/2019\/12\/logo_kmr_pos@2x.png\",\"width\":375,\"height\":79,\"caption\":\"Kayaking Mont Rebei\"},\"image\":{\"@id\":\"https:\/\/www.kmr.es\/ca\/#\/schema\/logo\/image\/\"},\"sameAs\":[\"https:\/\/www.facebook.com\/kayakingmontrebei\/\",\"https:\/\/www.instagram.com\/kayakingmontrebei\/?hl=es\"]}]}<\/script>\n<!-- \/ Yoast SEO plugin. -->","yoast_head_json":{"title":"Condicions de Contractaci\u00f3 i Cancel\u00b7laci\u00f3 - Kayaking Montrebei","robots":{"index":"index","follow":"follow","max-snippet":"max-snippet:-1","max-image-preview":"max-image-preview:large","max-video-preview":"max-video-preview:-1"},"canonical":"https:\/\/www.kmr.es\/ca\/condicions-de-contractacio-i-cancel%c2%b7lacio\/","og_locale":"ca_ES","og_type":"article","og_title":"Condicions de Contractaci\u00f3 i Cancel\u00b7laci\u00f3 - Kayaking Montrebei","og_description":"KAYAKING MONT REBEI S.L. (endavant KMR), \u00e9s una empresa d&#8217;activitat tur\u00edstica i esportiva, domiciliada al Carrer Arrabal s\/n de Pont de Montanyana, C.P.:22584 &#8211; Osca, i C.I.F.: B22253496. 1 &#8211; Per participar a les activitats que ofrereix KMR, es imprescindible saber nedar. Els menors d&#8217;edat hauran de portar una autoritzaci\u00f3 firmada pel pare, mare o [&hellip;]","og_url":"https:\/\/www.kmr.es\/ca\/condicions-de-contractacio-i-cancel%c2%b7lacio\/","og_site_name":"Kayaking Montrebei","article_publisher":"https:\/\/www.facebook.com\/kayakingmontrebei\/","article_modified_time":"2020-11-16T00:32:30+00:00","twitter_card":"summary_large_image","twitter_misc":{"Temps estimat de lectura":"5 minuts"},"schema":{"@context":"https:\/\/schema.org","@graph":[{"@type":"WebPage","@id":"https:\/\/www.kmr.es\/ca\/condicions-de-contractacio-i-cancel%c2%b7lacio\/","url":"https:\/\/www.kmr.es\/ca\/condicions-de-contractacio-i-cancel%c2%b7lacio\/","name":"Condicions de Contractaci\u00f3 i Cancel\u00b7laci\u00f3 - Kayaking Montrebei","isPartOf":{"@id":"https:\/\/www.kmr.es\/ca\/#website"},"datePublished":"2020-11-16T00:32:20+00:00","dateModified":"2020-11-16T00:32:30+00:00","breadcrumb":{"@id":"https:\/\/www.kmr.es\/ca\/condicions-de-contractacio-i-cancel%c2%b7lacio\/#breadcrumb"},"inLanguage":"ca","potentialAction":[{"@type":"ReadAction","target":["https:\/\/www.kmr.es\/ca\/condicions-de-contractacio-i-cancel%c2%b7lacio\/"]}]},{"@type":"BreadcrumbList","@id":"https:\/\/www.kmr.es\/ca\/condicions-de-contractacio-i-cancel%c2%b7lacio\/#breadcrumb","itemListElement":[{"@type":"ListItem","position":1,"name":"Home","item":"https:\/\/www.kmr.es\/ca\/"},{"@type":"ListItem","position":2,"name":"Condicions de Contractaci\u00f3 i Cancel\u00b7laci\u00f3"}]},{"@type":"WebSite","@id":"https:\/\/www.kmr.es\/ca\/#website","url":"https:\/\/www.kmr.es\/ca\/","name":"Kayaking Montrebei","description":"Kayaks en el congosto de Mont Rebei","publisher":{"@id":"https:\/\/www.kmr.es\/ca\/#organization"},"potentialAction":[{"@type":"SearchAction","target":{"@type":"EntryPoint","urlTemplate":"https:\/\/www.kmr.es\/ca\/?s={search_term_string}"},"query-input":{"@type":"PropertyValueSpecification","valueRequired":true,"valueName":"search_term_string"}}],"inLanguage":"ca"},{"@type":"Organization","@id":"https:\/\/www.kmr.es\/ca\/#organization","name":"Kayaking Mont Rebei","url":"https:\/\/www.kmr.es\/ca\/","logo":{"@type":"ImageObject","inLanguage":"ca","@id":"https:\/\/www.kmr.es\/ca\/#\/schema\/logo\/image\/","url":"https:\/\/www.kmr.es\/wp-content\/uploads\/2019\/12\/logo_kmr_pos@2x.png","contentUrl":"https:\/\/www.kmr.es\/wp-content\/uploads\/2019\/12\/logo_kmr_pos@2x.png","width":375,"height":79,"caption":"Kayaking Mont Rebei"},"image":{"@id":"https:\/\/www.kmr.es\/ca\/#\/schema\/logo\/image\/"},"sameAs":["https:\/\/www.facebook.com\/kayakingmontrebei\/","https:\/\/www.instagram.com\/kayakingmontrebei\/?hl=es"]}]}},"_links":{"self":[{"href":"https:\/\/www.kmr.es\/ca\/wp-json\/wp\/v2\/pages\/6545","targetHints":{"allow":["GET"]}}],"collection":[{"href":"https:\/\/www.kmr.es\/ca\/wp-json\/wp\/v2\/pages"}],"about":[{"href":"https:\/\/www.kmr.es\/ca\/wp-json\/wp\/v2\/types\/page"}],"author":[{"embeddable":true,"href":"https:\/\/www.kmr.es\/ca\/wp-json\/wp\/v2\/users\/1"}],"replies":[{"embeddable":true,"href":"https:\/\/www.kmr.es\/ca\/wp-json\/wp\/v2\/comments?post=6545"}],"version-history":[{"count":0,"href":"https:\/\/www.kmr.es\/ca\/wp-json\/wp\/v2\/pages\/6545\/revisions"}],"wp:attachment":[{"href":"https:\/\/www.kmr.es\/ca\/wp-json\/wp\/v2\/media?parent=6545"}],"curies":[{"name":"wp","href":"https:\/\/api.w.org\/{rel}","templated":true}]}}