{"id":6766,"date":"2020-01-13T12:34:53","date_gmt":"2020-01-13T12:34:53","guid":{"rendered":"https:\/\/www.kmr.es\/actividades\/el-congost-de-mont-rebei-per-lliure\/"},"modified":"2025-10-17T13:08:49","modified_gmt":"2025-10-17T11:08:49","slug":"el-congosto-de-mont-rebei-en-kayak-por-libre","status":"publish","type":"product","link":"https:\/\/www.kmr.es\/ca\/activitats\/el-congosto-de-mont-rebei-en-kayak-por-libre\/","title":{"rendered":"El Congost de Mont Rebei (per lliure)"},"content":{"rendered":"<p>El Congost de Mont Rebei per lliure \u00e9s l&#8217;activitat amb la qual podr\u00e0s con\u00e8ixer l&#8217;entorn al teu ritme. Anar amb kayak, banyar-te, caminar, fer fotos&#8230;<\/p>\n<p>Es proporcionar\u00e0 el material necessari, les explicacions t\u00e8cniques pertinents i&#8230; a gaudir de l&#8217;entorn!<\/p>\n<p>Aquesta activitat dura des de les <strong>10:00 hores<\/strong> fins les <strong>17:00 hores<\/strong>, moment en que es retorna el material a la zona d&#8217;embarcament.<\/p>\n<p>Per raons pr\u00e0ctiques i de comoditat, us aconsellem que reserveu la vostra pla\u00e7a de cotxe al P\u00e0rquing de la Masieta.<\/p>\n<p><strong><a href=\"https:\/\/tickets.fundaciocatalunyalapedrera.com\/congostdemontrebei\/venda\/index.jsp?lang=1&amp;nom_cache=MONT-REBEI&amp;property=MONT-REBEI\" target=\"_blank\" rel=\"noopener noreferrer\">Reservar P\u00e0rquing de la Masieta<\/a><\/strong><\/p>\n<p>Y esta es su ubicaci\u00f3n:<\/p>\n<p><strong><a href=\"https:\/\/www.google.com\/maps\/dir\/41.8497755,0.2901827\/parking+de+la+masieta\/@41.996265,0.166372,10z\/data=!3m1!4b1!4m9!4m8!1m1!4e1!1m5!1m1!1s0x12a64e6a9efaf43d:0x18e7868ac5ab0ff2!2m2!1d0.6983077!2d42.0973151\" target=\"_blank\" rel=\"noopener\">Ubicaci\u00f3 P\u00e0rquing de la Masieta<\/a><\/strong><\/p>\n<p>&nbsp;<\/p>\n<p>&nbsp;<\/p>\n","protected":false},"excerpt":{"rendered":"<h6><em style=\"font-size: 1.2em; font-weight: bold;\">Per aquells amants de l&#8217;aventura que vulguin con\u00e8ixer el Congost de Mont Rebei, us oferim la possibilitat de fer aquesta ruta per lliure sense la supervisi\u00f3 d&#8217;un membre de l&#8217;equip Kayaking.<\/em><\/h6>\n<p>&nbsp;<\/p>\n<p>Horari:<br \/>\n<strong>Es pot embarcar des de les 10:00 fins a les 17 h, que s&#8217;haur\u00e0 de tornar el material.<br \/>\nDes del mes d&#8217;Octubre fins al Febrer seguim navegant amb rutes i horaris adaptats a l&#8217;\u00e8poca de l&#8217;any.<\/strong><\/p>\n<p>&nbsp;<\/p>\n<blockquote>\n<p style=\"text-align: left;\"><strong>Per m\u00e9s informaci\u00f3 contacteu per tel\u00e8fon:<\/strong><\/p>\n<p style=\"text-align: left;\">[elementor-template id=\"6672\"]<\/p>\n<\/blockquote>\n","protected":false},"featured_media":1304,"template":"","meta":{"_acf_changed":false,"site-sidebar-layout":"default","site-content-layout":"default","ast-site-content-layout":"default","site-content-style":"default","site-sidebar-style":"default","ast-global-header-display":"","ast-banner-title-visibility":"","ast-main-header-display":"","ast-hfb-above-header-display":"","ast-hfb-below-header-display":"","ast-hfb-mobile-header-display":"","site-post-title":"","ast-breadcrumbs-content":"","ast-featured-img":"","footer-sml-layout":"","ast-disable-related-posts":"","theme-transparent-header-meta":"default","adv-header-id-meta":"","stick-header-meta":"","header-above-stick-meta":"","header-main-stick-meta":"","header-below-stick-meta":"","astra-migrate-meta-layouts":"set","ast-page-background-enabled":"default","ast-page-background-meta":{"desktop":{"background-color":"var(--ast-global-color-4)","background-image":"","background-repeat":"repeat","background-position":"center center","background-size":"auto","background-attachment":"scroll","background-type":"","background-media":"","overlay-type":"","overlay-color":"","overlay-opacity":"","overlay-gradient":""},"tablet":{"background-color":"","background-image":"","background-repeat":"repeat","background-position":"center center","background-size":"auto","background-attachment":"scroll","background-type":"","background-media":"","overlay-type":"","overlay-color":"","overlay-opacity":"","overlay-gradient":""},"mobile":{"background-color":"","background-image":"","background-repeat":"repeat","background-position":"center center","background-size":"auto","background-attachment":"scroll","background-type":"","background-media":"","overlay-type":"","overlay-color":"","overlay-opacity":"","overlay-gradient":""}},"ast-content-background-meta":{"desktop":{"background-color":"var(--ast-global-color-5)","background-image":"","background-repeat":"repeat","background-position":"center center","background-size":"auto","background-attachment":"scroll","background-type":"","background-media":"","overlay-type":"","overlay-color":"","overlay-opacity":"","overlay-gradient":""},"tablet":{"background-color":"var(--ast-global-color-5)","background-image":"","background-repeat":"repeat","background-position":"center center","background-size":"auto","background-attachment":"scroll","background-type":"","background-media":"","overlay-type":"","overlay-color":"","overlay-opacity":"","overlay-gradient":""},"mobile":{"background-color":"var(--ast-global-color-5)","background-image":"","background-repeat":"repeat","background-position":"center center","background-size":"auto","background-attachment":"scroll","background-type":"","background-media":"","overlay-type":"","overlay-color":"","overlay-opacity":"","overlay-gradient":""}}},"product_brand":[],"product_cat":[44],"product_tag":[],"class_list":{"0":"post-6766","1":"product","2":"type-product","3":"status-publish","4":"has-post-thumbnail","6":"product_cat-mont-rebei-ca","7":"desktop-align-left","8":"tablet-align-left","9":"mobile-align-left","10":"ast-product-gallery-layout-horizontal-slider","11":"ast-product-tabs-layout-horizontal","13":"first","14":"instock","15":"virtual","16":"sold-individually","17":"taxable","18":"purchasable","19":"product-type-booking"},"booking_location":"","booking_location_type":"","booking_duration":1,"booking_duration_unit":"day","booking_buffer":0,"booking_cost":0,"booking_resources":[1599,1598,21775],"acf":[],"yoast_head":"<!-- This site is optimized with the Yoast SEO plugin v27.2 - https:\/\/yoast.com\/product\/yoast-seo-wordpress\/ -->\n<title>El Congost de Mont Rebei (per lliure) - Kayaking Montrebei<\/title>\n<meta name=\"description\" content=\"Per aquells aficionats a l&#039;aventura i la natura que vulguin con\u00e8ixer el Congost de Mont Rebei, aquesta opci\u00f3 \u00e9s ideal.\" \/>\n<meta name=\"robots\" content=\"index, follow, max-snippet:-1, max-image-preview:large, max-video-preview:-1\" \/>\n<link rel=\"canonical\" href=\"https:\/\/www.kmr.es\/ca\/activitats\/el-congosto-de-mont-rebei-en-kayak-por-libre\/\" \/>\n<meta property=\"og:locale\" content=\"ca_ES\" \/>\n<meta property=\"og:type\" content=\"article\" \/>\n<meta property=\"og:title\" content=\"El Congost de Mont Rebei (per lliure) - Kayaking Montrebei\" \/>\n<meta property=\"og:description\" content=\"Per aquells aficionats a l&#039;aventura i la natura que vulguin con\u00e8ixer el Congost de Mont Rebei, aquesta opci\u00f3 \u00e9s ideal.\" \/>\n<meta property=\"og:url\" content=\"https:\/\/www.kmr.es\/ca\/activitats\/el-congosto-de-mont-rebei-en-kayak-por-libre\/\" \/>\n<meta property=\"og:site_name\" content=\"Kayaking Montrebei\" \/>\n<meta property=\"article:publisher\" content=\"https:\/\/www.facebook.com\/kayakingmontrebei\/\" \/>\n<meta property=\"article:modified_time\" content=\"2025-10-17T11:08:49+00:00\" \/>\n<meta name=\"twitter:card\" content=\"summary_large_image\" \/>\n<meta name=\"twitter:label1\" content=\"Temps estimat de lectura\" \/>\n\t<meta name=\"twitter:data1\" content=\"1 minut\" \/>\n<script type=\"application\/ld+json\" class=\"yoast-schema-graph\">{\"@context\":\"https:\/\/schema.org\",\"@graph\":[{\"@type\":\"WebPage\",\"@id\":\"https:\/\/www.kmr.es\/ca\/activitats\/el-congosto-de-mont-rebei-en-kayak-por-libre\/\",\"url\":\"https:\/\/www.kmr.es\/ca\/activitats\/el-congosto-de-mont-rebei-en-kayak-por-libre\/\",\"name\":\"El Congost de Mont Rebei (per lliure) - Kayaking Montrebei\",\"isPartOf\":{\"@id\":\"https:\/\/www.kmr.es\/ca\/#website\"},\"primaryImageOfPage\":{\"@id\":\"https:\/\/www.kmr.es\/ca\/activitats\/el-congosto-de-mont-rebei-en-kayak-por-libre\/#primaryimage\"},\"image\":{\"@id\":\"https:\/\/www.kmr.es\/ca\/activitats\/el-congosto-de-mont-rebei-en-kayak-por-libre\/#primaryimage\"},\"thumbnailUrl\":\"https:\/\/www.kmr.es\/wp-content\/uploads\/2020\/01\/montrebei-libre-square.jpg\",\"datePublished\":\"2020-01-13T12:34:53+00:00\",\"dateModified\":\"2025-10-17T11:08:49+00:00\",\"description\":\"Per aquells aficionats a l'aventura i la natura que vulguin con\u00e8ixer el Congost de Mont Rebei, aquesta opci\u00f3 \u00e9s ideal.\",\"breadcrumb\":{\"@id\":\"https:\/\/www.kmr.es\/ca\/activitats\/el-congosto-de-mont-rebei-en-kayak-por-libre\/#breadcrumb\"},\"inLanguage\":\"ca\",\"potentialAction\":[{\"@type\":\"ReadAction\",\"target\":[\"https:\/\/www.kmr.es\/ca\/activitats\/el-congosto-de-mont-rebei-en-kayak-por-libre\/\"]}]},{\"@type\":\"ImageObject\",\"inLanguage\":\"ca\",\"@id\":\"https:\/\/www.kmr.es\/ca\/activitats\/el-congosto-de-mont-rebei-en-kayak-por-libre\/#primaryimage\",\"url\":\"https:\/\/www.kmr.es\/wp-content\/uploads\/2020\/01\/montrebei-libre-square.jpg\",\"contentUrl\":\"https:\/\/www.kmr.es\/wp-content\/uploads\/2020\/01\/montrebei-libre-square.jpg\",\"width\":1500,\"height\":1500,\"caption\":\"Kayaking Mont Rebei\"},{\"@type\":\"BreadcrumbList\",\"@id\":\"https:\/\/www.kmr.es\/ca\/activitats\/el-congosto-de-mont-rebei-en-kayak-por-libre\/#breadcrumb\",\"itemListElement\":[{\"@type\":\"ListItem\",\"position\":1,\"name\":\"Home\",\"item\":\"https:\/\/www.kmr.es\/ca\/\"},{\"@type\":\"ListItem\",\"position\":2,\"name\":\"Activitats\",\"item\":\"https:\/\/www.kmr.es\/ca\/activitat-lloguer-caiac-mont-rebei-finestres\/\"},{\"@type\":\"ListItem\",\"position\":3,\"name\":\"El Congost de Mont Rebei (per lliure)\"}]},{\"@type\":\"WebSite\",\"@id\":\"https:\/\/www.kmr.es\/ca\/#website\",\"url\":\"https:\/\/www.kmr.es\/ca\/\",\"name\":\"Kayaking Montrebei\",\"description\":\"Kayaks en el congosto de Mont Rebei\",\"publisher\":{\"@id\":\"https:\/\/www.kmr.es\/ca\/#organization\"},\"potentialAction\":[{\"@type\":\"SearchAction\",\"target\":{\"@type\":\"EntryPoint\",\"urlTemplate\":\"https:\/\/www.kmr.es\/ca\/?s={search_term_string}\"},\"query-input\":{\"@type\":\"PropertyValueSpecification\",\"valueRequired\":true,\"valueName\":\"search_term_string\"}}],\"inLanguage\":\"ca\"},{\"@type\":\"Organization\",\"@id\":\"https:\/\/www.kmr.es\/ca\/#organization\",\"name\":\"Kayaking Mont Rebei\",\"url\":\"https:\/\/www.kmr.es\/ca\/\",\"logo\":{\"@type\":\"ImageObject\",\"inLanguage\":\"ca\",\"@id\":\"https:\/\/www.kmr.es\/ca\/#\/schema\/logo\/image\/\",\"url\":\"https:\/\/www.kmr.es\/wp-content\/uploads\/2019\/12\/logo_kmr_pos@2x.png\",\"contentUrl\":\"https:\/\/www.kmr.es\/wp-content\/uploads\/2019\/12\/logo_kmr_pos@2x.png\",\"width\":375,\"height\":79,\"caption\":\"Kayaking Mont Rebei\"},\"image\":{\"@id\":\"https:\/\/www.kmr.es\/ca\/#\/schema\/logo\/image\/\"},\"sameAs\":[\"https:\/\/www.facebook.com\/kayakingmontrebei\/\",\"https:\/\/www.instagram.com\/kayakingmontrebei\/?hl=es\"]}]}<\/script>\n<!-- \/ Yoast SEO plugin. -->","yoast_head_json":{"title":"El Congost de Mont Rebei (per lliure) - Kayaking Montrebei","description":"Per aquells aficionats a l'aventura i la natura que vulguin con\u00e8ixer el Congost de Mont Rebei, aquesta opci\u00f3 \u00e9s ideal.","robots":{"index":"index","follow":"follow","max-snippet":"max-snippet:-1","max-image-preview":"max-image-preview:large","max-video-preview":"max-video-preview:-1"},"canonical":"https:\/\/www.kmr.es\/ca\/activitats\/el-congosto-de-mont-rebei-en-kayak-por-libre\/","og_locale":"ca_ES","og_type":"article","og_title":"El Congost de Mont Rebei (per lliure) - Kayaking Montrebei","og_description":"Per aquells aficionats a l'aventura i la natura que vulguin con\u00e8ixer el Congost de Mont Rebei, aquesta opci\u00f3 \u00e9s ideal.","og_url":"https:\/\/www.kmr.es\/ca\/activitats\/el-congosto-de-mont-rebei-en-kayak-por-libre\/","og_site_name":"Kayaking Montrebei","article_publisher":"https:\/\/www.facebook.com\/kayakingmontrebei\/","article_modified_time":"2025-10-17T11:08:49+00:00","twitter_card":"summary_large_image","twitter_misc":{"Temps estimat de lectura":"1 minut"},"schema":{"@context":"https:\/\/schema.org","@graph":[{"@type":"WebPage","@id":"https:\/\/www.kmr.es\/ca\/activitats\/el-congosto-de-mont-rebei-en-kayak-por-libre\/","url":"https:\/\/www.kmr.es\/ca\/activitats\/el-congosto-de-mont-rebei-en-kayak-por-libre\/","name":"El Congost de Mont Rebei (per lliure) - Kayaking Montrebei","isPartOf":{"@id":"https:\/\/www.kmr.es\/ca\/#website"},"primaryImageOfPage":{"@id":"https:\/\/www.kmr.es\/ca\/activitats\/el-congosto-de-mont-rebei-en-kayak-por-libre\/#primaryimage"},"image":{"@id":"https:\/\/www.kmr.es\/ca\/activitats\/el-congosto-de-mont-rebei-en-kayak-por-libre\/#primaryimage"},"thumbnailUrl":"https:\/\/www.kmr.es\/wp-content\/uploads\/2020\/01\/montrebei-libre-square.jpg","datePublished":"2020-01-13T12:34:53+00:00","dateModified":"2025-10-17T11:08:49+00:00","description":"Per aquells aficionats a l'aventura i la natura que vulguin con\u00e8ixer el Congost de Mont Rebei, aquesta opci\u00f3 \u00e9s ideal.","breadcrumb":{"@id":"https:\/\/www.kmr.es\/ca\/activitats\/el-congosto-de-mont-rebei-en-kayak-por-libre\/#breadcrumb"},"inLanguage":"ca","potentialAction":[{"@type":"ReadAction","target":["https:\/\/www.kmr.es\/ca\/activitats\/el-congosto-de-mont-rebei-en-kayak-por-libre\/"]}]},{"@type":"ImageObject","inLanguage":"ca","@id":"https:\/\/www.kmr.es\/ca\/activitats\/el-congosto-de-mont-rebei-en-kayak-por-libre\/#primaryimage","url":"https:\/\/www.kmr.es\/wp-content\/uploads\/2020\/01\/montrebei-libre-square.jpg","contentUrl":"https:\/\/www.kmr.es\/wp-content\/uploads\/2020\/01\/montrebei-libre-square.jpg","width":1500,"height":1500,"caption":"Kayaking Mont Rebei"},{"@type":"BreadcrumbList","@id":"https:\/\/www.kmr.es\/ca\/activitats\/el-congosto-de-mont-rebei-en-kayak-por-libre\/#breadcrumb","itemListElement":[{"@type":"ListItem","position":1,"name":"Home","item":"https:\/\/www.kmr.es\/ca\/"},{"@type":"ListItem","position":2,"name":"Activitats","item":"https:\/\/www.kmr.es\/ca\/activitat-lloguer-caiac-mont-rebei-finestres\/"},{"@type":"ListItem","position":3,"name":"El Congost de Mont Rebei (per lliure)"}]},{"@type":"WebSite","@id":"https:\/\/www.kmr.es\/ca\/#website","url":"https:\/\/www.kmr.es\/ca\/","name":"Kayaking Montrebei","description":"Kayaks en el congosto de Mont Rebei","publisher":{"@id":"https:\/\/www.kmr.es\/ca\/#organization"},"potentialAction":[{"@type":"SearchAction","target":{"@type":"EntryPoint","urlTemplate":"https:\/\/www.kmr.es\/ca\/?s={search_term_string}"},"query-input":{"@type":"PropertyValueSpecification","valueRequired":true,"valueName":"search_term_string"}}],"inLanguage":"ca"},{"@type":"Organization","@id":"https:\/\/www.kmr.es\/ca\/#organization","name":"Kayaking Mont Rebei","url":"https:\/\/www.kmr.es\/ca\/","logo":{"@type":"ImageObject","inLanguage":"ca","@id":"https:\/\/www.kmr.es\/ca\/#\/schema\/logo\/image\/","url":"https:\/\/www.kmr.es\/wp-content\/uploads\/2019\/12\/logo_kmr_pos@2x.png","contentUrl":"https:\/\/www.kmr.es\/wp-content\/uploads\/2019\/12\/logo_kmr_pos@2x.png","width":375,"height":79,"caption":"Kayaking Mont Rebei"},"image":{"@id":"https:\/\/www.kmr.es\/ca\/#\/schema\/logo\/image\/"},"sameAs":["https:\/\/www.facebook.com\/kayakingmontrebei\/","https:\/\/www.instagram.com\/kayakingmontrebei\/?hl=es"]}]}},"_links":{"self":[{"href":"https:\/\/www.kmr.es\/ca\/wp-json\/wp\/v2\/product\/6766","targetHints":{"allow":["GET"]}}],"collection":[{"href":"https:\/\/www.kmr.es\/ca\/wp-json\/wp\/v2\/product"}],"about":[{"href":"https:\/\/www.kmr.es\/ca\/wp-json\/wp\/v2\/types\/product"}],"version-history":[{"count":0,"href":"https:\/\/www.kmr.es\/ca\/wp-json\/wp\/v2\/product\/6766\/revisions"}],"wp:featuredmedia":[{"embeddable":true,"href":"https:\/\/www.kmr.es\/ca\/wp-json\/wp\/v2\/media\/1304"}],"wp:attachment":[{"href":"https:\/\/www.kmr.es\/ca\/wp-json\/wp\/v2\/media?parent=6766"}],"wp:term":[{"taxonomy":"product_brand","embeddable":true,"href":"https:\/\/www.kmr.es\/ca\/wp-json\/wp\/v2\/product_brand?post=6766"},{"taxonomy":"product_cat","embeddable":true,"href":"https:\/\/www.kmr.es\/ca\/wp-json\/wp\/v2\/product_cat?post=6766"},{"taxonomy":"product_tag","embeddable":true,"href":"https:\/\/www.kmr.es\/ca\/wp-json\/wp\/v2\/product_tag?post=6766"}],"curies":[{"name":"wp","href":"https:\/\/api.w.org\/{rel}","templated":true}]}}