{"id":9106,"date":"2020-01-10T09:52:23","date_gmt":"2020-01-10T08:52:23","guid":{"rendered":"https:\/\/www.kmr.es\/actividades\/el-congost-de-mont-rebei-kayak-trekking\/"},"modified":"2025-10-18T22:20:57","modified_gmt":"2025-10-18T20:20:57","slug":"congosto-mont-rebei-transfer","status":"publish","type":"product","link":"https:\/\/www.kmr.es\/ca\/activitats\/congosto-mont-rebei-transfer\/","title":{"rendered":"El Congosto de Mont Rebei (Trekking &#8211; Kayak)"},"content":{"rendered":"<p>Aquesta activitat consisteix a realitzar la ruta entre La Masieta (Sant Esteve de la Sarga) i l&#8217;alberg de Montfalc\u00f3 (Viacamp). Es pot iniciar l&#8217;activitat des de qualsevol dels dos punts, al que es retornar\u00e0 per finalitzar la jordana i recollir el vostre vehicle.<\/p>\n<p>Pensada per a tots aquells que no es volen perdre cap detall de l&#8217;entorn; es podr\u00e0 observar el paisatge des de dos punts de vista diferents: l&#8217;aigua i el cam\u00ed. El recorregut es divideix en dues etapes. La trekking, que consta d&#8217;una caminada de 8-9 km; i la kayak, d&#8217;uns 7-8 km.<\/p>\n<p><em>ENTREGA I RECEPCI\u00d3 DE KAYAKS EN HORARI DE MAT\u00cd:<\/em><strong><br \/>\nSortida a Montfalc\u00f3 a les 10:00 hores i arribada a La Masieta a les 12:30 hores<br \/>\nSortida a La Masieta a les 10:00 hores i arribada a Montfalc\u00f3 a les 12:30 hores.<\/strong><\/p>\n<p><em>ENTREGA Y RECEPCI\u00d3 DE KAYAKS EN HORARI DE TARDA:<\/em><br \/>\n<strong>Sortida a Montfalc\u00f3 a les 13:30 hores i arribada a La Masieta a les 16:00 hores.<\/strong><br \/>\n<strong>Sortida de La Masieta a les 13:30 hores i arribada a Montfalc\u00f3 a les 16:00 hores.<\/strong><\/p>\n<p>La duraci\u00f3 aproximada de senderisme es d&#8217;unes 3 hores. Tot i aix\u00ed, es recomanable no anar amb el temps just per poder parar a descansar si es necessari.<\/p>\n<p>L&#8217;activitat no \u00e9s guiada. Per aquest motiu heu de rebre la informaci\u00f3 i els consells t\u00e8cnics necessaris per poder dur a terme l&#8217;activitat amb seguretat.<\/p>\n<p>Por razones pr\u00e1cticas y de comodidad, os aconsejamos que reserv\u00e9is vuestra plaza de coche en el Parking de la Masieta.<\/p>\n<p><strong><a href=\"https:\/\/tickets.fundaciocatalunyalapedrera.com\/congostdemontrebei\/venda\/index.jsp?lang=1&amp;nom_cache=MONT-REBEI&amp;property=MONT-REBEI\" target=\"_blank\" rel=\"noopener noreferrer\">Reservar Parking de la Masieta<\/a><\/strong><\/p>\n<p>Y esta es su ubicaci\u00f3n:<\/p>\n<p><strong><a href=\"https:\/\/www.google.com\/maps\/dir\/41.8497755,0.2901827\/parking+de+la+masieta\/@41.996265,0.166372,10z\/data=!3m1!4b1!4m9!4m8!1m1!4e1!1m5!1m1!1s0x12a64e6a9efaf43d:0x18e7868ac5ab0ff2!2m2!1d0.6983077!2d42.0973151\" target=\"_blank\" rel=\"noopener\">Ubicaci\u00f3n Parking de la Masieta<\/a><\/strong><\/p>\n<p>&nbsp;<\/p>\n","protected":false},"excerpt":{"rendered":"<h5><em>Activitat que es convina el kayak amb el sendirisme. Naveguem pel Congost de Mont Rebei yi caminem pel Congost i les passarel\u00b7les de Montfalc\u00f3. Pensada per a tots aquells que no es volen perdre cap detall del entorn; es podr\u00e1 observar el paisatge des de dos punts de vista diferents: l\u2019aigua i el cam\u00ed.<\/em><\/h5>\n<p><span style=\"font-size: 16px; -webkit-text-size-adjust: 100%;\"><br \/>\nAquesta activitat l&#8217;oferim amb molt d&#8217;orgull destacant el no <\/span><span style=\"font-size: 16px; -webkit-text-size-adjust: 100%;\">\u00fas de motors a Mont Rebei i aix\u00ed seguir protegint el nostre entorn.<\/span><\/p>\n<p>&nbsp;<\/p>\n<h6><em style=\"font-size: 1.2em; font-weight: bold;\">Per aquells amants de l&#8217;aventura que vulguin con\u00e8ixer el Congost de Mont Rebei, us oferim la possibilitat de fer aquesta ruta per lliure sense la supervisi\u00f3 d&#8217;un membre de l&#8217;equip de Kayaking.\u00a0<\/em><\/h6>\n<p>&nbsp;<\/p>\n<p>Horari:<br \/>\n<strong>Es pot embarcar des de les 10:00 fins a les 16\/17 h, que s&#8217;haur\u00e0 de tornar el material.<\/strong><\/p>\n<p>&nbsp;<\/p>\n<blockquote>\n<p style=\"text-align: left;\"><strong>Per m\u00e9s informaci\u00f3 contacteu amb nosaltres al tel\u00e8fon:<\/strong><\/p>\n<p style=\"text-align: left;\">[elementor-template id=\"6672\"]<\/p>\n<\/blockquote>\n<p style=\"text-align: center;\">\n","protected":false},"featured_media":1308,"template":"","meta":{"_acf_changed":false,"site-sidebar-layout":"default","site-content-layout":"default","ast-site-content-layout":"default","site-content-style":"default","site-sidebar-style":"default","ast-global-header-display":"","ast-banner-title-visibility":"","ast-main-header-display":"","ast-hfb-above-header-display":"","ast-hfb-below-header-display":"","ast-hfb-mobile-header-display":"","site-post-title":"","ast-breadcrumbs-content":"","ast-featured-img":"","footer-sml-layout":"","ast-disable-related-posts":"","theme-transparent-header-meta":"default","adv-header-id-meta":"","stick-header-meta":"","header-above-stick-meta":"","header-main-stick-meta":"","header-below-stick-meta":"","astra-migrate-meta-layouts":"set","ast-page-background-enabled":"default","ast-page-background-meta":{"desktop":{"background-color":"var(--ast-global-color-4)","background-image":"","background-repeat":"repeat","background-position":"center center","background-size":"auto","background-attachment":"scroll","background-type":"","background-media":"","overlay-type":"","overlay-color":"","overlay-opacity":"","overlay-gradient":""},"tablet":{"background-color":"","background-image":"","background-repeat":"repeat","background-position":"center center","background-size":"auto","background-attachment":"scroll","background-type":"","background-media":"","overlay-type":"","overlay-color":"","overlay-opacity":"","overlay-gradient":""},"mobile":{"background-color":"","background-image":"","background-repeat":"repeat","background-position":"center center","background-size":"auto","background-attachment":"scroll","background-type":"","background-media":"","overlay-type":"","overlay-color":"","overlay-opacity":"","overlay-gradient":""}},"ast-content-background-meta":{"desktop":{"background-color":"var(--ast-global-color-5)","background-image":"","background-repeat":"repeat","background-position":"center center","background-size":"auto","background-attachment":"scroll","background-type":"","background-media":"","overlay-type":"","overlay-color":"","overlay-opacity":"","overlay-gradient":""},"tablet":{"background-color":"var(--ast-global-color-5)","background-image":"","background-repeat":"repeat","background-position":"center center","background-size":"auto","background-attachment":"scroll","background-type":"","background-media":"","overlay-type":"","overlay-color":"","overlay-opacity":"","overlay-gradient":""},"mobile":{"background-color":"var(--ast-global-color-5)","background-image":"","background-repeat":"repeat","background-position":"center center","background-size":"auto","background-attachment":"scroll","background-type":"","background-media":"","overlay-type":"","overlay-color":"","overlay-opacity":"","overlay-gradient":""}}},"product_brand":[],"product_cat":[44],"product_tag":[54],"class_list":{"0":"post-9106","1":"product","2":"type-product","3":"status-publish","4":"has-post-thumbnail","6":"product_cat-mont-rebei-ca","7":"product_tag-reserva-exterior-ca","8":"desktop-align-left","9":"tablet-align-left","10":"mobile-align-left","11":"ast-product-gallery-layout-horizontal-slider","12":"ast-product-tabs-layout-horizontal","14":"first","15":"instock","16":"sold-individually","17":"taxable","18":"shipping-taxable","19":"purchasable","20":"product-type-booking"},"booking_location":"","booking_location_type":"","booking_duration":1,"booking_duration_unit":"day","booking_buffer":0,"booking_cost":0,"booking_resources":[],"acf":[],"yoast_head":"<!-- This site is optimized with the Yoast SEO plugin v27.2 - https:\/\/yoast.com\/product\/yoast-seo-wordpress\/ -->\n<title>El Congosto de Mont Rebei (Trekking - Kayak) - Kayaking Montrebei<\/title>\n<meta name=\"description\" content=\"Combinar\u00e0s kayak-trekking. Recorrer\u00e0s les passarel\u00b7les de Montfalc\u00f3 i remar\u00e0s creuant l&#039;espectacular Congost de Mont Rebei.\" \/>\n<meta name=\"robots\" content=\"index, follow, max-snippet:-1, max-image-preview:large, max-video-preview:-1\" \/>\n<link rel=\"canonical\" href=\"https:\/\/www.kmr.es\/ca\/activitats\/congosto-mont-rebei-transfer\/\" \/>\n<meta property=\"og:locale\" content=\"ca_ES\" \/>\n<meta property=\"og:type\" content=\"article\" \/>\n<meta property=\"og:title\" content=\"El Congosto de Mont Rebei (Trekking - Kayak) - Kayaking Montrebei\" \/>\n<meta property=\"og:description\" content=\"Combinar\u00e0s kayak-trekking. Recorrer\u00e0s les passarel\u00b7les de Montfalc\u00f3 i remar\u00e0s creuant l&#039;espectacular Congost de Mont Rebei.\" \/>\n<meta property=\"og:url\" content=\"https:\/\/www.kmr.es\/ca\/activitats\/congosto-mont-rebei-transfer\/\" \/>\n<meta property=\"og:site_name\" content=\"Kayaking Montrebei\" \/>\n<meta property=\"article:publisher\" content=\"https:\/\/www.facebook.com\/kayakingmontrebei\/\" \/>\n<meta property=\"article:modified_time\" content=\"2025-10-18T20:20:57+00:00\" \/>\n<meta name=\"twitter:card\" content=\"summary_large_image\" \/>\n<meta name=\"twitter:label1\" content=\"Temps estimat de lectura\" \/>\n\t<meta name=\"twitter:data1\" content=\"2 minuts\" \/>\n<script type=\"application\/ld+json\" class=\"yoast-schema-graph\">{\"@context\":\"https:\/\/schema.org\",\"@graph\":[{\"@type\":\"WebPage\",\"@id\":\"https:\/\/www.kmr.es\/ca\/activitats\/congosto-mont-rebei-transfer\/\",\"url\":\"https:\/\/www.kmr.es\/ca\/activitats\/congosto-mont-rebei-transfer\/\",\"name\":\"El Congosto de Mont Rebei (Trekking - Kayak) - Kayaking Montrebei\",\"isPartOf\":{\"@id\":\"https:\/\/www.kmr.es\/ca\/#website\"},\"primaryImageOfPage\":{\"@id\":\"https:\/\/www.kmr.es\/ca\/activitats\/congosto-mont-rebei-transfer\/#primaryimage\"},\"image\":{\"@id\":\"https:\/\/www.kmr.es\/ca\/activitats\/congosto-mont-rebei-transfer\/#primaryimage\"},\"thumbnailUrl\":\"https:\/\/www.kmr.es\/wp-content\/uploads\/2020\/01\/montrebeil-transfer-square.jpg\",\"datePublished\":\"2020-01-10T08:52:23+00:00\",\"dateModified\":\"2025-10-18T20:20:57+00:00\",\"description\":\"Combinar\u00e0s kayak-trekking. Recorrer\u00e0s les passarel\u00b7les de Montfalc\u00f3 i remar\u00e0s creuant l'espectacular Congost de Mont Rebei.\",\"breadcrumb\":{\"@id\":\"https:\/\/www.kmr.es\/ca\/activitats\/congosto-mont-rebei-transfer\/#breadcrumb\"},\"inLanguage\":\"ca\",\"potentialAction\":[{\"@type\":\"ReadAction\",\"target\":[\"https:\/\/www.kmr.es\/ca\/activitats\/congosto-mont-rebei-transfer\/\"]}]},{\"@type\":\"ImageObject\",\"inLanguage\":\"ca\",\"@id\":\"https:\/\/www.kmr.es\/ca\/activitats\/congosto-mont-rebei-transfer\/#primaryimage\",\"url\":\"https:\/\/www.kmr.es\/wp-content\/uploads\/2020\/01\/montrebeil-transfer-square.jpg\",\"contentUrl\":\"https:\/\/www.kmr.es\/wp-content\/uploads\/2020\/01\/montrebeil-transfer-square.jpg\",\"width\":1500,\"height\":1500,\"caption\":\"El Congost de Mont Rebei (Opci\u00f3 Transfer) passarel\u00b7les Montfalc\u00f3\"},{\"@type\":\"BreadcrumbList\",\"@id\":\"https:\/\/www.kmr.es\/ca\/activitats\/congosto-mont-rebei-transfer\/#breadcrumb\",\"itemListElement\":[{\"@type\":\"ListItem\",\"position\":1,\"name\":\"Home\",\"item\":\"https:\/\/www.kmr.es\/ca\/\"},{\"@type\":\"ListItem\",\"position\":2,\"name\":\"Activitats\",\"item\":\"https:\/\/www.kmr.es\/ca\/activitat-lloguer-caiac-mont-rebei-finestres\/\"},{\"@type\":\"ListItem\",\"position\":3,\"name\":\"El Congosto de Mont Rebei (Trekking &#8211; Kayak)\"}]},{\"@type\":\"WebSite\",\"@id\":\"https:\/\/www.kmr.es\/ca\/#website\",\"url\":\"https:\/\/www.kmr.es\/ca\/\",\"name\":\"Kayaking Montrebei\",\"description\":\"Kayaks en el congosto de Mont Rebei\",\"publisher\":{\"@id\":\"https:\/\/www.kmr.es\/ca\/#organization\"},\"potentialAction\":[{\"@type\":\"SearchAction\",\"target\":{\"@type\":\"EntryPoint\",\"urlTemplate\":\"https:\/\/www.kmr.es\/ca\/?s={search_term_string}\"},\"query-input\":{\"@type\":\"PropertyValueSpecification\",\"valueRequired\":true,\"valueName\":\"search_term_string\"}}],\"inLanguage\":\"ca\"},{\"@type\":\"Organization\",\"@id\":\"https:\/\/www.kmr.es\/ca\/#organization\",\"name\":\"Kayaking Mont Rebei\",\"url\":\"https:\/\/www.kmr.es\/ca\/\",\"logo\":{\"@type\":\"ImageObject\",\"inLanguage\":\"ca\",\"@id\":\"https:\/\/www.kmr.es\/ca\/#\/schema\/logo\/image\/\",\"url\":\"https:\/\/www.kmr.es\/wp-content\/uploads\/2019\/12\/logo_kmr_pos@2x.png\",\"contentUrl\":\"https:\/\/www.kmr.es\/wp-content\/uploads\/2019\/12\/logo_kmr_pos@2x.png\",\"width\":375,\"height\":79,\"caption\":\"Kayaking Mont Rebei\"},\"image\":{\"@id\":\"https:\/\/www.kmr.es\/ca\/#\/schema\/logo\/image\/\"},\"sameAs\":[\"https:\/\/www.facebook.com\/kayakingmontrebei\/\",\"https:\/\/www.instagram.com\/kayakingmontrebei\/?hl=es\"]}]}<\/script>\n<!-- \/ Yoast SEO plugin. -->","yoast_head_json":{"title":"El Congosto de Mont Rebei (Trekking - Kayak) - Kayaking Montrebei","description":"Combinar\u00e0s kayak-trekking. Recorrer\u00e0s les passarel\u00b7les de Montfalc\u00f3 i remar\u00e0s creuant l'espectacular Congost de Mont Rebei.","robots":{"index":"index","follow":"follow","max-snippet":"max-snippet:-1","max-image-preview":"max-image-preview:large","max-video-preview":"max-video-preview:-1"},"canonical":"https:\/\/www.kmr.es\/ca\/activitats\/congosto-mont-rebei-transfer\/","og_locale":"ca_ES","og_type":"article","og_title":"El Congosto de Mont Rebei (Trekking - Kayak) - Kayaking Montrebei","og_description":"Combinar\u00e0s kayak-trekking. Recorrer\u00e0s les passarel\u00b7les de Montfalc\u00f3 i remar\u00e0s creuant l'espectacular Congost de Mont Rebei.","og_url":"https:\/\/www.kmr.es\/ca\/activitats\/congosto-mont-rebei-transfer\/","og_site_name":"Kayaking Montrebei","article_publisher":"https:\/\/www.facebook.com\/kayakingmontrebei\/","article_modified_time":"2025-10-18T20:20:57+00:00","twitter_card":"summary_large_image","twitter_misc":{"Temps estimat de lectura":"2 minuts"},"schema":{"@context":"https:\/\/schema.org","@graph":[{"@type":"WebPage","@id":"https:\/\/www.kmr.es\/ca\/activitats\/congosto-mont-rebei-transfer\/","url":"https:\/\/www.kmr.es\/ca\/activitats\/congosto-mont-rebei-transfer\/","name":"El Congosto de Mont Rebei (Trekking - Kayak) - Kayaking Montrebei","isPartOf":{"@id":"https:\/\/www.kmr.es\/ca\/#website"},"primaryImageOfPage":{"@id":"https:\/\/www.kmr.es\/ca\/activitats\/congosto-mont-rebei-transfer\/#primaryimage"},"image":{"@id":"https:\/\/www.kmr.es\/ca\/activitats\/congosto-mont-rebei-transfer\/#primaryimage"},"thumbnailUrl":"https:\/\/www.kmr.es\/wp-content\/uploads\/2020\/01\/montrebeil-transfer-square.jpg","datePublished":"2020-01-10T08:52:23+00:00","dateModified":"2025-10-18T20:20:57+00:00","description":"Combinar\u00e0s kayak-trekking. Recorrer\u00e0s les passarel\u00b7les de Montfalc\u00f3 i remar\u00e0s creuant l'espectacular Congost de Mont Rebei.","breadcrumb":{"@id":"https:\/\/www.kmr.es\/ca\/activitats\/congosto-mont-rebei-transfer\/#breadcrumb"},"inLanguage":"ca","potentialAction":[{"@type":"ReadAction","target":["https:\/\/www.kmr.es\/ca\/activitats\/congosto-mont-rebei-transfer\/"]}]},{"@type":"ImageObject","inLanguage":"ca","@id":"https:\/\/www.kmr.es\/ca\/activitats\/congosto-mont-rebei-transfer\/#primaryimage","url":"https:\/\/www.kmr.es\/wp-content\/uploads\/2020\/01\/montrebeil-transfer-square.jpg","contentUrl":"https:\/\/www.kmr.es\/wp-content\/uploads\/2020\/01\/montrebeil-transfer-square.jpg","width":1500,"height":1500,"caption":"El Congost de Mont Rebei (Opci\u00f3 Transfer) passarel\u00b7les Montfalc\u00f3"},{"@type":"BreadcrumbList","@id":"https:\/\/www.kmr.es\/ca\/activitats\/congosto-mont-rebei-transfer\/#breadcrumb","itemListElement":[{"@type":"ListItem","position":1,"name":"Home","item":"https:\/\/www.kmr.es\/ca\/"},{"@type":"ListItem","position":2,"name":"Activitats","item":"https:\/\/www.kmr.es\/ca\/activitat-lloguer-caiac-mont-rebei-finestres\/"},{"@type":"ListItem","position":3,"name":"El Congosto de Mont Rebei (Trekking &#8211; Kayak)"}]},{"@type":"WebSite","@id":"https:\/\/www.kmr.es\/ca\/#website","url":"https:\/\/www.kmr.es\/ca\/","name":"Kayaking Montrebei","description":"Kayaks en el congosto de Mont Rebei","publisher":{"@id":"https:\/\/www.kmr.es\/ca\/#organization"},"potentialAction":[{"@type":"SearchAction","target":{"@type":"EntryPoint","urlTemplate":"https:\/\/www.kmr.es\/ca\/?s={search_term_string}"},"query-input":{"@type":"PropertyValueSpecification","valueRequired":true,"valueName":"search_term_string"}}],"inLanguage":"ca"},{"@type":"Organization","@id":"https:\/\/www.kmr.es\/ca\/#organization","name":"Kayaking Mont Rebei","url":"https:\/\/www.kmr.es\/ca\/","logo":{"@type":"ImageObject","inLanguage":"ca","@id":"https:\/\/www.kmr.es\/ca\/#\/schema\/logo\/image\/","url":"https:\/\/www.kmr.es\/wp-content\/uploads\/2019\/12\/logo_kmr_pos@2x.png","contentUrl":"https:\/\/www.kmr.es\/wp-content\/uploads\/2019\/12\/logo_kmr_pos@2x.png","width":375,"height":79,"caption":"Kayaking Mont Rebei"},"image":{"@id":"https:\/\/www.kmr.es\/ca\/#\/schema\/logo\/image\/"},"sameAs":["https:\/\/www.facebook.com\/kayakingmontrebei\/","https:\/\/www.instagram.com\/kayakingmontrebei\/?hl=es"]}]}},"_links":{"self":[{"href":"https:\/\/www.kmr.es\/ca\/wp-json\/wp\/v2\/product\/9106","targetHints":{"allow":["GET"]}}],"collection":[{"href":"https:\/\/www.kmr.es\/ca\/wp-json\/wp\/v2\/product"}],"about":[{"href":"https:\/\/www.kmr.es\/ca\/wp-json\/wp\/v2\/types\/product"}],"version-history":[{"count":0,"href":"https:\/\/www.kmr.es\/ca\/wp-json\/wp\/v2\/product\/9106\/revisions"}],"wp:featuredmedia":[{"embeddable":true,"href":"https:\/\/www.kmr.es\/ca\/wp-json\/wp\/v2\/media\/1308"}],"wp:attachment":[{"href":"https:\/\/www.kmr.es\/ca\/wp-json\/wp\/v2\/media?parent=9106"}],"wp:term":[{"taxonomy":"product_brand","embeddable":true,"href":"https:\/\/www.kmr.es\/ca\/wp-json\/wp\/v2\/product_brand?post=9106"},{"taxonomy":"product_cat","embeddable":true,"href":"https:\/\/www.kmr.es\/ca\/wp-json\/wp\/v2\/product_cat?post=9106"},{"taxonomy":"product_tag","embeddable":true,"href":"https:\/\/www.kmr.es\/ca\/wp-json\/wp\/v2\/product_tag?post=9106"}],"curies":[{"name":"wp","href":"https:\/\/api.w.org\/{rel}","templated":true}]}}