{"id":9215,"date":"2020-01-07T15:02:02","date_gmt":"2021-04-01T21:09:14","guid":{"rendered":"https:\/\/www.kmr.es\/actividades\/el-congost-de-mont-rebei-dirigida\/"},"modified":"2025-04-16T08:05:47","modified_gmt":"2025-04-16T06:05:47","slug":"el-congosto-de-mont-rebei-en-kayak-dirigida","status":"publish","type":"product","link":"https:\/\/www.kmr.es\/ca\/activitats\/el-congosto-de-mont-rebei-en-kayak-dirigida\/","title":{"rendered":"El Congost de Mont Rebei (dirigida)"},"content":{"rendered":"<p>Por que no \u00e9s el mateix veure el Congost i te l&#8217;ensenyin, aquesta activitat est\u00e0 pensada per tots aquells que volen con\u00e8ixer el Congost i aprendre sobre l&#8217;entorn al qual es troba; acompanyats durant tot el recorregut per un membre de l&#8217;equip Kayaking.<\/p>\n<p>Experiencia que puede durar desde las 10 de la ma\u00f1ana hasta las 17 horas; el recorrido se adapta a las necesidades del cliente, pero nuestra propuesta es navegar desde el parking de la Masieta hasta las escaleras de Montfalc\u00f3 y volver, combinando senderismo, kayak y haciendo alguna parada de recreo.<\/p>\n<p>Resolent tots els problemes i requeriments dels clients, us explicarem totes aquelles curiositats sobre l&#8217;empla\u00e7ament i oferirem ajuda constant per tal de fer l&#8217;aventura m\u00e9s c\u00f2moda i agradable.<\/p>\n<p>&nbsp;<\/p>\n<p>Por razones pr\u00e1cticas y de comodidad, os aconsejamos que reserv\u00e9is vuestra plaza de coche en el Parking de la Masieta.<\/p>\n<p><strong><a href=\"https:\/\/tickets.fundaciocatalunyalapedrera.com\/congostdemontrebei\/venda\/index.jsp?lang=1&amp;nom_cache=MONT-REBEI&amp;property=MONT-REBEI\" target=\"_blank\" rel=\"noopener noreferrer\">Reservar Parking de la Masieta<\/a><\/strong><\/p>\n<p>Y esta es su ubicaci\u00f3n:<\/p>\n<p><strong><a href=\"https:\/\/www.google.com\/maps\/dir\/41.8497755,0.2901827\/parking+de+la+masieta\/@41.996265,0.166372,10z\/data=!3m1!4b1!4m9!4m8!1m1!4e1!1m5!1m1!1s0x12a64e6a9efaf43d:0x18e7868ac5ab0ff2!2m2!1d0.6983077!2d42.0973151\" target=\"_blank\" rel=\"noopener\">Ubicaci\u00f3n Parking de la Masieta<\/a><\/strong><\/p>\n","protected":false},"excerpt":{"rendered":"<h5><em>El Congost de Mont Rebei o Lo Portell. \u00c9s una serra marginal dels Pirineus produ\u00efda per l&#8217;orog\u00e8nesi alpina d&#8217;aquests. L\u2019erosi\u00f3 del riu Noguera Ribagor\u00e7ana ha originat aquest majestu\u00f3s paisatge.<\/em><\/h5>\n","protected":false},"featured_media":1311,"template":"","meta":{"_acf_changed":false,"site-sidebar-layout":"default","site-content-layout":"default","ast-site-content-layout":"default","site-content-style":"default","site-sidebar-style":"default","ast-global-header-display":"","ast-banner-title-visibility":"","ast-main-header-display":"","ast-hfb-above-header-display":"","ast-hfb-below-header-display":"","ast-hfb-mobile-header-display":"","site-post-title":"","ast-breadcrumbs-content":"","ast-featured-img":"","footer-sml-layout":"","ast-disable-related-posts":"","theme-transparent-header-meta":"default","adv-header-id-meta":"","stick-header-meta":"","header-above-stick-meta":"","header-main-stick-meta":"","header-below-stick-meta":"","astra-migrate-meta-layouts":"default","ast-page-background-enabled":"default","ast-page-background-meta":{"desktop":{"background-color":"var(--ast-global-color-4)","background-image":"","background-repeat":"repeat","background-position":"center center","background-size":"auto","background-attachment":"scroll","background-type":"","background-media":"","overlay-type":"","overlay-color":"","overlay-opacity":"","overlay-gradient":""},"tablet":{"background-color":"","background-image":"","background-repeat":"repeat","background-position":"center center","background-size":"auto","background-attachment":"scroll","background-type":"","background-media":"","overlay-type":"","overlay-color":"","overlay-opacity":"","overlay-gradient":""},"mobile":{"background-color":"","background-image":"","background-repeat":"repeat","background-position":"center center","background-size":"auto","background-attachment":"scroll","background-type":"","background-media":"","overlay-type":"","overlay-color":"","overlay-opacity":"","overlay-gradient":""}},"ast-content-background-meta":{"desktop":{"background-color":"var(--ast-global-color-5)","background-image":"","background-repeat":"repeat","background-position":"center center","background-size":"auto","background-attachment":"scroll","background-type":"","background-media":"","overlay-type":"","overlay-color":"","overlay-opacity":"","overlay-gradient":""},"tablet":{"background-color":"var(--ast-global-color-5)","background-image":"","background-repeat":"repeat","background-position":"center center","background-size":"auto","background-attachment":"scroll","background-type":"","background-media":"","overlay-type":"","overlay-color":"","overlay-opacity":"","overlay-gradient":""},"mobile":{"background-color":"var(--ast-global-color-5)","background-image":"","background-repeat":"repeat","background-position":"center center","background-size":"auto","background-attachment":"scroll","background-type":"","background-media":"","overlay-type":"","overlay-color":"","overlay-opacity":"","overlay-gradient":""}}},"product_brand":[],"product_cat":[44],"product_tag":[],"class_list":{"0":"post-9215","1":"product","2":"type-product","3":"status-publish","4":"has-post-thumbnail","6":"product_cat-mont-rebei-ca","7":"desktop-align-left","8":"tablet-align-left","9":"mobile-align-left","10":"ast-product-gallery-layout-horizontal-slider","11":"ast-product-tabs-layout-horizontal","13":"first","14":"instock","15":"virtual","16":"sold-individually","17":"taxable","18":"purchasable","19":"product-type-booking"},"booking_location":"","booking_location_type":"","booking_duration":1,"booking_duration_unit":"day","booking_buffer":0,"booking_cost":0,"booking_resources":[1599,1598,1600,21775],"acf":[],"yoast_head":"<!-- This site is optimized with the Yoast SEO plugin v27.2 - https:\/\/yoast.com\/product\/yoast-seo-wordpress\/ -->\n<title>El Congost de Mont Rebei (dirigida) - Kayaking Montrebei<\/title>\n<meta name=\"description\" content=\"Por que no \u00e9s el mateix veure el Congost i te l&#039;ensenyin, aquesta activitat est\u00e0 pensada per tots aquells que volen con\u00e8ixer el Congost i aprendre sobre l&#039;entorn al qual es troba.\" \/>\n<meta name=\"robots\" content=\"index, follow, max-snippet:-1, max-image-preview:large, max-video-preview:-1\" \/>\n<link rel=\"canonical\" href=\"https:\/\/www.kmr.es\/ca\/activitats\/el-congosto-de-mont-rebei-en-kayak-dirigida\/\" \/>\n<meta property=\"og:locale\" content=\"ca_ES\" \/>\n<meta property=\"og:type\" content=\"article\" \/>\n<meta property=\"og:title\" content=\"El Congost de Mont Rebei (dirigida) - Kayaking Montrebei\" \/>\n<meta property=\"og:description\" content=\"Por que no \u00e9s el mateix veure el Congost i te l&#039;ensenyin, aquesta activitat est\u00e0 pensada per tots aquells que volen con\u00e8ixer el Congost i aprendre sobre l&#039;entorn al qual es troba.\" \/>\n<meta property=\"og:url\" content=\"https:\/\/www.kmr.es\/ca\/activitats\/el-congosto-de-mont-rebei-en-kayak-dirigida\/\" \/>\n<meta property=\"og:site_name\" content=\"Kayaking Montrebei\" \/>\n<meta property=\"article:publisher\" content=\"https:\/\/www.facebook.com\/kayakingmontrebei\/\" \/>\n<meta property=\"article:modified_time\" content=\"2025-04-16T06:05:47+00:00\" \/>\n<meta property=\"og:image\" content=\"https:\/\/www.kmr.es\/wp-content\/uploads\/2020\/01\/montrebei-dirigida-square.jpg\" \/>\n\t<meta property=\"og:image:width\" content=\"1500\" \/>\n\t<meta property=\"og:image:height\" content=\"1500\" \/>\n\t<meta property=\"og:image:type\" content=\"image\/jpeg\" \/>\n<meta name=\"twitter:card\" content=\"summary_large_image\" \/>\n<meta name=\"twitter:label1\" content=\"Temps estimat de lectura\" \/>\n\t<meta name=\"twitter:data1\" content=\"1 minut\" \/>\n<script type=\"application\/ld+json\" class=\"yoast-schema-graph\">{\"@context\":\"https:\/\/schema.org\",\"@graph\":[{\"@type\":\"WebPage\",\"@id\":\"https:\/\/www.kmr.es\/ca\/activitats\/el-congosto-de-mont-rebei-en-kayak-dirigida\/\",\"url\":\"https:\/\/www.kmr.es\/ca\/activitats\/el-congosto-de-mont-rebei-en-kayak-dirigida\/\",\"name\":\"El Congost de Mont Rebei (dirigida) - Kayaking Montrebei\",\"isPartOf\":{\"@id\":\"https:\/\/www.kmr.es\/ca\/#website\"},\"primaryImageOfPage\":{\"@id\":\"https:\/\/www.kmr.es\/ca\/activitats\/el-congosto-de-mont-rebei-en-kayak-dirigida\/#primaryimage\"},\"image\":{\"@id\":\"https:\/\/www.kmr.es\/ca\/activitats\/el-congosto-de-mont-rebei-en-kayak-dirigida\/#primaryimage\"},\"thumbnailUrl\":\"https:\/\/www.kmr.es\/wp-content\/uploads\/2020\/01\/montrebei-dirigida-square.jpg\",\"datePublished\":\"2021-04-01T21:09:14+00:00\",\"dateModified\":\"2025-04-16T06:05:47+00:00\",\"description\":\"Por que no \u00e9s el mateix veure el Congost i te l'ensenyin, aquesta activitat est\u00e0 pensada per tots aquells que volen con\u00e8ixer el Congost i aprendre sobre l'entorn al qual es troba.\",\"breadcrumb\":{\"@id\":\"https:\/\/www.kmr.es\/ca\/activitats\/el-congosto-de-mont-rebei-en-kayak-dirigida\/#breadcrumb\"},\"inLanguage\":\"ca\",\"potentialAction\":[{\"@type\":\"ReadAction\",\"target\":[\"https:\/\/www.kmr.es\/ca\/activitats\/el-congosto-de-mont-rebei-en-kayak-dirigida\/\"]}]},{\"@type\":\"ImageObject\",\"inLanguage\":\"ca\",\"@id\":\"https:\/\/www.kmr.es\/ca\/activitats\/el-congosto-de-mont-rebei-en-kayak-dirigida\/#primaryimage\",\"url\":\"https:\/\/www.kmr.es\/wp-content\/uploads\/2020\/01\/montrebei-dirigida-square.jpg\",\"contentUrl\":\"https:\/\/www.kmr.es\/wp-content\/uploads\/2020\/01\/montrebei-dirigida-square.jpg\",\"width\":1500,\"height\":1500,\"caption\":\"Kayaking Mont Rebei\"},{\"@type\":\"BreadcrumbList\",\"@id\":\"https:\/\/www.kmr.es\/ca\/activitats\/el-congosto-de-mont-rebei-en-kayak-dirigida\/#breadcrumb\",\"itemListElement\":[{\"@type\":\"ListItem\",\"position\":1,\"name\":\"Home\",\"item\":\"https:\/\/www.kmr.es\/ca\/\"},{\"@type\":\"ListItem\",\"position\":2,\"name\":\"Activitats\",\"item\":\"https:\/\/www.kmr.es\/ca\/activitat-lloguer-caiac-mont-rebei-finestres\/\"},{\"@type\":\"ListItem\",\"position\":3,\"name\":\"El Congost de Mont Rebei (dirigida)\"}]},{\"@type\":\"WebSite\",\"@id\":\"https:\/\/www.kmr.es\/ca\/#website\",\"url\":\"https:\/\/www.kmr.es\/ca\/\",\"name\":\"Kayaking Montrebei\",\"description\":\"Kayaks en el congosto de Mont Rebei\",\"publisher\":{\"@id\":\"https:\/\/www.kmr.es\/ca\/#organization\"},\"potentialAction\":[{\"@type\":\"SearchAction\",\"target\":{\"@type\":\"EntryPoint\",\"urlTemplate\":\"https:\/\/www.kmr.es\/ca\/?s={search_term_string}\"},\"query-input\":{\"@type\":\"PropertyValueSpecification\",\"valueRequired\":true,\"valueName\":\"search_term_string\"}}],\"inLanguage\":\"ca\"},{\"@type\":\"Organization\",\"@id\":\"https:\/\/www.kmr.es\/ca\/#organization\",\"name\":\"Kayaking Mont Rebei\",\"url\":\"https:\/\/www.kmr.es\/ca\/\",\"logo\":{\"@type\":\"ImageObject\",\"inLanguage\":\"ca\",\"@id\":\"https:\/\/www.kmr.es\/ca\/#\/schema\/logo\/image\/\",\"url\":\"https:\/\/www.kmr.es\/wp-content\/uploads\/2019\/12\/logo_kmr_pos@2x.png\",\"contentUrl\":\"https:\/\/www.kmr.es\/wp-content\/uploads\/2019\/12\/logo_kmr_pos@2x.png\",\"width\":375,\"height\":79,\"caption\":\"Kayaking Mont Rebei\"},\"image\":{\"@id\":\"https:\/\/www.kmr.es\/ca\/#\/schema\/logo\/image\/\"},\"sameAs\":[\"https:\/\/www.facebook.com\/kayakingmontrebei\/\",\"https:\/\/www.instagram.com\/kayakingmontrebei\/?hl=es\"]}]}<\/script>\n<!-- \/ Yoast SEO plugin. -->","yoast_head_json":{"title":"El Congost de Mont Rebei (dirigida) - Kayaking Montrebei","description":"Por que no \u00e9s el mateix veure el Congost i te l'ensenyin, aquesta activitat est\u00e0 pensada per tots aquells que volen con\u00e8ixer el Congost i aprendre sobre l'entorn al qual es troba.","robots":{"index":"index","follow":"follow","max-snippet":"max-snippet:-1","max-image-preview":"max-image-preview:large","max-video-preview":"max-video-preview:-1"},"canonical":"https:\/\/www.kmr.es\/ca\/activitats\/el-congosto-de-mont-rebei-en-kayak-dirigida\/","og_locale":"ca_ES","og_type":"article","og_title":"El Congost de Mont Rebei (dirigida) - Kayaking Montrebei","og_description":"Por que no \u00e9s el mateix veure el Congost i te l'ensenyin, aquesta activitat est\u00e0 pensada per tots aquells que volen con\u00e8ixer el Congost i aprendre sobre l'entorn al qual es troba.","og_url":"https:\/\/www.kmr.es\/ca\/activitats\/el-congosto-de-mont-rebei-en-kayak-dirigida\/","og_site_name":"Kayaking Montrebei","article_publisher":"https:\/\/www.facebook.com\/kayakingmontrebei\/","article_modified_time":"2025-04-16T06:05:47+00:00","og_image":[{"width":1500,"height":1500,"url":"https:\/\/www.kmr.es\/wp-content\/uploads\/2020\/01\/montrebei-dirigida-square.jpg","type":"image\/jpeg"}],"twitter_card":"summary_large_image","twitter_misc":{"Temps estimat de lectura":"1 minut"},"schema":{"@context":"https:\/\/schema.org","@graph":[{"@type":"WebPage","@id":"https:\/\/www.kmr.es\/ca\/activitats\/el-congosto-de-mont-rebei-en-kayak-dirigida\/","url":"https:\/\/www.kmr.es\/ca\/activitats\/el-congosto-de-mont-rebei-en-kayak-dirigida\/","name":"El Congost de Mont Rebei (dirigida) - Kayaking Montrebei","isPartOf":{"@id":"https:\/\/www.kmr.es\/ca\/#website"},"primaryImageOfPage":{"@id":"https:\/\/www.kmr.es\/ca\/activitats\/el-congosto-de-mont-rebei-en-kayak-dirigida\/#primaryimage"},"image":{"@id":"https:\/\/www.kmr.es\/ca\/activitats\/el-congosto-de-mont-rebei-en-kayak-dirigida\/#primaryimage"},"thumbnailUrl":"https:\/\/www.kmr.es\/wp-content\/uploads\/2020\/01\/montrebei-dirigida-square.jpg","datePublished":"2021-04-01T21:09:14+00:00","dateModified":"2025-04-16T06:05:47+00:00","description":"Por que no \u00e9s el mateix veure el Congost i te l'ensenyin, aquesta activitat est\u00e0 pensada per tots aquells que volen con\u00e8ixer el Congost i aprendre sobre l'entorn al qual es troba.","breadcrumb":{"@id":"https:\/\/www.kmr.es\/ca\/activitats\/el-congosto-de-mont-rebei-en-kayak-dirigida\/#breadcrumb"},"inLanguage":"ca","potentialAction":[{"@type":"ReadAction","target":["https:\/\/www.kmr.es\/ca\/activitats\/el-congosto-de-mont-rebei-en-kayak-dirigida\/"]}]},{"@type":"ImageObject","inLanguage":"ca","@id":"https:\/\/www.kmr.es\/ca\/activitats\/el-congosto-de-mont-rebei-en-kayak-dirigida\/#primaryimage","url":"https:\/\/www.kmr.es\/wp-content\/uploads\/2020\/01\/montrebei-dirigida-square.jpg","contentUrl":"https:\/\/www.kmr.es\/wp-content\/uploads\/2020\/01\/montrebei-dirigida-square.jpg","width":1500,"height":1500,"caption":"Kayaking Mont Rebei"},{"@type":"BreadcrumbList","@id":"https:\/\/www.kmr.es\/ca\/activitats\/el-congosto-de-mont-rebei-en-kayak-dirigida\/#breadcrumb","itemListElement":[{"@type":"ListItem","position":1,"name":"Home","item":"https:\/\/www.kmr.es\/ca\/"},{"@type":"ListItem","position":2,"name":"Activitats","item":"https:\/\/www.kmr.es\/ca\/activitat-lloguer-caiac-mont-rebei-finestres\/"},{"@type":"ListItem","position":3,"name":"El Congost de Mont Rebei (dirigida)"}]},{"@type":"WebSite","@id":"https:\/\/www.kmr.es\/ca\/#website","url":"https:\/\/www.kmr.es\/ca\/","name":"Kayaking Montrebei","description":"Kayaks en el congosto de Mont Rebei","publisher":{"@id":"https:\/\/www.kmr.es\/ca\/#organization"},"potentialAction":[{"@type":"SearchAction","target":{"@type":"EntryPoint","urlTemplate":"https:\/\/www.kmr.es\/ca\/?s={search_term_string}"},"query-input":{"@type":"PropertyValueSpecification","valueRequired":true,"valueName":"search_term_string"}}],"inLanguage":"ca"},{"@type":"Organization","@id":"https:\/\/www.kmr.es\/ca\/#organization","name":"Kayaking Mont Rebei","url":"https:\/\/www.kmr.es\/ca\/","logo":{"@type":"ImageObject","inLanguage":"ca","@id":"https:\/\/www.kmr.es\/ca\/#\/schema\/logo\/image\/","url":"https:\/\/www.kmr.es\/wp-content\/uploads\/2019\/12\/logo_kmr_pos@2x.png","contentUrl":"https:\/\/www.kmr.es\/wp-content\/uploads\/2019\/12\/logo_kmr_pos@2x.png","width":375,"height":79,"caption":"Kayaking Mont Rebei"},"image":{"@id":"https:\/\/www.kmr.es\/ca\/#\/schema\/logo\/image\/"},"sameAs":["https:\/\/www.facebook.com\/kayakingmontrebei\/","https:\/\/www.instagram.com\/kayakingmontrebei\/?hl=es"]}]}},"_links":{"self":[{"href":"https:\/\/www.kmr.es\/ca\/wp-json\/wp\/v2\/product\/9215","targetHints":{"allow":["GET"]}}],"collection":[{"href":"https:\/\/www.kmr.es\/ca\/wp-json\/wp\/v2\/product"}],"about":[{"href":"https:\/\/www.kmr.es\/ca\/wp-json\/wp\/v2\/types\/product"}],"version-history":[{"count":0,"href":"https:\/\/www.kmr.es\/ca\/wp-json\/wp\/v2\/product\/9215\/revisions"}],"wp:featuredmedia":[{"embeddable":true,"href":"https:\/\/www.kmr.es\/ca\/wp-json\/wp\/v2\/media\/1311"}],"wp:attachment":[{"href":"https:\/\/www.kmr.es\/ca\/wp-json\/wp\/v2\/media?parent=9215"}],"wp:term":[{"taxonomy":"product_brand","embeddable":true,"href":"https:\/\/www.kmr.es\/ca\/wp-json\/wp\/v2\/product_brand?post=9215"},{"taxonomy":"product_cat","embeddable":true,"href":"https:\/\/www.kmr.es\/ca\/wp-json\/wp\/v2\/product_cat?post=9215"},{"taxonomy":"product_tag","embeddable":true,"href":"https:\/\/www.kmr.es\/ca\/wp-json\/wp\/v2\/product_tag?post=9215"}],"curies":[{"name":"wp","href":"https:\/\/api.w.org\/{rel}","templated":true}]}}