{"id":9848,"date":"2021-05-13T10:57:35","date_gmt":"2021-05-13T09:07:06","guid":{"rendered":"https:\/\/www.kmr.es\/actividades\/finestres-dirigida-2\/"},"modified":"2025-04-16T08:12:40","modified_gmt":"2025-04-16T06:12:40","slug":"finestres-dirigida","status":"publish","type":"product","link":"https:\/\/www.kmr.es\/ca\/activitats\/finestres-dirigida\/","title":{"rendered":"Finestres (dirigida)"},"content":{"rendered":"\t\t<div data-elementor-type=\"product-post\" data-elementor-id=\"9848\" class=\"elementor elementor-9848 elementor-9844\" data-elementor-post-type=\"product\">\n\t\t\t\t\t\t<section class=\"elementor-section elementor-top-section elementor-element elementor-element-42b3b245 elementor-section-boxed elementor-section-height-default elementor-section-height-default\" data-id=\"42b3b245\" data-element_type=\"section\" data-e-type=\"section\">\n\t\t\t\t\t\t<div class=\"elementor-container elementor-column-gap-default\">\n\t\t\t\t\t<div class=\"elementor-column elementor-col-100 elementor-top-column elementor-element elementor-element-2310598\" data-id=\"2310598\" data-element_type=\"column\" data-e-type=\"column\">\n\t\t\t<div class=\"elementor-widget-wrap elementor-element-populated\">\n\t\t\t\t\t\t<div class=\"elementor-element elementor-element-270df7ab elementor-widget elementor-widget-text-editor\" data-id=\"270df7ab\" data-element_type=\"widget\" data-e-type=\"widget\" data-widget_type=\"text-editor.default\">\n\t\t\t\t<div class=\"elementor-widget-container\">\n\t\t\t\t\t\t\t\t\t<p>Impressionant estrat calcari, que gr\u00e0cies alaorog\u00e8nesisalpina (moviments tect\u00f2nics de la creaci\u00f3 del &nbsp;Pirineu) ia l&#8217;erosi\u00f3 de la pluja i &nbsp;el vent, fet que aquests estrats quedessin en vertical formant una magn\u00edfica muralla natural de la qual en podem gaudir les vistes; endinsar-nos pel seu&nbsp; p\u00f2rtic, sigui enkayako&nbsp; ben caminant (depenent del nivell de l&#8217;embassament), ens conduir\u00e0 a un paisatge diferent del que ens acompanya durant la ruta, una barreja entre e&nbsp;l Senyor dels Anells, Joc de Trons i un conte de fades.<\/p>\n<p>Antigament, la poblaci\u00f3 del territori ja gaudia d&#8217;aquest meravell\u00f3s escenari, i al segle XI s&#8217;hi va construir el Castell de Finestres, situat al capdamunt d&#8217;aquesta formaci\u00f3 geol\u00f2gica. D&#8217;aquesta fortificaci\u00f3 en queden les serves ru\u00efnes i la capella, semirestaurada, coneguda actualment com l&#8217;ermita de Sant Vicent. Aquest \u00e9s el nostre lloc preferit per descansar; hi accedirem mitjan\u00e7ant un petit trekking de 15 minuts i, un cop dalt, podrem dinar i relaxar-nos amb unes vistes privilegiades de l&#8217;embassament de Canelles.<\/p>\n<p>El punt de trobada ser\u00e0 el&nbsp;<a href=\"https:\/\/www.google.com\/maps\/place\/42%C2%B001'24.0%22N+0%C2%B028'42.4%22E\/@42.0233321,0.47587,17z\/data=!3m1!4b1!4m4!3m3!8m2!3d42.0233321!4d0.4784449?entry=tts&amp;g_ep=EgoyMDI0MDcwMS4wKgBIAVAD\">Aerodrom de Benabarre<\/a>. Des d&#8217;all\u00e0 anirem tots plegats fins a l&#8217;embarcador de <a href=\"https:\/\/www.google.com\/maps?q=41.976585388183594,0.632699191570282&amp;z=17&amp;hl=es\" target=\"_blank\" rel=\"noopener\">Blancafort<\/a>.<br><\/p>\n<p>Sortirem des de &nbsp;l&#8217;embarcador de &nbsp;Blancafort (Os de Balaguer) en&nbsp; direcci\u00f3 al&nbsp; Tosal de la Quadra, i des d&#8217;all\u00e0 girarem&nbsp; cap a Finestres per a entrar<\/p>\t\t\t\t\t\t\t\t<\/div>\n\t\t\t\t<\/div>\n\t\t\t\t\t<\/div>\n\t\t<\/div>\n\t\t\t\t\t<\/div>\n\t\t<\/section>\n\t\t\t\t<\/div>\n\t\t","protected":false},"excerpt":{"rendered":"<h5><em>La Serra de Finestres, tamb\u00e9 coneguda com &#8220;La Muralla de Finestres&#8221;, \u00e9s una meravella geol\u00f2gica formada per diferents l\u00ednies d&#8217;estrats calcaris verticals i paral\u00b7lels, separats entres si per materials m\u00e9s tous, que l&#8217;erosi\u00f3 i el pas del temps s\u2019encarreguen de buidar, deixant aquesta majestuosa obra d&#8217;art natural, que destaca entre el paisatge\u2026<\/em><\/h5>\n<p>\u2026 La Muralla de Finestres, un caprici de la natura on les pedres parlen.<\/p>\n<p>&nbsp;<\/p>\n<p><strong>Punt de trobada<\/strong>: <a href=\"https:\/\/www.google.com\/maps?q=42.0233254,0.4784393&amp;z=17&amp;hl=es\"><strong>Aer\u00f2drom de Benabarre<\/strong><\/a><\/p>\n<blockquote>\n<p style=\"text-align: left;\"><strong>Per contractar aquesta activitat contacteu amb nosaltres per tel\u00e8fon:<\/strong><\/p>\n<p style=\"text-align: left;\">[elementor-template id=\"6672\"]<\/p>\n<\/blockquote>\n","protected":false},"featured_media":21578,"template":"","meta":{"_acf_changed":false,"site-sidebar-layout":"default","site-content-layout":"default","ast-site-content-layout":"default","site-content-style":"default","site-sidebar-style":"default","ast-global-header-display":"","ast-banner-title-visibility":"","ast-main-header-display":"","ast-hfb-above-header-display":"","ast-hfb-below-header-display":"","ast-hfb-mobile-header-display":"","site-post-title":"","ast-breadcrumbs-content":"","ast-featured-img":"","footer-sml-layout":"","ast-disable-related-posts":"","theme-transparent-header-meta":"default","adv-header-id-meta":"","stick-header-meta":"","header-above-stick-meta":"","header-main-stick-meta":"","header-below-stick-meta":"","astra-migrate-meta-layouts":"default","ast-page-background-enabled":"default","ast-page-background-meta":{"desktop":{"background-color":"var(--ast-global-color-4)","background-image":"","background-repeat":"repeat","background-position":"center center","background-size":"auto","background-attachment":"scroll","background-type":"","background-media":"","overlay-type":"","overlay-color":"","overlay-opacity":"","overlay-gradient":""},"tablet":{"background-color":"","background-image":"","background-repeat":"repeat","background-position":"center center","background-size":"auto","background-attachment":"scroll","background-type":"","background-media":"","overlay-type":"","overlay-color":"","overlay-opacity":"","overlay-gradient":""},"mobile":{"background-color":"","background-image":"","background-repeat":"repeat","background-position":"center center","background-size":"auto","background-attachment":"scroll","background-type":"","background-media":"","overlay-type":"","overlay-color":"","overlay-opacity":"","overlay-gradient":""}},"ast-content-background-meta":{"desktop":{"background-color":"var(--ast-global-color-5)","background-image":"","background-repeat":"repeat","background-position":"center center","background-size":"auto","background-attachment":"scroll","background-type":"","background-media":"","overlay-type":"","overlay-color":"","overlay-opacity":"","overlay-gradient":""},"tablet":{"background-color":"var(--ast-global-color-5)","background-image":"","background-repeat":"repeat","background-position":"center center","background-size":"auto","background-attachment":"scroll","background-type":"","background-media":"","overlay-type":"","overlay-color":"","overlay-opacity":"","overlay-gradient":""},"mobile":{"background-color":"var(--ast-global-color-5)","background-image":"","background-repeat":"repeat","background-position":"center center","background-size":"auto","background-attachment":"scroll","background-type":"","background-media":"","overlay-type":"","overlay-color":"","overlay-opacity":"","overlay-gradient":""}}},"product_brand":[],"product_cat":[43],"product_tag":[54],"class_list":{"0":"post-9848","1":"product","2":"type-product","3":"status-publish","4":"has-post-thumbnail","6":"product_cat-finestres-ca","7":"product_tag-reserva-exterior-ca","8":"desktop-align-left","9":"tablet-align-left","10":"mobile-align-left","11":"ast-product-gallery-layout-horizontal-slider","12":"ast-product-tabs-layout-horizontal","14":"first","15":"instock","16":"virtual","17":"sold-individually","18":"taxable","19":"purchasable","20":"product-type-booking"},"booking_location":"","booking_location_type":"","booking_duration":1,"booking_duration_unit":"day","booking_buffer":0,"booking_cost":0,"booking_resources":[],"acf":[],"yoast_head":"<!-- This site is optimized with the Yoast SEO plugin v27.2 - https:\/\/yoast.com\/product\/yoast-seo-wordpress\/ -->\n<title>Finestres (dirigida) - Kayaking Montrebei<\/title>\n<meta name=\"description\" content=\"Finestres: Muralla o Les Dents de Canelles; \u00e9s una meravella geol\u00f2gica que gaudir\u00e0s amb Kayaking Mont Rebei.\" \/>\n<meta name=\"robots\" content=\"index, follow, max-snippet:-1, max-image-preview:large, max-video-preview:-1\" \/>\n<link rel=\"canonical\" href=\"https:\/\/www.kmr.es\/ca\/activitats\/finestres-dirigida\/\" \/>\n<meta property=\"og:locale\" content=\"ca_ES\" \/>\n<meta property=\"og:type\" content=\"article\" \/>\n<meta property=\"og:title\" content=\"Finestres (dirigida) - Kayaking Montrebei\" \/>\n<meta property=\"og:description\" content=\"Finestres: Muralla o Les Dents de Canelles; \u00e9s una meravella geol\u00f2gica que gaudir\u00e0s amb Kayaking Mont Rebei.\" \/>\n<meta property=\"og:url\" content=\"https:\/\/www.kmr.es\/ca\/activitats\/finestres-dirigida\/\" \/>\n<meta property=\"og:site_name\" content=\"Kayaking Montrebei\" \/>\n<meta property=\"article:publisher\" content=\"https:\/\/www.facebook.com\/kayakingmontrebei\/\" \/>\n<meta property=\"article:modified_time\" content=\"2025-04-16T06:12:40+00:00\" \/>\n<meta property=\"og:image\" content=\"https:\/\/www.kmr.es\/wp-content\/uploads\/2021\/05\/IMG-00.jpg\" \/>\n\t<meta property=\"og:image:width\" content=\"2300\" \/>\n\t<meta property=\"og:image:height\" content=\"1868\" \/>\n\t<meta property=\"og:image:type\" content=\"image\/jpeg\" \/>\n<meta name=\"twitter:card\" content=\"summary_large_image\" \/>\n<script type=\"application\/ld+json\" class=\"yoast-schema-graph\">{\"@context\":\"https:\/\/schema.org\",\"@graph\":[{\"@type\":\"WebPage\",\"@id\":\"https:\/\/www.kmr.es\/ca\/activitats\/finestres-dirigida\/\",\"url\":\"https:\/\/www.kmr.es\/ca\/activitats\/finestres-dirigida\/\",\"name\":\"Finestres (dirigida) - Kayaking Montrebei\",\"isPartOf\":{\"@id\":\"https:\/\/www.kmr.es\/ca\/#website\"},\"primaryImageOfPage\":{\"@id\":\"https:\/\/www.kmr.es\/ca\/activitats\/finestres-dirigida\/#primaryimage\"},\"image\":{\"@id\":\"https:\/\/www.kmr.es\/ca\/activitats\/finestres-dirigida\/#primaryimage\"},\"thumbnailUrl\":\"https:\/\/www.kmr.es\/wp-content\/uploads\/2021\/05\/IMG-00.jpg\",\"datePublished\":\"2021-05-13T09:07:06+00:00\",\"dateModified\":\"2025-04-16T06:12:40+00:00\",\"description\":\"Finestres: Muralla o Les Dents de Canelles; \u00e9s una meravella geol\u00f2gica que gaudir\u00e0s amb Kayaking Mont Rebei.\",\"breadcrumb\":{\"@id\":\"https:\/\/www.kmr.es\/ca\/activitats\/finestres-dirigida\/#breadcrumb\"},\"inLanguage\":\"ca\",\"potentialAction\":[{\"@type\":\"ReadAction\",\"target\":[\"https:\/\/www.kmr.es\/ca\/activitats\/finestres-dirigida\/\"]}]},{\"@type\":\"ImageObject\",\"inLanguage\":\"ca\",\"@id\":\"https:\/\/www.kmr.es\/ca\/activitats\/finestres-dirigida\/#primaryimage\",\"url\":\"https:\/\/www.kmr.es\/wp-content\/uploads\/2021\/05\/IMG-00.jpg\",\"contentUrl\":\"https:\/\/www.kmr.es\/wp-content\/uploads\/2021\/05\/IMG-00.jpg\",\"width\":2300,\"height\":1868},{\"@type\":\"BreadcrumbList\",\"@id\":\"https:\/\/www.kmr.es\/ca\/activitats\/finestres-dirigida\/#breadcrumb\",\"itemListElement\":[{\"@type\":\"ListItem\",\"position\":1,\"name\":\"Home\",\"item\":\"https:\/\/www.kmr.es\/ca\/\"},{\"@type\":\"ListItem\",\"position\":2,\"name\":\"Activitats\",\"item\":\"https:\/\/www.kmr.es\/ca\/activitat-lloguer-caiac-mont-rebei-finestres\/\"},{\"@type\":\"ListItem\",\"position\":3,\"name\":\"Finestres (dirigida)\"}]},{\"@type\":\"WebSite\",\"@id\":\"https:\/\/www.kmr.es\/ca\/#website\",\"url\":\"https:\/\/www.kmr.es\/ca\/\",\"name\":\"Kayaking Montrebei\",\"description\":\"Kayaks en el congosto de Mont Rebei\",\"publisher\":{\"@id\":\"https:\/\/www.kmr.es\/ca\/#organization\"},\"potentialAction\":[{\"@type\":\"SearchAction\",\"target\":{\"@type\":\"EntryPoint\",\"urlTemplate\":\"https:\/\/www.kmr.es\/ca\/?s={search_term_string}\"},\"query-input\":{\"@type\":\"PropertyValueSpecification\",\"valueRequired\":true,\"valueName\":\"search_term_string\"}}],\"inLanguage\":\"ca\"},{\"@type\":\"Organization\",\"@id\":\"https:\/\/www.kmr.es\/ca\/#organization\",\"name\":\"Kayaking Mont Rebei\",\"url\":\"https:\/\/www.kmr.es\/ca\/\",\"logo\":{\"@type\":\"ImageObject\",\"inLanguage\":\"ca\",\"@id\":\"https:\/\/www.kmr.es\/ca\/#\/schema\/logo\/image\/\",\"url\":\"https:\/\/www.kmr.es\/wp-content\/uploads\/2019\/12\/logo_kmr_pos@2x.png\",\"contentUrl\":\"https:\/\/www.kmr.es\/wp-content\/uploads\/2019\/12\/logo_kmr_pos@2x.png\",\"width\":375,\"height\":79,\"caption\":\"Kayaking Mont Rebei\"},\"image\":{\"@id\":\"https:\/\/www.kmr.es\/ca\/#\/schema\/logo\/image\/\"},\"sameAs\":[\"https:\/\/www.facebook.com\/kayakingmontrebei\/\",\"https:\/\/www.instagram.com\/kayakingmontrebei\/?hl=es\"]}]}<\/script>\n<!-- \/ Yoast SEO plugin. -->","yoast_head_json":{"title":"Finestres (dirigida) - Kayaking Montrebei","description":"Finestres: Muralla o Les Dents de Canelles; \u00e9s una meravella geol\u00f2gica que gaudir\u00e0s amb Kayaking Mont Rebei.","robots":{"index":"index","follow":"follow","max-snippet":"max-snippet:-1","max-image-preview":"max-image-preview:large","max-video-preview":"max-video-preview:-1"},"canonical":"https:\/\/www.kmr.es\/ca\/activitats\/finestres-dirigida\/","og_locale":"ca_ES","og_type":"article","og_title":"Finestres (dirigida) - Kayaking Montrebei","og_description":"Finestres: Muralla o Les Dents de Canelles; \u00e9s una meravella geol\u00f2gica que gaudir\u00e0s amb Kayaking Mont Rebei.","og_url":"https:\/\/www.kmr.es\/ca\/activitats\/finestres-dirigida\/","og_site_name":"Kayaking Montrebei","article_publisher":"https:\/\/www.facebook.com\/kayakingmontrebei\/","article_modified_time":"2025-04-16T06:12:40+00:00","og_image":[{"width":2300,"height":1868,"url":"https:\/\/www.kmr.es\/wp-content\/uploads\/2021\/05\/IMG-00.jpg","type":"image\/jpeg"}],"twitter_card":"summary_large_image","schema":{"@context":"https:\/\/schema.org","@graph":[{"@type":"WebPage","@id":"https:\/\/www.kmr.es\/ca\/activitats\/finestres-dirigida\/","url":"https:\/\/www.kmr.es\/ca\/activitats\/finestres-dirigida\/","name":"Finestres (dirigida) - Kayaking Montrebei","isPartOf":{"@id":"https:\/\/www.kmr.es\/ca\/#website"},"primaryImageOfPage":{"@id":"https:\/\/www.kmr.es\/ca\/activitats\/finestres-dirigida\/#primaryimage"},"image":{"@id":"https:\/\/www.kmr.es\/ca\/activitats\/finestres-dirigida\/#primaryimage"},"thumbnailUrl":"https:\/\/www.kmr.es\/wp-content\/uploads\/2021\/05\/IMG-00.jpg","datePublished":"2021-05-13T09:07:06+00:00","dateModified":"2025-04-16T06:12:40+00:00","description":"Finestres: Muralla o Les Dents de Canelles; \u00e9s una meravella geol\u00f2gica que gaudir\u00e0s amb Kayaking Mont Rebei.","breadcrumb":{"@id":"https:\/\/www.kmr.es\/ca\/activitats\/finestres-dirigida\/#breadcrumb"},"inLanguage":"ca","potentialAction":[{"@type":"ReadAction","target":["https:\/\/www.kmr.es\/ca\/activitats\/finestres-dirigida\/"]}]},{"@type":"ImageObject","inLanguage":"ca","@id":"https:\/\/www.kmr.es\/ca\/activitats\/finestres-dirigida\/#primaryimage","url":"https:\/\/www.kmr.es\/wp-content\/uploads\/2021\/05\/IMG-00.jpg","contentUrl":"https:\/\/www.kmr.es\/wp-content\/uploads\/2021\/05\/IMG-00.jpg","width":2300,"height":1868},{"@type":"BreadcrumbList","@id":"https:\/\/www.kmr.es\/ca\/activitats\/finestres-dirigida\/#breadcrumb","itemListElement":[{"@type":"ListItem","position":1,"name":"Home","item":"https:\/\/www.kmr.es\/ca\/"},{"@type":"ListItem","position":2,"name":"Activitats","item":"https:\/\/www.kmr.es\/ca\/activitat-lloguer-caiac-mont-rebei-finestres\/"},{"@type":"ListItem","position":3,"name":"Finestres (dirigida)"}]},{"@type":"WebSite","@id":"https:\/\/www.kmr.es\/ca\/#website","url":"https:\/\/www.kmr.es\/ca\/","name":"Kayaking Montrebei","description":"Kayaks en el congosto de Mont Rebei","publisher":{"@id":"https:\/\/www.kmr.es\/ca\/#organization"},"potentialAction":[{"@type":"SearchAction","target":{"@type":"EntryPoint","urlTemplate":"https:\/\/www.kmr.es\/ca\/?s={search_term_string}"},"query-input":{"@type":"PropertyValueSpecification","valueRequired":true,"valueName":"search_term_string"}}],"inLanguage":"ca"},{"@type":"Organization","@id":"https:\/\/www.kmr.es\/ca\/#organization","name":"Kayaking Mont Rebei","url":"https:\/\/www.kmr.es\/ca\/","logo":{"@type":"ImageObject","inLanguage":"ca","@id":"https:\/\/www.kmr.es\/ca\/#\/schema\/logo\/image\/","url":"https:\/\/www.kmr.es\/wp-content\/uploads\/2019\/12\/logo_kmr_pos@2x.png","contentUrl":"https:\/\/www.kmr.es\/wp-content\/uploads\/2019\/12\/logo_kmr_pos@2x.png","width":375,"height":79,"caption":"Kayaking Mont Rebei"},"image":{"@id":"https:\/\/www.kmr.es\/ca\/#\/schema\/logo\/image\/"},"sameAs":["https:\/\/www.facebook.com\/kayakingmontrebei\/","https:\/\/www.instagram.com\/kayakingmontrebei\/?hl=es"]}]}},"_links":{"self":[{"href":"https:\/\/www.kmr.es\/ca\/wp-json\/wp\/v2\/product\/9848","targetHints":{"allow":["GET"]}}],"collection":[{"href":"https:\/\/www.kmr.es\/ca\/wp-json\/wp\/v2\/product"}],"about":[{"href":"https:\/\/www.kmr.es\/ca\/wp-json\/wp\/v2\/types\/product"}],"version-history":[{"count":0,"href":"https:\/\/www.kmr.es\/ca\/wp-json\/wp\/v2\/product\/9848\/revisions"}],"wp:featuredmedia":[{"embeddable":true,"href":"https:\/\/www.kmr.es\/ca\/wp-json\/wp\/v2\/media\/21578"}],"wp:attachment":[{"href":"https:\/\/www.kmr.es\/ca\/wp-json\/wp\/v2\/media?parent=9848"}],"wp:term":[{"taxonomy":"product_brand","embeddable":true,"href":"https:\/\/www.kmr.es\/ca\/wp-json\/wp\/v2\/product_brand?post=9848"},{"taxonomy":"product_cat","embeddable":true,"href":"https:\/\/www.kmr.es\/ca\/wp-json\/wp\/v2\/product_cat?post=9848"},{"taxonomy":"product_tag","embeddable":true,"href":"https:\/\/www.kmr.es\/ca\/wp-json\/wp\/v2\/product_tag?post=9848"}],"curies":[{"name":"wp","href":"https:\/\/api.w.org\/{rel}","templated":true}]}}